{"id":97376,"date":"2025-12-05T16:24:45","date_gmt":"2025-12-05T13:24:45","guid":{"rendered":"https:\/\/baldumarket.lt\/product\/sophie-13-cashmere-szafka-2k1s\/"},"modified":"2026-02-03T23:53:33","modified_gmt":"2026-02-03T20:53:33","slug":"sophie-13-cashmere-szafka-2k1s","status":"publish","type":"product","link":"https:\/\/baldumarket.lt\/lt\/product\/sophie-13-cashmere-szafka-2k1s\/","title":{"rendered":"Sophie 13 ka\u0161myro &#8211; 2K1S spintel\u0117"},"content":{"rendered":"<p>\u201eSophie 13\u201c bat\u0173 spintel\u0117 sujungia auk\u0161t\u0105 funkcionalum\u0105 ir modern\u0173 dizain\u0105. Dvi durel\u0117s leid\u017eia lengvai laikyti batus net ir ank\u0161tiausiuose koridoriuose. Ma\u017eas, visi\u0161kai i\u0161traukiamas stal\u010dius puikiai tinka laikyti bat\u0173 aksesuarus ar smulkius daiktus, tokius kaip \u0161alikai ar kepur\u0117s. \u201eSophie 13\u201c \u2013 tai daugiau nei prakti\u0161kas sprendimas koridoriui. M\u016bs\u0173 baldai yra \u0161iuolaikin\u0117s elegancijos sinonimas. Ka\u0161myro dekoro detal\u0117s, frezuoti MDF fasadai, \u0161lifuoto aukso spalvos ranken\u0117l\u0117s ir diskreti\u0161kos juodos kojel\u0117s \u2013 tai visos \u201eSophie\u201c kolekcijos esm\u0117.<br \/>\n\u2022 Funkcionalus baldas su gra\u017eiu dizainu.<br \/>\n\u2022 Prakti\u0161kos durys su dujin\u0117mis amortizatoriais.<br \/>\n\u2022 Pilno i\u0161traukimo b\u0117geliai, kad b\u016bt\u0173 lengva pasiekti stal\u010diuje esan\u010dius daiktus.<br \/>\n\u2022 Auk\u0161tos metalin\u0117s kojel\u0117s palengvina valym\u0105 ir suteikia netrukdom\u0105 prieig\u0105 dulki\u0173 siurbliui.<\/p>","protected":false},"excerpt":{"rendered":"<p>The Sophie 13 shoe cabinet combines high functionality with modern design. Two doors allow for easy storage of shoes, even in the tightest of hallways. The small, full-extension drawer is perfect for storing shoe accessories or small items like scarves or hats. Sophie 13 is more than just a practical solution for the hallway. Our [&hellip;]<\/p>","protected":false},"featured_media":97377,"comment_status":"open","ping_status":"open","template":"","meta":[],"product_brand":[],"product_cat":[9240,9120,2255],"product_tag":[],"class_list":{"0":"post-97376","1":"product","2":"type-product","3":"status-publish","4":"has-post-thumbnail","6":"product_cat-furniture-system-sophie-ml-meble","7":"product_cat-cabinets","8":"product_cat-ml-meble","10":"first","11":"instock","12":"purchasable","13":"product-type-simple"},"_links":{"self":[{"href":"https:\/\/baldumarket.lt\/lt\/wp-json\/wp\/v2\/product\/97376","targetHints":{"allow":["GET"]}}],"collection":[{"href":"https:\/\/baldumarket.lt\/lt\/wp-json\/wp\/v2\/product"}],"about":[{"href":"https:\/\/baldumarket.lt\/lt\/wp-json\/wp\/v2\/types\/product"}],"replies":[{"embeddable":true,"href":"https:\/\/baldumarket.lt\/lt\/wp-json\/wp\/v2\/comments?post=97376"}],"wp:featuredmedia":[{"embeddable":true,"href":"https:\/\/baldumarket.lt\/lt\/wp-json\/wp\/v2\/media\/97377"}],"wp:attachment":[{"href":"https:\/\/baldumarket.lt\/lt\/wp-json\/wp\/v2\/media?parent=97376"}],"wp:term":[{"taxonomy":"product_brand","embeddable":true,"href":"https:\/\/baldumarket.lt\/lt\/wp-json\/wp\/v2\/product_brand?post=97376"},{"taxonomy":"product_cat","embeddable":true,"href":"https:\/\/baldumarket.lt\/lt\/wp-json\/wp\/v2\/product_cat?post=97376"},{"taxonomy":"product_tag","embeddable":true,"href":"https:\/\/baldumarket.lt\/lt\/wp-json\/wp\/v2\/product_tag?post=97376"}],"curies":[{"name":"wp","href":"https:\/\/api.w.org\/{rel}","templated":true}]}}