{"id":97368,"date":"2025-12-05T16:24:38","date_gmt":"2025-12-05T13:24:38","guid":{"rendered":"https:\/\/baldumarket.lt\/product\/clearing-07-bialy-alpejski-szafka-wiszaca-rtv-3k\/"},"modified":"2026-04-07T13:56:17","modified_gmt":"2026-04-07T10:56:17","slug":"clearing-07-bialy-alpejski-szafka-wiszaca-rtv-3k","status":"publish","type":"product","link":"https:\/\/baldumarket.lt\/lt\/product\/clearing-07-bialy-alpejski-szafka-wiszaca-rtv-3k\/","title":{"rendered":"\u201eClearing 07 Alpine White\u201c \u2013 prie sienos pakabinama 3K televizoriaus spintel\u0117"},"content":{"rendered":"<p>Prie sienos tvirtinama televizoriaus spintel\u0117 \u201eClearing 07\u201c \u2013 puikus sprendimas dokumentams, elektronikai ar m\u0117gstamai DVD kolekcijai laikyti. Trys erdvios ni\u0161os leid\u017eia susitvarkyti \u012fvairius nam\u0173 apyvokos daiktus. Platus stalvir\u0161is \u2013 puiki vieta garso juostai ar dekoderiui. Be funkcionalumo, pagrindinis \u201eClearing\u201c kolekcijos privalumas yra jos dizainas. Paprasti, balti fasadai, pagaminti i\u0161 itin patvarios MDF plok\u0161t\u0117s, pary\u0161kinti unikaliais frezavimais. Minimalistin\u0117 forma su \u012fdomiu akcentu sukuria modern\u0173 dizain\u0105 \u0161iuolaiki\u0161kai svetainei ar miegamajam.<br \/>\n\u2022 Patogus atidarymas d\u0117ka dujomis valdom\u0173 atvart\u0173.<br \/>\n\u2022 Tu\u0161\u010dia erdv\u0117 po spintele palengvina valym\u0105 ir suteikia netrukdom\u0105 prieig\u0105 prie dulki\u0173 siurblio.<br \/>\n\u2022 \u0160iek tiek i\u0161siki\u0161\u0119 fasadai \u2013 vir\u0161 vir\u0161aus \u2013 leid\u017eia lengvai atidaryti duris be ranken\u0117li\u0173.<br \/>\n\u2022 Tur\u0117dami plat\u0173 \u201eClearing\u201c bald\u0173 pasirinkim\u0105, galite lengvai apstatyti savo svetain\u0119 ar miegam\u0105j\u012f.<\/p>","protected":false},"excerpt":{"rendered":"<p>The Clearing 07 wall-mounted TV cabinet is a perfect solution for storing documents, electronics, or your favorite DVD collection. Three spacious niches allow you to organize a variety of household items. The wide top is the perfect place for a soundbar or decoder. Besides functionality, the main advantage of the Clearing collection is its design. [&hellip;]<\/p>","protected":false},"featured_media":97369,"comment_status":"open","ping_status":"open","template":"","meta":[],"product_brand":[],"product_cat":[2255,9228,1175],"product_tag":[],"class_list":{"0":"post-97368","1":"product","2":"type-product","3":"status-publish","4":"has-post-thumbnail","6":"product_cat-ml-meble","7":"product_cat-furniture-system-clearing-ml-meble","8":"product_cat-tv-stands","10":"first","11":"instock","12":"purchasable","13":"product-type-simple"},"_links":{"self":[{"href":"https:\/\/baldumarket.lt\/lt\/wp-json\/wp\/v2\/product\/97368","targetHints":{"allow":["GET"]}}],"collection":[{"href":"https:\/\/baldumarket.lt\/lt\/wp-json\/wp\/v2\/product"}],"about":[{"href":"https:\/\/baldumarket.lt\/lt\/wp-json\/wp\/v2\/types\/product"}],"replies":[{"embeddable":true,"href":"https:\/\/baldumarket.lt\/lt\/wp-json\/wp\/v2\/comments?post=97368"}],"wp:featuredmedia":[{"embeddable":true,"href":"https:\/\/baldumarket.lt\/lt\/wp-json\/wp\/v2\/media\/97369"}],"wp:attachment":[{"href":"https:\/\/baldumarket.lt\/lt\/wp-json\/wp\/v2\/media?parent=97368"}],"wp:term":[{"taxonomy":"product_brand","embeddable":true,"href":"https:\/\/baldumarket.lt\/lt\/wp-json\/wp\/v2\/product_brand?post=97368"},{"taxonomy":"product_cat","embeddable":true,"href":"https:\/\/baldumarket.lt\/lt\/wp-json\/wp\/v2\/product_cat?post=97368"},{"taxonomy":"product_tag","embeddable":true,"href":"https:\/\/baldumarket.lt\/lt\/wp-json\/wp\/v2\/product_tag?post=97368"}],"curies":[{"name":"wp","href":"https:\/\/api.w.org\/{rel}","templated":true}]}}