{"id":97356,"date":"2025-12-05T16:24:26","date_gmt":"2025-12-05T13:24:26","guid":{"rendered":"https:\/\/baldumarket.lt\/product\/torino-09-bialy-alpejski-castello-miodowy-grafit-mat-szafka-nocna\/"},"modified":"2026-02-03T23:53:33","modified_gmt":"2026-02-03T20:53:33","slug":"torino-09-bialy-alpejski-castello-miodowy-grafit-mat-szafka-nocna","status":"publish","type":"product","link":"https:\/\/baldumarket.lt\/lt\/product\/torino-09-bialy-alpejski-castello-miodowy-grafit-mat-szafka-nocna\/","title":{"rendered":"Torino 09 Alpi\u0173 balta\/Castello medaus\/matinis grafitas \u2013 Naktinis staliukas"},"content":{"rendered":"<p>\u201eTorino 09\u201c naktinis staliukas \u2013 tai baldas, kuris praturtins erdv\u0119 aplink j\u016bs\u0173 lov\u0105. Tinkamo auk\u0161\u010dio stalvir\u0161is leid\u017eia patogiai pasid\u0117ti knyg\u0105 ar stiklin\u0119 vandens. Atvira lentyna suteikia lengv\u0105 ir saugi\u0105 prieig\u0105 prie daikt\u0173, o patogus viso i\u0161traukimo stal\u010dius suteikia papildomos vietos daiktams susid\u0117ti. \u201eTorino 09\u201c naktinis staliukas taip pat gali b\u016bti naudojamas kaip \u0161oninis staliukas, pavyzd\u017eiui, \u0161alia ra\u0161omojo stalo. Jis puikiai tinka kaip papildomas stalvir\u0161is mokyklin\u0117ms priemon\u0117ms laikyti arba kaip vieta spausdintuvui. Be praktini\u0173 savybi\u0173, \u201eTorino\u201c ra\u0161omasis stalas taip pat yra madingas ir modernus interjero dizaino elementas.<br \/>\n\u2022 Modernus dizainas.<br \/>\n\u2022 Grioveliais i\u0161klotas MDF \u012fd\u0117klas.<br \/>\n\u2022 Didelis funkcionalumas.<br \/>\n\u2022 Ergonomi\u0161kos rankenos.<br \/>\n\u2022 Pilno i\u0161traukimo stal\u010diai.<br \/>\n\u2022 Platus stili\u0173 pasirinkimas visoje \u201eTorino\u201c kolekcijoje.<\/p>","protected":false},"excerpt":{"rendered":"<p>\u201eTorino 09\u201c naktinis staliukas \u2013 tai baldas, kuris praturtins erdv\u0119 aplink j\u016bs\u0173 lov\u0105. Tinkamo auk\u0161\u010dio stalvir\u0161is leid\u017eia patogiai pasid\u0117ti knyg\u0105 ar stiklin\u0119 vandens. Atvira lentyna suteikia lengv\u0105 ir saugi\u0105 prieig\u0105 prie daikt\u0173, o patogus pilnai i\u0161traukiamas stal\u010dius suteikia papildomos vietos daiktams susid\u0117ti. [\u2026]<\/p>","protected":false},"featured_media":97357,"comment_status":"open","ping_status":"open","template":"","meta":[],"product_brand":[],"product_cat":[9236,1176,2255],"product_tag":[],"class_list":{"0":"post-97356","1":"product","2":"type-product","3":"status-publish","4":"has-post-thumbnail","6":"product_cat-furniture-system-torino-ml-meble","7":"product_cat-bedside-tables","8":"product_cat-ml-meble","10":"first","11":"instock","12":"purchasable","13":"product-type-simple"},"_links":{"self":[{"href":"https:\/\/baldumarket.lt\/lt\/wp-json\/wp\/v2\/product\/97356","targetHints":{"allow":["GET"]}}],"collection":[{"href":"https:\/\/baldumarket.lt\/lt\/wp-json\/wp\/v2\/product"}],"about":[{"href":"https:\/\/baldumarket.lt\/lt\/wp-json\/wp\/v2\/types\/product"}],"replies":[{"embeddable":true,"href":"https:\/\/baldumarket.lt\/lt\/wp-json\/wp\/v2\/comments?post=97356"}],"wp:featuredmedia":[{"embeddable":true,"href":"https:\/\/baldumarket.lt\/lt\/wp-json\/wp\/v2\/media\/97357"}],"wp:attachment":[{"href":"https:\/\/baldumarket.lt\/lt\/wp-json\/wp\/v2\/media?parent=97356"}],"wp:term":[{"taxonomy":"product_brand","embeddable":true,"href":"https:\/\/baldumarket.lt\/lt\/wp-json\/wp\/v2\/product_brand?post=97356"},{"taxonomy":"product_cat","embeddable":true,"href":"https:\/\/baldumarket.lt\/lt\/wp-json\/wp\/v2\/product_cat?post=97356"},{"taxonomy":"product_tag","embeddable":true,"href":"https:\/\/baldumarket.lt\/lt\/wp-json\/wp\/v2\/product_tag?post=97356"}],"curies":[{"name":"wp","href":"https:\/\/api.w.org\/{rel}","templated":true}]}}