{"id":97348,"date":"2025-12-05T16:24:19","date_gmt":"2025-12-05T13:24:19","guid":{"rendered":"https:\/\/baldumarket.lt\/product\/torino-08-bialy-alpejski-castello-miodowy-grafit-mat-biurko\/"},"modified":"2026-02-03T23:53:33","modified_gmt":"2026-02-03T20:53:33","slug":"torino-08-bialy-alpejski-castello-miodowy-grafit-mat-biurko","status":"publish","type":"product","link":"https:\/\/baldumarket.lt\/lt\/product\/torino-08-bialy-alpejski-castello-miodowy-grafit-mat-biurko\/","title":{"rendered":"Torino 08 Alpi\u0173 balta\/Castello medaus\/matinis grafitas \u2013 Ra\u0161omasis stalas"},"content":{"rendered":"<p>\u201eTorino 08\u201c ra\u0161omasis stalas yra b\u016btinas baldas kiekvieno paauglio kambaryje. Platus stalvir\u0161is leid\u017eia patogiai ruo\u0161ti nam\u0173 darbus, efektyviai mokytis ir suteikia erdv\u0117s savo pom\u0117giams \u012fgyvendinti. Spintel\u0117 turi patog\u0173 pilno i\u0161traukimo stal\u010di\u0173, tod\u0117l lengva pasiekti mokyklines priemones. Po stal\u010diumi yra du erdv\u016bs skyriai, pasl\u0117pti u\u017e patogi\u0173 durel\u0117mis. \u0160ie skyriai puikiai tinka knygoms ir kitoms mokyklin\u0117ms priemon\u0117ms laikyti. Be praktini\u0173 savybi\u0173, \u201eTorino\u201c ra\u0161omasis stalas taip pat yra madingas ir modernus interjero dizaino elementas.<br \/>\n\u2022 Modernus dizainas.<br \/>\n\u2022 Grioveliais i\u0161klotas MDF \u012fd\u0117klas.<br \/>\n\u2022 Didelis funkcionalumas.<br \/>\n\u2022 Ergonomi\u0161kos rankenos.<br \/>\n\u2022 Pilno i\u0161traukimo stal\u010diai.<br \/>\n\u2022 \u0160velnaus u\u017edarymo sistema.<br \/>\n\u2022 Platus visos \u201eTorino\u201c kolekcijos \u012frengini\u0173 asortimentas.<\/p>","protected":false},"excerpt":{"rendered":"<p>\u201eTorino 08\u201c ra\u0161omasis stalas yra b\u016btinas baldas kiekvieno paauglio kambaryje. Platus stalvir\u0161is leid\u017eia patogiai ruo\u0161ti nam\u0173 darbus, efektyviai mokytis ir suteikia erdv\u0117s savo pom\u0117giams \u012fgyvendinti. Spintel\u0117 turi patog\u0173 pilno i\u0161traukimo stal\u010di\u0173, tod\u0117l lengva pasiekti mokyklines priemones. Po stal\u010diumi yra du erdv\u016bs skyriai, pasl\u0117pti u\u017e patogi\u0173 durel\u0117mis. [\u2026]<\/p>","protected":false},"featured_media":97349,"comment_status":"open","ping_status":"open","template":"","meta":[],"product_brand":[],"product_cat":[9236,1312,2255],"product_tag":[],"class_list":{"0":"post-97348","1":"product","2":"type-product","3":"status-publish","4":"has-post-thumbnail","6":"product_cat-furniture-system-torino-ml-meble","7":"product_cat-desks","8":"product_cat-ml-meble","10":"first","11":"instock","12":"purchasable","13":"product-type-simple"},"_links":{"self":[{"href":"https:\/\/baldumarket.lt\/lt\/wp-json\/wp\/v2\/product\/97348","targetHints":{"allow":["GET"]}}],"collection":[{"href":"https:\/\/baldumarket.lt\/lt\/wp-json\/wp\/v2\/product"}],"about":[{"href":"https:\/\/baldumarket.lt\/lt\/wp-json\/wp\/v2\/types\/product"}],"replies":[{"embeddable":true,"href":"https:\/\/baldumarket.lt\/lt\/wp-json\/wp\/v2\/comments?post=97348"}],"wp:featuredmedia":[{"embeddable":true,"href":"https:\/\/baldumarket.lt\/lt\/wp-json\/wp\/v2\/media\/97349"}],"wp:attachment":[{"href":"https:\/\/baldumarket.lt\/lt\/wp-json\/wp\/v2\/media?parent=97348"}],"wp:term":[{"taxonomy":"product_brand","embeddable":true,"href":"https:\/\/baldumarket.lt\/lt\/wp-json\/wp\/v2\/product_brand?post=97348"},{"taxonomy":"product_cat","embeddable":true,"href":"https:\/\/baldumarket.lt\/lt\/wp-json\/wp\/v2\/product_cat?post=97348"},{"taxonomy":"product_tag","embeddable":true,"href":"https:\/\/baldumarket.lt\/lt\/wp-json\/wp\/v2\/product_tag?post=97348"}],"curies":[{"name":"wp","href":"https:\/\/api.w.org\/{rel}","templated":true}]}}