{"id":97340,"date":"2025-12-05T16:24:11","date_gmt":"2025-12-05T13:24:11","guid":{"rendered":"https:\/\/baldumarket.lt\/product\/torino-07-bialy-alpejski-castello-miodowy-grafit-mat-komoda\/"},"modified":"2026-02-03T23:53:33","modified_gmt":"2026-02-03T20:53:33","slug":"torino-07-bialy-alpejski-castello-miodowy-grafit-mat-komoda","status":"publish","type":"product","link":"https:\/\/baldumarket.lt\/lt\/product\/torino-07-bialy-alpejski-castello-miodowy-grafit-mat-komoda\/","title":{"rendered":"Torino 07 Alpi\u0173 balta\/Castello medaus\/matin\u0117 grafito &#8211; Komoda"},"content":{"rendered":"<p>Komoda \u201eTorino 06\u201c suteikia daug vietos daiktams susid\u0117ti ir leid\u017eia eksponuoti m\u0117gstamiausius daiktus. Joje yra keturi plat\u016bs ir erdv\u016bs stal\u010diai. Viso i\u0161traukimo sistema dar labiau palengvina prieig\u0105 prie drabu\u017ei\u0173, apatini\u0173 drabu\u017ei\u0173 ir kojini\u0173. Platus stalvir\u0161is, kurio optimalus auk\u0161tis \u2013 86 cm, leid\u017eia kasdien m\u0117gautis m\u0117gstam\u0173 \u012ftais\u0173 vaizdu. Ant jo galite eksponuoti nuotrauk\u0173 r\u0117melius, fig\u016br\u0117li\u0173 kolekcij\u0105 ar atostog\u0173 suvenyrus. Optimalus komodos dydis leid\u017eia lengvai palaikyti tvark\u0105 net ir ma\u017eoje erdv\u0117je. Be praktini\u0173 savybi\u0173, \u201eTorino\u201c komoda taip pat yra madingas ir modernus interjero dizaino elementas.<br \/>\n\u2022 Modernus dizainas.<br \/>\n\u2022 Grioveliais i\u0161klotas MDF \u012fd\u0117klas.<br \/>\n\u2022 Didelis funkcionalumas.<br \/>\n\u2022 Ergonomi\u0161kos rankenos.<br \/>\n\u2022 Pilno i\u0161traukimo stal\u010diai su papildomai sutvirtintu dugnu.<br \/>\n\u2022 \u0160velnaus u\u017edarymo sistema.<br \/>\n\u2022 Platus stili\u0173 pasirinkimas visoje \u201eTorino\u201c kolekcijoje.<\/p>","protected":false},"excerpt":{"rendered":"<p>The Torino 06 chest of drawers provides ample storage space and allows you to display your favorite items. It features four wide and spacious drawers. The full-extension system makes access to clothes, underwear, and socks even easier. The wide top, set at an optimal height of 86 cm, allows you to enjoy the view of [&hellip;]<\/p>","protected":false},"featured_media":97341,"comment_status":"open","ping_status":"open","template":"","meta":[],"product_brand":[],"product_cat":[9236,1173,2255],"product_tag":[],"class_list":{"0":"post-97340","1":"product","2":"type-product","3":"status-publish","4":"has-post-thumbnail","6":"product_cat-furniture-system-torino-ml-meble","7":"product_cat-chests-of-drawers","8":"product_cat-ml-meble","10":"first","11":"instock","12":"purchasable","13":"product-type-simple"},"_links":{"self":[{"href":"https:\/\/baldumarket.lt\/lt\/wp-json\/wp\/v2\/product\/97340","targetHints":{"allow":["GET"]}}],"collection":[{"href":"https:\/\/baldumarket.lt\/lt\/wp-json\/wp\/v2\/product"}],"about":[{"href":"https:\/\/baldumarket.lt\/lt\/wp-json\/wp\/v2\/types\/product"}],"replies":[{"embeddable":true,"href":"https:\/\/baldumarket.lt\/lt\/wp-json\/wp\/v2\/comments?post=97340"}],"wp:featuredmedia":[{"embeddable":true,"href":"https:\/\/baldumarket.lt\/lt\/wp-json\/wp\/v2\/media\/97341"}],"wp:attachment":[{"href":"https:\/\/baldumarket.lt\/lt\/wp-json\/wp\/v2\/media?parent=97340"}],"wp:term":[{"taxonomy":"product_brand","embeddable":true,"href":"https:\/\/baldumarket.lt\/lt\/wp-json\/wp\/v2\/product_brand?post=97340"},{"taxonomy":"product_cat","embeddable":true,"href":"https:\/\/baldumarket.lt\/lt\/wp-json\/wp\/v2\/product_cat?post=97340"},{"taxonomy":"product_tag","embeddable":true,"href":"https:\/\/baldumarket.lt\/lt\/wp-json\/wp\/v2\/product_tag?post=97340"}],"curies":[{"name":"wp","href":"https:\/\/api.w.org\/{rel}","templated":true}]}}