{"id":97338,"date":"2025-12-05T16:24:07","date_gmt":"2025-12-05T13:24:07","guid":{"rendered":"https:\/\/baldumarket.lt\/product\/sophie-11-cashmere-lustro\/"},"modified":"2026-02-03T23:53:34","modified_gmt":"2026-02-03T20:53:34","slug":"sophie-11-cashmere-lustro","status":"publish","type":"product","link":"https:\/\/baldumarket.lt\/lt\/product\/sophie-11-cashmere-lustro\/","title":{"rendered":"Sophie 11 ka\u0161myro veidrodis"},"content":{"rendered":"<p>\u201eSophie 11\u201c veidrodis \u2013 tai kolekcijos elementas, kuris puikiai dera su \u201eSophie 08\u201c tualetiniu staliuku. \u0160is derinys puikiai tiks bet kuriame \u0161iuolaiki\u0161kame miegamajame. Frezuotos MDF juostel\u0117s veidrod\u017eio \u0161onuose pabr\u0117\u017eia jo elegancij\u0105 ir stili\u0173. Ka\u0161myro apdaila yra visos \u201eSophie\u201c kolekcijos esm\u0117.<br \/>\n\u2022 Funkcionalus baldas su gra\u017eiu dizainu.<br \/>\n\u2022 Puikiai dera su \u201eSophie 08\u201c tualetiniu staliuku.<\/p>","protected":false},"excerpt":{"rendered":"<p>\u201eSophie 11\u201c veidrodis \u2013 tai kolekcijos elementas, kuris puikiai papildo ir dera su \u201eSophie 08\u201c tualetiniu staliuku. \u0160is derinys puikiai tiks bet kuriame \u0161iuolaiki\u0161kame miegamajame. Frezuotos MDF juostel\u0117s veidrod\u017eio \u0161onuose pabr\u0117\u017eia jo elegancij\u0105 ir stili\u0173. Ka\u0161myro apdaila \u2013 tai veidrod\u017eio esm\u0117 [\u2026]<\/p>","protected":false},"featured_media":97339,"comment_status":"open","ping_status":"open","template":"","meta":[],"product_brand":[],"product_cat":[9240,1108,2255],"product_tag":[],"class_list":{"0":"post-97338","1":"product","2":"type-product","3":"status-publish","4":"has-post-thumbnail","6":"product_cat-furniture-system-sophie-ml-meble","7":"product_cat-mirrors","8":"product_cat-ml-meble","10":"first","11":"instock","12":"purchasable","13":"product-type-simple"},"_links":{"self":[{"href":"https:\/\/baldumarket.lt\/lt\/wp-json\/wp\/v2\/product\/97338","targetHints":{"allow":["GET"]}}],"collection":[{"href":"https:\/\/baldumarket.lt\/lt\/wp-json\/wp\/v2\/product"}],"about":[{"href":"https:\/\/baldumarket.lt\/lt\/wp-json\/wp\/v2\/types\/product"}],"replies":[{"embeddable":true,"href":"https:\/\/baldumarket.lt\/lt\/wp-json\/wp\/v2\/comments?post=97338"}],"wp:featuredmedia":[{"embeddable":true,"href":"https:\/\/baldumarket.lt\/lt\/wp-json\/wp\/v2\/media\/97339"}],"wp:attachment":[{"href":"https:\/\/baldumarket.lt\/lt\/wp-json\/wp\/v2\/media?parent=97338"}],"wp:term":[{"taxonomy":"product_brand","embeddable":true,"href":"https:\/\/baldumarket.lt\/lt\/wp-json\/wp\/v2\/product_brand?post=97338"},{"taxonomy":"product_cat","embeddable":true,"href":"https:\/\/baldumarket.lt\/lt\/wp-json\/wp\/v2\/product_cat?post=97338"},{"taxonomy":"product_tag","embeddable":true,"href":"https:\/\/baldumarket.lt\/lt\/wp-json\/wp\/v2\/product_tag?post=97338"}],"curies":[{"name":"wp","href":"https:\/\/api.w.org\/{rel}","templated":true}]}}