{"id":97334,"date":"2025-12-05T16:24:03","date_gmt":"2025-12-05T13:24:03","guid":{"rendered":"https:\/\/baldumarket.lt\/product\/colt-11-dab-craft-zloty-czarny-polka\/"},"modified":"2026-04-07T13:46:35","modified_gmt":"2026-04-07T10:46:35","slug":"colt-11-dab-craft-zloty-czarny-polka","status":"publish","type":"product","link":"https:\/\/baldumarket.lt\/lt\/product\/colt-11-dab-craft-zloty-czarny-polka\/","title":{"rendered":"Colt 11 Craft \u0105\u017euolo aukso\/juodos spalvos lentyna"},"content":{"rendered":"<p>Pakabinama lentyna \u201eColt 11\u201c \u2013 puikus b\u016bdas eksponuoti m\u0117gstamiausius daiktus. Ant jos galite laikyti nuotrauk\u0173 r\u0117melius, atostog\u0173 suvenyrus ar knygas. Baldo dizainas ir dinami\u0161kas dekoro element\u0173 \u2013 \u0161iltos \u201eCraft Oak\u201c ir ry\u0161kios juodos \u2013 derinys pabr\u0117\u0161 individual\u0173 jaun\u0173 \u017emoni\u0173 stili\u0173 ir charakter\u012f.<br \/>\n\u2022 Modernus dizainas.<br \/>\n\u2022 Labai funkcionalus.<br \/>\n\u2022 Platus form\u0173 pasirinkimas visoje \u201eColt\u201c kolekcijoje.<\/p>","protected":false},"excerpt":{"rendered":"<p>The Colt 11 hanging shelf is a perfect way to display your favorite items. You can display photo frames, vacation souvenirs, or books on it. The furniture&#8217;s design and dynamic combination of d\u00e9cor elements \u2013 warm Craft Oak and striking black \u2013 will highlight the individual style and character of young people. \u2022 Modern design. [&hellip;]<\/p>","protected":false},"featured_media":97335,"comment_status":"open","ping_status":"open","template":"","meta":[],"product_brand":[],"product_cat":[1174,2255,9230],"product_tag":[],"class_list":{"0":"post-97334","1":"product","2":"type-product","3":"status-publish","4":"has-post-thumbnail","6":"product_cat-hanging-shelves","7":"product_cat-ml-meble","8":"product_cat-furniture-system-colf-ml-meble","10":"first","11":"instock","12":"purchasable","13":"product-type-simple"},"_links":{"self":[{"href":"https:\/\/baldumarket.lt\/lt\/wp-json\/wp\/v2\/product\/97334","targetHints":{"allow":["GET"]}}],"collection":[{"href":"https:\/\/baldumarket.lt\/lt\/wp-json\/wp\/v2\/product"}],"about":[{"href":"https:\/\/baldumarket.lt\/lt\/wp-json\/wp\/v2\/types\/product"}],"replies":[{"embeddable":true,"href":"https:\/\/baldumarket.lt\/lt\/wp-json\/wp\/v2\/comments?post=97334"}],"wp:featuredmedia":[{"embeddable":true,"href":"https:\/\/baldumarket.lt\/lt\/wp-json\/wp\/v2\/media\/97335"}],"wp:attachment":[{"href":"https:\/\/baldumarket.lt\/lt\/wp-json\/wp\/v2\/media?parent=97334"}],"wp:term":[{"taxonomy":"product_brand","embeddable":true,"href":"https:\/\/baldumarket.lt\/lt\/wp-json\/wp\/v2\/product_brand?post=97334"},{"taxonomy":"product_cat","embeddable":true,"href":"https:\/\/baldumarket.lt\/lt\/wp-json\/wp\/v2\/product_cat?post=97334"},{"taxonomy":"product_tag","embeddable":true,"href":"https:\/\/baldumarket.lt\/lt\/wp-json\/wp\/v2\/product_tag?post=97334"}],"curies":[{"name":"wp","href":"https:\/\/api.w.org\/{rel}","templated":true}]}}