{"id":97326,"date":"2025-12-05T16:23:55","date_gmt":"2025-12-05T13:23:55","guid":{"rendered":"https:\/\/baldumarket.lt\/product\/colt-08-dab-craft-zloty-czarny-stal-premium-szafka-nocna\/"},"modified":"2026-04-07T13:46:35","modified_gmt":"2026-04-07T10:46:35","slug":"colt-08-dab-craft-zloty-czarny-stal-premium-szafka-nocna","status":"publish","type":"product","link":"https:\/\/baldumarket.lt\/lt\/product\/colt-08-dab-craft-zloty-czarny-stal-premium-szafka-nocna\/","title":{"rendered":"Colt 08 Gold Craft \u0105\u017euolo\/juodo auk\u0161\u0161tinio plieno naktinis staliukas"},"content":{"rendered":"<p>\u201eColt 08\u201c naktinis staliukas \u2013 tai baldas, suteikiantis papildomos erdv\u0117s prie lovos. Tinkamo auk\u0161\u010dio stalvir\u0161is leid\u017eia patogiai pasid\u0117ti knyg\u0105 ar stiklin\u0119 vandens. Atvira lentyna suteikia lengv\u0105 ir saugi\u0105 prieig\u0105 prie daikt\u0173, o patogus viso i\u0161traukimo stal\u010dius suteikia papildomos vietos daiktams susid\u0117ti. Dizainas ir dinami\u0161kas dekoro element\u0173 derinys \u2013 \u0161iltas \u0105\u017euolas ir neapdorotas auk\u0161\u010diausios kokyb\u0117s plienas, kontrastuojantis su juoda spalva \u2013 pabr\u0117\u0161 individual\u0173 jaun\u0173 \u017emoni\u0173 stili\u0173 ir charakter\u012f. Auk\u0161tos metalin\u0117s kojel\u0117s palengvina valym\u0105.<br \/>\n\u2022 Modernus dizainas.<br \/>\n\u2022 Didelis funkcionalumas.<br \/>\n\u2022 Patogus sand\u0117liavimas.<br \/>\n\u2022 Ergonomi\u0161kos rankenos.<br \/>\n\u2022 Pilno i\u0161traukimo stal\u010diai.<br \/>\n\u2022 Platus stili\u0173 pasirinkimas visoje \u201eColt\u201c kolekcijoje.<\/p>","protected":false},"excerpt":{"rendered":"<p>\u201eColt 08\u201c naktinis staliukas \u2013 tai baldas, suteikiantis papildomos erdv\u0117s prie lovos. Tinkamo auk\u0161\u010dio stalvir\u0161is leid\u017eia patogiai pasid\u0117ti knyg\u0105 ar stiklin\u0119 vandens. Atvira lentyna suteikia lengv\u0105 ir saugi\u0105 prieig\u0105 prie daikt\u0173, o patogus pilnai i\u0161traukiamas stal\u010dius suteikia papildomos vietos daiktams susid\u0117ti. Dizainas [\u2026]<\/p>","protected":false},"featured_media":97327,"comment_status":"open","ping_status":"open","template":"","meta":[],"product_brand":[],"product_cat":[1176,2255,9230],"product_tag":[],"class_list":{"0":"post-97326","1":"product","2":"type-product","3":"status-publish","4":"has-post-thumbnail","6":"product_cat-bedside-tables","7":"product_cat-ml-meble","8":"product_cat-furniture-system-colf-ml-meble","10":"first","11":"instock","12":"purchasable","13":"product-type-simple"},"_links":{"self":[{"href":"https:\/\/baldumarket.lt\/lt\/wp-json\/wp\/v2\/product\/97326","targetHints":{"allow":["GET"]}}],"collection":[{"href":"https:\/\/baldumarket.lt\/lt\/wp-json\/wp\/v2\/product"}],"about":[{"href":"https:\/\/baldumarket.lt\/lt\/wp-json\/wp\/v2\/types\/product"}],"replies":[{"embeddable":true,"href":"https:\/\/baldumarket.lt\/lt\/wp-json\/wp\/v2\/comments?post=97326"}],"wp:featuredmedia":[{"embeddable":true,"href":"https:\/\/baldumarket.lt\/lt\/wp-json\/wp\/v2\/media\/97327"}],"wp:attachment":[{"href":"https:\/\/baldumarket.lt\/lt\/wp-json\/wp\/v2\/media?parent=97326"}],"wp:term":[{"taxonomy":"product_brand","embeddable":true,"href":"https:\/\/baldumarket.lt\/lt\/wp-json\/wp\/v2\/product_brand?post=97326"},{"taxonomy":"product_cat","embeddable":true,"href":"https:\/\/baldumarket.lt\/lt\/wp-json\/wp\/v2\/product_cat?post=97326"},{"taxonomy":"product_tag","embeddable":true,"href":"https:\/\/baldumarket.lt\/lt\/wp-json\/wp\/v2\/product_tag?post=97326"}],"curies":[{"name":"wp","href":"https:\/\/api.w.org\/{rel}","templated":true}]}}