{"id":97318,"date":"2025-12-05T16:23:46","date_gmt":"2025-12-05T13:23:46","guid":{"rendered":"https:\/\/baldumarket.lt\/product\/colt-07-dab-craft-zloty-czarny-stal-premium-biurko\/"},"modified":"2026-04-07T13:46:35","modified_gmt":"2026-04-07T10:46:35","slug":"colt-07-dab-craft-zloty-czarny-stal-premium-biurko","status":"publish","type":"product","link":"https:\/\/baldumarket.lt\/lt\/product\/colt-07-dab-craft-zloty-czarny-stal-premium-biurko\/","title":{"rendered":"Colt 07 Gold Craft \u0105\u017euolo\/juodo-auk\u0161\u010diausios kokyb\u0117s plieno ra\u0161omasis stalas"},"content":{"rendered":"<p>\u201eColt 07\u201c ra\u0161omasis stalas yra b\u016btinas baldas kiekvieno paauglio kambaryje. Platus stalvir\u0161is leid\u017eia patogiai ruo\u0161ti nam\u0173 darbus ir suteikia erdv\u0117s savo pom\u0117giams. Po stalvir\u0161iu yra patogus stal\u010dius su pilno i\u0161traukimo funkcija. Papildomos vietos daiktams suteikia erdvi ni\u0161a, pasl\u0117pta u\u017e dureli\u0173 su prakti\u0161ka \u0161velnaus u\u017edarymo sistema. Baldo dizainas ir dinami\u0161kas dekoro derinys \u2013 \u0161iltas \u0105\u017euolas ir neapdorotas auk\u0161\u010diausios kokyb\u0117s plienas, kontrastuojantis su juoda spalva \u2013 pabr\u0117\u0161 individual\u0173 jaun\u0173 \u017emoni\u0173 stili\u0173 ir charakter\u012f. Auk\u0161tos metalin\u0117s kojel\u0117s palengvina valym\u0105.<br \/>\n\u2022 Modernus dizainas.<br \/>\n\u2022 Didelis funkcionalumas.<br \/>\n\u2022 Patogus sand\u0117liavimas.<br \/>\n\u2022 Ergonomi\u0161kos rankenos.<br \/>\n\u2022 Pilno i\u0161traukimo stal\u010diai.<br \/>\n\u2022 \u0160velniai u\u017esidaran\u010dios durel\u0117s.<br \/>\n\u2022 Platus stili\u0173 pasirinkimas visoje \u201eColt\u201c kolekcijoje.<\/p>","protected":false},"excerpt":{"rendered":"<p>The Colt 07 desk is an essential piece of furniture in every teenager&#8217;s room. The wide top allows for comfortable homework and provides space for pursuing their passions. Beneath the top is a convenient drawer with a full extension function. Additional storage space is provided by a spacious recess hidden behind doors with a practical [&hellip;]<\/p>","protected":false},"featured_media":97319,"comment_status":"open","ping_status":"open","template":"","meta":[],"product_brand":[],"product_cat":[1312,2255,9230],"product_tag":[],"class_list":{"0":"post-97318","1":"product","2":"type-product","3":"status-publish","4":"has-post-thumbnail","6":"product_cat-desks","7":"product_cat-ml-meble","8":"product_cat-furniture-system-colf-ml-meble","10":"first","11":"instock","12":"purchasable","13":"product-type-simple"},"_links":{"self":[{"href":"https:\/\/baldumarket.lt\/lt\/wp-json\/wp\/v2\/product\/97318","targetHints":{"allow":["GET"]}}],"collection":[{"href":"https:\/\/baldumarket.lt\/lt\/wp-json\/wp\/v2\/product"}],"about":[{"href":"https:\/\/baldumarket.lt\/lt\/wp-json\/wp\/v2\/types\/product"}],"replies":[{"embeddable":true,"href":"https:\/\/baldumarket.lt\/lt\/wp-json\/wp\/v2\/comments?post=97318"}],"wp:featuredmedia":[{"embeddable":true,"href":"https:\/\/baldumarket.lt\/lt\/wp-json\/wp\/v2\/media\/97319"}],"wp:attachment":[{"href":"https:\/\/baldumarket.lt\/lt\/wp-json\/wp\/v2\/media?parent=97318"}],"wp:term":[{"taxonomy":"product_brand","embeddable":true,"href":"https:\/\/baldumarket.lt\/lt\/wp-json\/wp\/v2\/product_brand?post=97318"},{"taxonomy":"product_cat","embeddable":true,"href":"https:\/\/baldumarket.lt\/lt\/wp-json\/wp\/v2\/product_cat?post=97318"},{"taxonomy":"product_tag","embeddable":true,"href":"https:\/\/baldumarket.lt\/lt\/wp-json\/wp\/v2\/product_tag?post=97318"}],"curies":[{"name":"wp","href":"https:\/\/api.w.org\/{rel}","templated":true}]}}