{"id":97310,"date":"2025-12-05T16:23:38","date_gmt":"2025-12-05T13:23:38","guid":{"rendered":"https:\/\/baldumarket.lt\/product\/colt-05-dab-craft-zloty-czarny-stal-premium-komoda-3s\/"},"modified":"2026-04-07T13:46:26","modified_gmt":"2026-04-07T10:46:26","slug":"colt-05-dab-craft-zloty-czarny-stal-premium-komoda-3s","status":"publish","type":"product","link":"https:\/\/baldumarket.lt\/lt\/product\/colt-05-dab-craft-zloty-czarny-stal-premium-komoda-3s\/","title":{"rendered":"Colt 05 Gold Craft \u0105\u017euolo\/juodos spalvos, auk\u0161\u010diausios kokyb\u0117s plieno \u2013 3S komoda"},"content":{"rendered":"<p>\u201eColt 05\u201c komoda suteikia daug vietos daiktams susid\u0117ti ir leid\u017eia jums eksponuoti m\u0117gstamiausius daiktus. J\u0105 sudaro trys erdv\u016bs stal\u010diai su sutvirtintais dugnais, \u0161velnaus u\u017edarymo ir pilno i\u0161traukimo funkcijomis. Platus 91 cm stalvir\u0161is leid\u017eia jums eksponuoti m\u0117gstamiausius daiktus. Dizainas ir dinami\u0161kas dekoro derinys \u2013 \u0161iltas \u0105\u017euolas ir neapdorotas auk\u0161\u010diausios kokyb\u0117s plienas, kontrastuojantis su juoda spalva \u2013 pabr\u0117\u0161 individual\u0173 jaun\u0173 \u017emoni\u0173 stili\u0173 ir charakter\u012f. Auk\u0161tos metalin\u0117s kojel\u0117s palengvina valym\u0105.<br \/>\n\u2022 Modernus dizainas.<br \/>\n\u2022 Didelis funkcionalumas.<br \/>\n\u2022 Patogus sand\u0117liavimas.<br \/>\n\u2022 Ergonomi\u0161kos rankenos.<br \/>\n\u2022 Stal\u010diai su \u0161velnaus u\u017edarymo ir pilno i\u0161traukimo funkcijomis.<br \/>\n\u2022 Papildomai sutvirtinti stal\u010di\u0173 dugnai.<br \/>\n\u2022 Platus stili\u0173 pasirinkimas visoje \u201eColt\u201c kolekcijoje.<\/p>","protected":false},"excerpt":{"rendered":"<p>The Colt 05 chest of drawers provides ample storage space and allows you to display your favorite items. It consists of three spacious drawers with reinforced bottoms, soft-close and full-extension functions. The wide top, at 91 cm, allows you to display your favorite items. The design and dynamic combination of d\u00e9cors \u2013 warm Craft Oak [&hellip;]<\/p>","protected":false},"featured_media":97311,"comment_status":"open","ping_status":"open","template":"","meta":[],"product_brand":[],"product_cat":[1173,2255,9230],"product_tag":[],"class_list":{"0":"post-97310","1":"product","2":"type-product","3":"status-publish","4":"has-post-thumbnail","6":"product_cat-chests-of-drawers","7":"product_cat-ml-meble","8":"product_cat-furniture-system-colf-ml-meble","10":"first","11":"instock","12":"purchasable","13":"product-type-simple"},"_links":{"self":[{"href":"https:\/\/baldumarket.lt\/lt\/wp-json\/wp\/v2\/product\/97310","targetHints":{"allow":["GET"]}}],"collection":[{"href":"https:\/\/baldumarket.lt\/lt\/wp-json\/wp\/v2\/product"}],"about":[{"href":"https:\/\/baldumarket.lt\/lt\/wp-json\/wp\/v2\/types\/product"}],"replies":[{"embeddable":true,"href":"https:\/\/baldumarket.lt\/lt\/wp-json\/wp\/v2\/comments?post=97310"}],"wp:featuredmedia":[{"embeddable":true,"href":"https:\/\/baldumarket.lt\/lt\/wp-json\/wp\/v2\/media\/97311"}],"wp:attachment":[{"href":"https:\/\/baldumarket.lt\/lt\/wp-json\/wp\/v2\/media?parent=97310"}],"wp:term":[{"taxonomy":"product_brand","embeddable":true,"href":"https:\/\/baldumarket.lt\/lt\/wp-json\/wp\/v2\/product_brand?post=97310"},{"taxonomy":"product_cat","embeddable":true,"href":"https:\/\/baldumarket.lt\/lt\/wp-json\/wp\/v2\/product_cat?post=97310"},{"taxonomy":"product_tag","embeddable":true,"href":"https:\/\/baldumarket.lt\/lt\/wp-json\/wp\/v2\/product_tag?post=97310"}],"curies":[{"name":"wp","href":"https:\/\/api.w.org\/{rel}","templated":true}]}}