{"id":97302,"date":"2025-12-05T16:23:31","date_gmt":"2025-12-05T13:23:31","guid":{"rendered":"https:\/\/baldumarket.lt\/product\/colt-03-dab-craft-zloty-czarny-stal-premium-regal-1d1s\/"},"modified":"2026-04-07T13:46:26","modified_gmt":"2026-04-07T10:46:26","slug":"colt-03-dab-craft-zloty-czarny-stal-premium-regal-1d1s","status":"publish","type":"product","link":"https:\/\/baldumarket.lt\/lt\/product\/colt-03-dab-craft-zloty-czarny-stal-premium-regal-1d1s\/","title":{"rendered":"Colt 03 Gold Craft \u0105\u017euolo\/juodo alaus\/auk\u0161\u010diausios kokyb\u0117s plieno lentyna \u2013 1D1S"},"content":{"rendered":"<p>Auk\u0161ta knyg\u0173 lentyna \u201eColt 03\u201c suteikia daug vietos daiktams susid\u0117ti ir leid\u017eia eksponuoti m\u0117gstamiausius daiktus. Keturios atviros ni\u0161os idealiai tinka knygoms, kelioni\u0173 suvenyrams ar kitiems daiktams, kuriuos norite lengvai pasiekti. Apatin\u0117je dalyje yra erdvus stal\u010dius su patogia pilno i\u0161traukimo funkcija. Dizainas ir dinami\u0161kas dekoro derinys \u2013 \u0161iltas \u0105\u017euolas ir neapdorotas auk\u0161\u010diausios kokyb\u0117s plienas, kontrastuojantis su juoda spalva \u2013 pabr\u0117\u0161 individual\u0173 jaun\u0173 \u017emoni\u0173 stili\u0173 ir charakter\u012f. Auk\u0161tos metalin\u0117s kojel\u0117s palengvina valym\u0105.<br \/>\n\u2022 Modernus dizainas.<br \/>\n\u2022 Didelis funkcionalumas.<br \/>\n\u2022 Ergonomi\u0161kos rankenos.<br \/>\n\u2022 Daug vietos daiktams susid\u0117ti.<br \/>\n\u2022 Pilnai i\u0161traukiamas stal\u010dius.<br \/>\n\u2022 Platus stili\u0173 pasirinkimas visoje \u201eColt\u201c kolekcijoje.<\/p>","protected":false},"excerpt":{"rendered":"<p>The Colt 03 tall bookcase provides ample storage space and allows you to display your favorite items. Four open niches are ideal for books, travel souvenirs, or other gadgets you want easy access to. The lower section features a spacious drawer with a convenient full-extension function. The design and dynamic combination of d\u00e9cors \u2013 warm [&hellip;]<\/p>","protected":false},"featured_media":97303,"comment_status":"open","ping_status":"open","template":"","meta":[],"product_brand":[],"product_cat":[2255,9230,1987],"product_tag":[],"class_list":{"0":"post-97302","1":"product","2":"type-product","3":"status-publish","4":"has-post-thumbnail","6":"product_cat-ml-meble","7":"product_cat-furniture-system-colf-ml-meble","8":"product_cat-shelving-units","10":"first","11":"instock","12":"purchasable","13":"product-type-simple"},"_links":{"self":[{"href":"https:\/\/baldumarket.lt\/lt\/wp-json\/wp\/v2\/product\/97302","targetHints":{"allow":["GET"]}}],"collection":[{"href":"https:\/\/baldumarket.lt\/lt\/wp-json\/wp\/v2\/product"}],"about":[{"href":"https:\/\/baldumarket.lt\/lt\/wp-json\/wp\/v2\/types\/product"}],"replies":[{"embeddable":true,"href":"https:\/\/baldumarket.lt\/lt\/wp-json\/wp\/v2\/comments?post=97302"}],"wp:featuredmedia":[{"embeddable":true,"href":"https:\/\/baldumarket.lt\/lt\/wp-json\/wp\/v2\/media\/97303"}],"wp:attachment":[{"href":"https:\/\/baldumarket.lt\/lt\/wp-json\/wp\/v2\/media?parent=97302"}],"wp:term":[{"taxonomy":"product_brand","embeddable":true,"href":"https:\/\/baldumarket.lt\/lt\/wp-json\/wp\/v2\/product_brand?post=97302"},{"taxonomy":"product_cat","embeddable":true,"href":"https:\/\/baldumarket.lt\/lt\/wp-json\/wp\/v2\/product_cat?post=97302"},{"taxonomy":"product_tag","embeddable":true,"href":"https:\/\/baldumarket.lt\/lt\/wp-json\/wp\/v2\/product_tag?post=97302"}],"curies":[{"name":"wp","href":"https:\/\/api.w.org\/{rel}","templated":true}]}}