{"id":97296,"date":"2025-12-05T16:23:24","date_gmt":"2025-12-05T13:23:24","guid":{"rendered":"https:\/\/baldumarket.lt\/product\/sophie-10-cashmere-stolik\/"},"modified":"2026-04-07T15:27:59","modified_gmt":"2026-04-07T12:27:59","slug":"sophie-10-cashmere-stolik","status":"publish","type":"product","link":"https:\/\/baldumarket.lt\/lt\/product\/sophie-10-cashmere-stolik\/","title":{"rendered":"Sophie 10 ka\u0161myro staliukas"},"content":{"rendered":"<p>\u201eSophie 10\u201c kavos staliukas \u2013 tai baldas, kuris gali tapti j\u016bs\u0173 svetain\u0117s traukos centru. Ant metro ilgio stalvir\u0161io puikiai tiks kavos ar arbatos rinkinys, u\u017ekand\u017ei\u0173 l\u0117k\u0161t\u0117 ar m\u0117gstam\u0173 album\u0173 i\u0161d\u0117stymas. Didel\u0117 dviej\u0173 atvir\u0173 lentyn\u0173 talpa leid\u017eia laikyti knygas ir aksesuarus. Patogus stal\u010dius suteikia papildomos vietos tokiems daiktams kaip nuotolinio valdymo pulteliai ar dokumentai. \u201eSophie 10\u201c \u2013 tai daugiau nei vien funkcionalumas. M\u016bs\u0173 staliukas yra \u0161iuolaikin\u0117s elegancijos sinonimas. Ka\u0161myro apdaila, frezuoti MDF fasadai ir diskreti\u0161kos juodos kojel\u0117s \u2013 tai visos \u201eSophie\u201c kolekcijos esm\u0117.<br \/>\n\u2022 Funkcionalus baldas su gra\u017eiu dizainu.<br \/>\n\u2022 Stal\u010dius su patogia pilno i\u0161traukimo sistema.<br \/>\n\u2022 Auk\u0161tos metalin\u0117s kojel\u0117s palengvina valym\u0105 ir suteikia netrukdom\u0105 prieig\u0105 prie dulki\u0173 siurblio.<\/p>","protected":false},"excerpt":{"rendered":"<p>\u201eSophie 10\u201c kavos staliukas \u2013 tai baldas, kuris gali tapti j\u016bs\u0173 svetain\u0117s traukos centru. Ant metro ilgio stalvir\u0161io puikiai tiks kavos ar arbatos rinkinys, u\u017ekand\u017ei\u0173 l\u0117k\u0161t\u0117 ar m\u0117gstam\u0173 album\u0173 i\u0161d\u0117stymas. Didel\u0117 dviej\u0173 atvir\u0173 lentyn\u0173 talpa leid\u017eia laikyti knygas ir [\u2026]<\/p>","protected":false},"featured_media":97297,"comment_status":"open","ping_status":"open","template":"","meta":[],"product_brand":[],"product_cat":[9240,866,2255],"product_tag":[],"class_list":{"0":"post-97296","1":"product","2":"type-product","3":"status-publish","4":"has-post-thumbnail","6":"product_cat-furniture-system-sophie-ml-meble","7":"product_cat-coffee-tables","8":"product_cat-ml-meble","10":"first","11":"instock","12":"purchasable","13":"product-type-simple"},"_links":{"self":[{"href":"https:\/\/baldumarket.lt\/lt\/wp-json\/wp\/v2\/product\/97296","targetHints":{"allow":["GET"]}}],"collection":[{"href":"https:\/\/baldumarket.lt\/lt\/wp-json\/wp\/v2\/product"}],"about":[{"href":"https:\/\/baldumarket.lt\/lt\/wp-json\/wp\/v2\/types\/product"}],"replies":[{"embeddable":true,"href":"https:\/\/baldumarket.lt\/lt\/wp-json\/wp\/v2\/comments?post=97296"}],"wp:featuredmedia":[{"embeddable":true,"href":"https:\/\/baldumarket.lt\/lt\/wp-json\/wp\/v2\/media\/97297"}],"wp:attachment":[{"href":"https:\/\/baldumarket.lt\/lt\/wp-json\/wp\/v2\/media?parent=97296"}],"wp:term":[{"taxonomy":"product_brand","embeddable":true,"href":"https:\/\/baldumarket.lt\/lt\/wp-json\/wp\/v2\/product_brand?post=97296"},{"taxonomy":"product_cat","embeddable":true,"href":"https:\/\/baldumarket.lt\/lt\/wp-json\/wp\/v2\/product_cat?post=97296"},{"taxonomy":"product_tag","embeddable":true,"href":"https:\/\/baldumarket.lt\/lt\/wp-json\/wp\/v2\/product_tag?post=97296"}],"curies":[{"name":"wp","href":"https:\/\/api.w.org\/{rel}","templated":true}]}}