{"id":97292,"date":"2025-12-05T16:23:19","date_gmt":"2025-12-05T13:23:19","guid":{"rendered":"https:\/\/baldumarket.lt\/product\/sophie-09-cashmere-polka\/"},"modified":"2026-02-03T23:53:35","modified_gmt":"2026-02-03T20:53:35","slug":"sophie-09-cashmere-polka","status":"publish","type":"product","link":"https:\/\/baldumarket.lt\/lt\/product\/sophie-09-cashmere-polka\/","title":{"rendered":"Sophie 09 ka\u0161myro lentyna"},"content":{"rendered":"<p>Pakabinama lentyna \u201eSophie 09\u201c \u2013 puikus baldas, u\u017epildantis tu\u0161\u010di\u0105 erdv\u0119 vir\u0161 komodos ar televizoriaus. D\u0117l didelio plo\u010dio lentyna suteikia daug vietos m\u0117gstamiausiems daiktams eksponuoti. Beveik 120 centimetr\u0173 lentynoje galite eksponuoti fig\u016br\u0117les, nuotrauk\u0173 r\u0117melius ir kitus dekoratyvinius daiktus. \u201eSophie 09\u201c si\u016blo daugiau nei vien funkcionalum\u0105. M\u016bs\u0173 baldas yra \u0161iuolaikin\u0117s elegancijos sinonimas. Ka\u0161myro apdaila ir frezuotas MDF korpusas pabr\u0117\u017eia unikal\u0173 baldo stili\u0173.<br \/>\n\u2022 Funkcionalus, gra\u017eaus dizaino daiktas.<br \/>\n\u2022 Puikiai tinka vir\u0161 komod\u0173 \u201eSophie 04\u201c ir \u201eSophie 05\u201c bei televizoriaus staliuko \u201eSophie 06\u201c.<\/p>","protected":false},"excerpt":{"rendered":"<p>Pakabinama lentyna \u201eSophie 09\u201c \u2013 puikus baldas, u\u017epildantis tu\u0161\u010di\u0105 erdv\u0119 vir\u0161 komodos ar televizoriaus. D\u0117l didelio plo\u010dio ji suteikia daug vietos m\u0117gstamiausiems daiktams eksponuoti. Beveik 120 centimetr\u0173 lentynoje galite eksponuoti fig\u016br\u0117les, nuotrauk\u0173 r\u0117melius ir kitus dekoratyvinius daiktus. \u201eSophie 09\u201c si\u016blo daugiau nei vien funkcionalum\u0105. M\u016bs\u0173 [\u2026]<\/p>","protected":false},"featured_media":97293,"comment_status":"open","ping_status":"open","template":"","meta":[],"product_brand":[],"product_cat":[9240,1174,2255],"product_tag":[],"class_list":{"0":"post-97292","1":"product","2":"type-product","3":"status-publish","4":"has-post-thumbnail","6":"product_cat-furniture-system-sophie-ml-meble","7":"product_cat-hanging-shelves","8":"product_cat-ml-meble","10":"first","11":"instock","12":"purchasable","13":"product-type-simple"},"_links":{"self":[{"href":"https:\/\/baldumarket.lt\/lt\/wp-json\/wp\/v2\/product\/97292","targetHints":{"allow":["GET"]}}],"collection":[{"href":"https:\/\/baldumarket.lt\/lt\/wp-json\/wp\/v2\/product"}],"about":[{"href":"https:\/\/baldumarket.lt\/lt\/wp-json\/wp\/v2\/types\/product"}],"replies":[{"embeddable":true,"href":"https:\/\/baldumarket.lt\/lt\/wp-json\/wp\/v2\/comments?post=97292"}],"wp:featuredmedia":[{"embeddable":true,"href":"https:\/\/baldumarket.lt\/lt\/wp-json\/wp\/v2\/media\/97293"}],"wp:attachment":[{"href":"https:\/\/baldumarket.lt\/lt\/wp-json\/wp\/v2\/media?parent=97292"}],"wp:term":[{"taxonomy":"product_brand","embeddable":true,"href":"https:\/\/baldumarket.lt\/lt\/wp-json\/wp\/v2\/product_brand?post=97292"},{"taxonomy":"product_cat","embeddable":true,"href":"https:\/\/baldumarket.lt\/lt\/wp-json\/wp\/v2\/product_cat?post=97292"},{"taxonomy":"product_tag","embeddable":true,"href":"https:\/\/baldumarket.lt\/lt\/wp-json\/wp\/v2\/product_tag?post=97292"}],"curies":[{"name":"wp","href":"https:\/\/api.w.org\/{rel}","templated":true}]}}