{"id":97284,"date":"2025-12-05T16:23:11","date_gmt":"2025-12-05T13:23:11","guid":{"rendered":"https:\/\/baldumarket.lt\/product\/sophie-07-cashmere-szafka-nocna-1s\/"},"modified":"2026-02-03T23:53:35","modified_gmt":"2026-02-03T20:53:35","slug":"sophie-07-cashmere-szafka-nocna-1s","status":"publish","type":"product","link":"https:\/\/baldumarket.lt\/lt\/product\/sophie-07-cashmere-szafka-nocna-1s\/","title":{"rendered":"Sophie 07 ka\u0161myro &#8211; naktinis staliukas 1S"},"content":{"rendered":"<p>\u201eSophie 07\u201c naktinis staliukas yra b\u016btinas j\u016bs\u0173 lovos baldas. D\u0117l tinkamo auk\u0161\u010dio stalvir\u0161io visada tur\u0117site visk\u0105, ko jums reikia, po ranka. Atvira ni\u0161a puikiai tinka laikra\u0161\u010diams ar knygoms laikyti. Erdvus stal\u010dius suteikia papildomos vietos daiktams susid\u0117ti. \u201eSophie 07\u201c si\u016blo daugiau nei vien funkcionalum\u0105. M\u016bs\u0173 baldai yra \u0161iuolaikin\u0117s elegancijos sinonimas. Ka\u0161myro dekoro detal\u0117s, frezuoti MDF fasadai, \u0161lifuoto aukso spalvos ranken\u0117l\u0117s ir diskreti\u0161kos juodos kojel\u0117s \u2013 tai visos \u201eSophie\u201c kolekcijos esm\u0117.<br \/>\n\u2022 Funkcionalus baldas su gra\u017eiu dizainu.<br \/>\n\u2022 Papildomas naudojimo patogumas d\u0117l pilno i\u0161traukimo stal\u010di\u0173 sistemos.<br \/>\n\u2022 Auk\u0161tos metalin\u0117s kojel\u0117s palengvina valym\u0105 ir suteikia netrukdom\u0105 prieig\u0105 prie dulki\u0173 siurblio.<\/p>","protected":false},"excerpt":{"rendered":"<p>The Sophie 07 nightstand is an essential piece of furniture for your bed. Thanks to its tabletop at the right height, you&#8217;ll always have everything you need at hand. The open recessed area is perfect for storing newspapers or books. A spacious drawer provides additional storage space. Sophie 07 offers more than just functionality. Our [&hellip;]<\/p>","protected":false},"featured_media":97285,"comment_status":"open","ping_status":"open","template":"","meta":[],"product_brand":[],"product_cat":[9240,1176,2255],"product_tag":[],"class_list":{"0":"post-97284","1":"product","2":"type-product","3":"status-publish","4":"has-post-thumbnail","6":"product_cat-furniture-system-sophie-ml-meble","7":"product_cat-bedside-tables","8":"product_cat-ml-meble","10":"first","11":"instock","12":"purchasable","13":"product-type-simple"},"_links":{"self":[{"href":"https:\/\/baldumarket.lt\/lt\/wp-json\/wp\/v2\/product\/97284","targetHints":{"allow":["GET"]}}],"collection":[{"href":"https:\/\/baldumarket.lt\/lt\/wp-json\/wp\/v2\/product"}],"about":[{"href":"https:\/\/baldumarket.lt\/lt\/wp-json\/wp\/v2\/types\/product"}],"replies":[{"embeddable":true,"href":"https:\/\/baldumarket.lt\/lt\/wp-json\/wp\/v2\/comments?post=97284"}],"wp:featuredmedia":[{"embeddable":true,"href":"https:\/\/baldumarket.lt\/lt\/wp-json\/wp\/v2\/media\/97285"}],"wp:attachment":[{"href":"https:\/\/baldumarket.lt\/lt\/wp-json\/wp\/v2\/media?parent=97284"}],"wp:term":[{"taxonomy":"product_brand","embeddable":true,"href":"https:\/\/baldumarket.lt\/lt\/wp-json\/wp\/v2\/product_brand?post=97284"},{"taxonomy":"product_cat","embeddable":true,"href":"https:\/\/baldumarket.lt\/lt\/wp-json\/wp\/v2\/product_cat?post=97284"},{"taxonomy":"product_tag","embeddable":true,"href":"https:\/\/baldumarket.lt\/lt\/wp-json\/wp\/v2\/product_tag?post=97284"}],"curies":[{"name":"wp","href":"https:\/\/api.w.org\/{rel}","templated":true}]}}