{"id":97276,"date":"2025-12-05T16:23:03","date_gmt":"2025-12-05T13:23:03","guid":{"rendered":"https:\/\/baldumarket.lt\/product\/sophie-06-cashmere-szafka-rtv-2d\/"},"modified":"2026-02-03T23:53:35","modified_gmt":"2026-02-03T20:53:35","slug":"sophie-06-cashmere-szafka-rtv-2d","status":"publish","type":"product","link":"https:\/\/baldumarket.lt\/lt\/product\/sophie-06-cashmere-szafka-rtv-2d\/","title":{"rendered":"Sophie 06 ka\u0161myro spalvos \u2013 2D televizoriaus staliukas"},"content":{"rendered":"<p>\u201eSophie 06\u201c televizoriaus staliukas \u2013 puikus baldas j\u016bs\u0173 televizoriui. Dvi u\u017edaros ni\u0161os sukuria daug vietos daiktams susid\u0117ti, o atviros lentynos ir platus stalvir\u0161is leid\u017eia lengvai susitvarkyti multimedijos \u012frang\u0105. \u201eSophie 06\u201c si\u016blo daugiau nei vien funkcionalum\u0105. M\u016bs\u0173 baldas yra \u0161iuolaikin\u0117s elegancijos sinonimas. Ka\u0161myro dekoro detal\u0117s, frezuoti MDF fasadai, \u0161lifuoto aukso spalvos ranken\u0117l\u0117s ir diskreti\u0161kos juodos kojel\u0117s \u2013 tai visos \u201eSophie\u201c kolekcijos esm\u0117.<br \/>\n\u2022 Funkcionalus baldas su gra\u017eiu dizainu.<br \/>\n\u2022 \u0160velniai u\u017esidarantys vyriai suteikia papildomo komforto.<br \/>\n\u2022 Auk\u0161tos metalin\u0117s kojel\u0117s palengvina valym\u0105 ir suteikia netrukdom\u0105 prieig\u0105 dulki\u0173 siurbliui.<\/p>","protected":false},"excerpt":{"rendered":"<p>\u201eSophie 06\u201c televizoriaus staliukas \u2013 puikus baldas j\u016bs\u0173 televizoriui. Dvi u\u017edaros ni\u0161os sukuria daug vietos daiktams susid\u0117ti, o atviros lentynos ir platus stalvir\u0161is leid\u017eia lengvai susitvarkyti multimedijos \u012frang\u0105. \u201eSophie 06\u201c si\u016blo daugiau nei vien funkcionalum\u0105. M\u016bs\u0173 baldas yra \u0161iuolaikin\u0117s elegancijos sinonimas. Ka\u0161myro dekoras, frezuoti MDF fasadai, [\u2026]<\/p>","protected":false},"featured_media":97277,"comment_status":"open","ping_status":"open","template":"","meta":[],"product_brand":[],"product_cat":[9240,2255,1175],"product_tag":[],"class_list":{"0":"post-97276","1":"product","2":"type-product","3":"status-publish","4":"has-post-thumbnail","6":"product_cat-furniture-system-sophie-ml-meble","7":"product_cat-ml-meble","8":"product_cat-tv-stands","10":"first","11":"instock","12":"purchasable","13":"product-type-simple"},"_links":{"self":[{"href":"https:\/\/baldumarket.lt\/lt\/wp-json\/wp\/v2\/product\/97276","targetHints":{"allow":["GET"]}}],"collection":[{"href":"https:\/\/baldumarket.lt\/lt\/wp-json\/wp\/v2\/product"}],"about":[{"href":"https:\/\/baldumarket.lt\/lt\/wp-json\/wp\/v2\/types\/product"}],"replies":[{"embeddable":true,"href":"https:\/\/baldumarket.lt\/lt\/wp-json\/wp\/v2\/comments?post=97276"}],"wp:featuredmedia":[{"embeddable":true,"href":"https:\/\/baldumarket.lt\/lt\/wp-json\/wp\/v2\/media\/97277"}],"wp:attachment":[{"href":"https:\/\/baldumarket.lt\/lt\/wp-json\/wp\/v2\/media?parent=97276"}],"wp:term":[{"taxonomy":"product_brand","embeddable":true,"href":"https:\/\/baldumarket.lt\/lt\/wp-json\/wp\/v2\/product_brand?post=97276"},{"taxonomy":"product_cat","embeddable":true,"href":"https:\/\/baldumarket.lt\/lt\/wp-json\/wp\/v2\/product_cat?post=97276"},{"taxonomy":"product_tag","embeddable":true,"href":"https:\/\/baldumarket.lt\/lt\/wp-json\/wp\/v2\/product_tag?post=97276"}],"curies":[{"name":"wp","href":"https:\/\/api.w.org\/{rel}","templated":true}]}}