{"id":97269,"date":"2025-12-05T16:22:56","date_gmt":"2025-12-05T13:22:56","guid":{"rendered":"https:\/\/baldumarket.lt\/product\/marine-10-blekit-ciemny-szafka-nocna-2s\/"},"modified":"2026-02-03T23:53:35","modified_gmt":"2026-02-03T20:53:35","slug":"marine-10-blekit-ciemny-szafka-nocna-2s","status":"publish","type":"product","link":"https:\/\/baldumarket.lt\/lt\/product\/marine-10-blekit-ciemny-szafka-nocna-2s\/","title":{"rendered":"Marine 10 tamsiai m\u0117lyna \u2013 2S naktinis staliukas"},"content":{"rendered":"<p>\u201eMarine 10\u201c naktinis staliukas \u2013 tobulas baldas \u0161iuolaiki\u0161kam miegamajam. Tvirtas stalvir\u0161is puikiai tinka naktinei lempai. Ant jo galite pastatyti stiklin\u0119 vandens arba pasid\u0117ti miegojimo knyg\u0105. Atvira lentyna puikiai tinka laikra\u0161\u010diams, \u017eurnalams ar kitiems daiktams, kuriuos norite tur\u0117ti po ranka, laikyti. Dviejuose kompakti\u0161kuose stal\u010diuose tilps \u017evak\u0117s, rank\u0173 kremas, plauk\u0173 \u0161epetys ir kiti b\u016btini daiktai. Visiems \u201eMarine\u201c kolekcijos baldams b\u016bdinga sodri, tamsiai m\u0117lyna apdaila. Rankenos, kojel\u0117s ir apatin\u0117s plok\u0161t\u0117s fanera, d\u0117l savo klasikin\u0117s auksin\u0117s spalvos, pabr\u0117\u017eia eleganti\u0161k\u0105 ir nesenstant\u012f \u201eMarine\u201c bald\u0173 charakter\u012f.<br \/>\n\u2022 Stal\u010di\u0173 b\u0117geliai su patogia pilno i\u0161traukimo funkcija.<br \/>\n\u2022 Auk\u0161tos metalin\u0117s kojel\u0117s palengvina valym\u0105 ir suteikia netrukdom\u0105 prieig\u0105 dulki\u0173 siurbliui.<br \/>\n\u2022 Tur\u0117dami plat\u0173 \u201eMarine\u201c bald\u0173 pasirinkim\u0105, galite lengvai apstatyti tiek svetain\u0119, tiek miegam\u0105j\u012f.<\/p>","protected":false},"excerpt":{"rendered":"<p>\u201eMarine 10\u201c naktinis staliukas \u2013 tobulas baldas \u0161iuolaikiniam miegamajam. Tvirtas stalvir\u0161is puikiai tinka naktinei lempai. Ant jo galite pastatyti stiklin\u0119 vandens arba pasid\u0117ti savo miego knyg\u0105. Atvira lentyna puikiai tinka laikra\u0161\u010diams, \u017eurnalams ar kitiems daiktams, kuriuos norite tur\u0117ti po ranka, laikyti [\u2026]<\/p>","protected":false},"featured_media":97270,"comment_status":"open","ping_status":"open","template":"","meta":[],"product_brand":[],"product_cat":[9246,1176,2255],"product_tag":[],"class_list":{"0":"post-97269","1":"product","2":"type-product","3":"status-publish","4":"has-post-thumbnail","6":"product_cat-furniture-system-marine-ml-meble","7":"product_cat-bedside-tables","8":"product_cat-ml-meble","10":"first","11":"instock","12":"purchasable","13":"product-type-simple"},"_links":{"self":[{"href":"https:\/\/baldumarket.lt\/lt\/wp-json\/wp\/v2\/product\/97269","targetHints":{"allow":["GET"]}}],"collection":[{"href":"https:\/\/baldumarket.lt\/lt\/wp-json\/wp\/v2\/product"}],"about":[{"href":"https:\/\/baldumarket.lt\/lt\/wp-json\/wp\/v2\/types\/product"}],"replies":[{"embeddable":true,"href":"https:\/\/baldumarket.lt\/lt\/wp-json\/wp\/v2\/comments?post=97269"}],"wp:featuredmedia":[{"embeddable":true,"href":"https:\/\/baldumarket.lt\/lt\/wp-json\/wp\/v2\/media\/97270"}],"wp:attachment":[{"href":"https:\/\/baldumarket.lt\/lt\/wp-json\/wp\/v2\/media?parent=97269"}],"wp:term":[{"taxonomy":"product_brand","embeddable":true,"href":"https:\/\/baldumarket.lt\/lt\/wp-json\/wp\/v2\/product_brand?post=97269"},{"taxonomy":"product_cat","embeddable":true,"href":"https:\/\/baldumarket.lt\/lt\/wp-json\/wp\/v2\/product_cat?post=97269"},{"taxonomy":"product_tag","embeddable":true,"href":"https:\/\/baldumarket.lt\/lt\/wp-json\/wp\/v2\/product_tag?post=97269"}],"curies":[{"name":"wp","href":"https:\/\/api.w.org\/{rel}","templated":true}]}}