{"id":97253,"date":"2025-12-05T16:22:41","date_gmt":"2025-12-05T13:22:41","guid":{"rendered":"https:\/\/baldumarket.lt\/product\/dallas-16-01-orzech-naturalny-bialy-lawostolik\/"},"modified":"2026-04-07T13:46:26","modified_gmt":"2026-04-07T10:46:26","slug":"dallas-16-01-orzech-naturalny-bialy-lawostolik","status":"publish","type":"product","link":"https:\/\/baldumarket.lt\/lt\/product\/dallas-16-01-orzech-naturalny-bialy-lawostolik\/","title":{"rendered":"DALLAS 16-01 nat\u016bralus rie\u0161utmed\u017eio\/baltas kavos staliukas"},"content":{"rendered":"<p>\u201eDallas 16\u201c kavos staliukas \u2013 puikus j\u016bs\u0173 svetain\u0117s akcentas. Pastatykite j\u012f \u0161alia fotelio, sofos ar kampin\u0117s sofos. Jis bus j\u016bs\u0173 kompanionas, m\u0117gaujantis rytine kava ar vakariniu filmu prie\u0161ais televizori\u0173. Platus stalvir\u0161is taip pat leid\u017eia jums eksponuoti m\u0117gstamus albumus ar g\u0117li\u0173 vaz\u0105. Po stalvir\u0161iu taip pat yra didel\u0117 lentyna, puikiai tinkanti knygoms laikyti ar laikra\u0161\u010diui pad\u0117ti. Be praktini\u0173 savybi\u0173, \u201eDallas\u201c staliukas taip pat yra madingas ir modernus interjero dizaino elementas.<br \/>\n\u2022 Eleganti\u0161kas dizainas.<br \/>\n\u2022 Grioveliais i\u0161klotas MDF \u012fd\u0117klas.<br \/>\n\u2022 Labai funkcionalus.<br \/>\n\u2022 Platus stili\u0173 pasirinkimas visoje Dalaso kolekcijoje.<\/p>","protected":false},"excerpt":{"rendered":"<p>The Dallas 16 coffee table is a perfect focal point for your living room. Place it next to an armchair, sofa, or corner sofa. It will be your companion while enjoying your morning coffee or an evening movie in front of the TV. The wide tabletop also allows you to display your favorite albums or [&hellip;]<\/p>","protected":false},"featured_media":97254,"comment_status":"open","ping_status":"open","template":"","meta":[],"product_brand":[],"product_cat":[866,2255,9231],"product_tag":[],"class_list":{"0":"post-97253","1":"product","2":"type-product","3":"status-publish","4":"has-post-thumbnail","6":"product_cat-coffee-tables","7":"product_cat-ml-meble","8":"product_cat-furniture-system-dallas-ml-meble","10":"first","11":"instock","12":"purchasable","13":"product-type-simple"},"_links":{"self":[{"href":"https:\/\/baldumarket.lt\/lt\/wp-json\/wp\/v2\/product\/97253","targetHints":{"allow":["GET"]}}],"collection":[{"href":"https:\/\/baldumarket.lt\/lt\/wp-json\/wp\/v2\/product"}],"about":[{"href":"https:\/\/baldumarket.lt\/lt\/wp-json\/wp\/v2\/types\/product"}],"replies":[{"embeddable":true,"href":"https:\/\/baldumarket.lt\/lt\/wp-json\/wp\/v2\/comments?post=97253"}],"wp:featuredmedia":[{"embeddable":true,"href":"https:\/\/baldumarket.lt\/lt\/wp-json\/wp\/v2\/media\/97254"}],"wp:attachment":[{"href":"https:\/\/baldumarket.lt\/lt\/wp-json\/wp\/v2\/media?parent=97253"}],"wp:term":[{"taxonomy":"product_brand","embeddable":true,"href":"https:\/\/baldumarket.lt\/lt\/wp-json\/wp\/v2\/product_brand?post=97253"},{"taxonomy":"product_cat","embeddable":true,"href":"https:\/\/baldumarket.lt\/lt\/wp-json\/wp\/v2\/product_cat?post=97253"},{"taxonomy":"product_tag","embeddable":true,"href":"https:\/\/baldumarket.lt\/lt\/wp-json\/wp\/v2\/product_tag?post=97253"}],"curies":[{"name":"wp","href":"https:\/\/api.w.org\/{rel}","templated":true}]}}