{"id":97237,"date":"2025-12-05T16:22:27","date_gmt":"2025-12-05T13:22:27","guid":{"rendered":"https:\/\/baldumarket.lt\/product\/marine-05-blekit-ciemny-szafka-rtv-2d\/"},"modified":"2026-02-03T23:53:35","modified_gmt":"2026-02-03T20:53:35","slug":"marine-05-blekit-ciemny-szafka-rtv-2d","status":"publish","type":"product","link":"https:\/\/baldumarket.lt\/lt\/product\/marine-05-blekit-ciemny-szafka-rtv-2d\/","title":{"rendered":"Marine 05 tamsiai m\u0117lyna \u2013 2D televizoriaus spintel\u0117"},"content":{"rendered":"<p>\u201eMarine 05\u201c televizoriaus staliukas \u2013 puikus baldas \u0161iuolaiki\u0161kai svetainei. D\u0117l savo plo\u010dio ant jo galite pastatyti didel\u012f televizori\u0173 arba pakabinti j\u012f vir\u0161 jo. Dvi atviros lentynos spintel\u0117s centre suteikia patogi\u0105 viet\u0105 pried\u0117liui ar \u017eaidim\u0173 konsolei. Dvi erdvios, u\u017erakinamos lentynos spintel\u0117s \u0161onuose leid\u017eia pasl\u0117pti DVD diskus, \u017eaidim\u0173 pultelius ar kitus kasdienius nieku\u010dius. Visi \u201eMarine\u201c kolekcijos baldai yra tamsiai m\u0117lynos spalvos. Rankenos, kojel\u0117s ir apatin\u0117s plok\u0161t\u0117s fanera, d\u0117l savo klasikin\u0117s auksin\u0117s spalvos, pabr\u0117\u017eia eleganti\u0161k\u0105 ir nesenstant\u012f \u201eMarine\u201c bald\u0173 charakter\u012f.<br \/>\n\u2022 \u0160velniai u\u017esidarantys vyriai padidina kasdien\u012f komfort\u0105.<br \/>\n\u2022 Auk\u0161tos metalin\u0117s kojel\u0117s palengvina valym\u0105 ir suteikia netrukdom\u0105 prieig\u0105 dulki\u0173 siurbliui.<br \/>\n\u2022 Tur\u0117dami plat\u0173 \u201eMarine\u201c bald\u0173 pasirinkim\u0105, galite lengvai apstatyti savo svetain\u0119 ir miegam\u0105j\u012f.<\/p>","protected":false},"excerpt":{"rendered":"<p>\u201eMarine 05\u201c televizoriaus staliukas \u2013 puikus baldas \u0161iuolaiki\u0161kai svetainei. D\u0117l savo plo\u010dio ant jo galite pastatyti didel\u012f televizori\u0173 arba pakabinti j\u012f vir\u0161 jo. Dvi atviros lentynos spintel\u0117s centre suteikia patogi\u0105 viet\u0105 pried\u0117liui ar \u017eaidim\u0173 konsolei. Dvi erdvios, u\u017erakinamos lentynos [\u2026]<\/p>","protected":false},"featured_media":97238,"comment_status":"open","ping_status":"open","template":"","meta":[],"product_brand":[],"product_cat":[9246,2255,1175],"product_tag":[],"class_list":{"0":"post-97237","1":"product","2":"type-product","3":"status-publish","4":"has-post-thumbnail","6":"product_cat-furniture-system-marine-ml-meble","7":"product_cat-ml-meble","8":"product_cat-tv-stands","10":"first","11":"instock","12":"purchasable","13":"product-type-simple"},"_links":{"self":[{"href":"https:\/\/baldumarket.lt\/lt\/wp-json\/wp\/v2\/product\/97237","targetHints":{"allow":["GET"]}}],"collection":[{"href":"https:\/\/baldumarket.lt\/lt\/wp-json\/wp\/v2\/product"}],"about":[{"href":"https:\/\/baldumarket.lt\/lt\/wp-json\/wp\/v2\/types\/product"}],"replies":[{"embeddable":true,"href":"https:\/\/baldumarket.lt\/lt\/wp-json\/wp\/v2\/comments?post=97237"}],"wp:featuredmedia":[{"embeddable":true,"href":"https:\/\/baldumarket.lt\/lt\/wp-json\/wp\/v2\/media\/97238"}],"wp:attachment":[{"href":"https:\/\/baldumarket.lt\/lt\/wp-json\/wp\/v2\/media?parent=97237"}],"wp:term":[{"taxonomy":"product_brand","embeddable":true,"href":"https:\/\/baldumarket.lt\/lt\/wp-json\/wp\/v2\/product_brand?post=97237"},{"taxonomy":"product_cat","embeddable":true,"href":"https:\/\/baldumarket.lt\/lt\/wp-json\/wp\/v2\/product_cat?post=97237"},{"taxonomy":"product_tag","embeddable":true,"href":"https:\/\/baldumarket.lt\/lt\/wp-json\/wp\/v2\/product_tag?post=97237"}],"curies":[{"name":"wp","href":"https:\/\/api.w.org\/{rel}","templated":true}]}}