{"id":97232,"date":"2025-12-05T16:22:22","date_gmt":"2025-12-05T13:22:22","guid":{"rendered":"https:\/\/baldumarket.lt\/product\/marine-07-blekit-ciemny-stolik\/"},"modified":"2026-02-03T23:53:35","modified_gmt":"2026-02-03T20:53:35","slug":"marine-07-blekit-ciemny-stolik","status":"publish","type":"product","link":"https:\/\/baldumarket.lt\/lt\/product\/marine-07-blekit-ciemny-stolik\/","title":{"rendered":"Marine 07 tamsiai m\u0117lynas staliukas"},"content":{"rendered":"<p>\u201eMarine 07\u201c kavos staliukas \u2013 puikus svetain\u0117s baldas. Pastatytas svetain\u0117s centre, jis taps neatsiejama j\u016bs\u0173 interjero dalimi. Ant jo gal\u0117site pad\u0117ti puodel\u012f kavos, pad\u0117ti laikra\u0161t\u012f ir visada po ranka tur\u0117ti televizoriaus nuotolinio valdymo pult\u0105. Platus stalvir\u0161is taip pat leid\u017eia, pavyzd\u017eiui, eksponuoti m\u0117gstamus albumus. Dvi erdvios ni\u0161os po stalvir\u0161iu puikiai tinka knygoms, \u017evak\u0117ms ar ma\u017eoms skulpt\u016broms laikyti. Visiems \u201eMarine\u201c kolekcijos baldams b\u016bdinga sodri, tamsiai m\u0117lyna apdaila. Rankenos, kojel\u0117s ir apatin\u0117s plok\u0161t\u0117s fanera \u2013 d\u0117l klasikin\u0117s auksin\u0117s spalvos \u2013 pabr\u0117\u017eia eleganti\u0161k\u0105 ir nesenstant\u012f \u201eMarine\u201c bald\u0173 charakter\u012f.<br \/>\n\u2022 Auk\u0161tos metalin\u0117s kojel\u0117s palengvina valym\u0105 ir suteikia netrukdom\u0105 prieig\u0105 prie dulki\u0173 siurblio.<br \/>\n\u2022 Tur\u0117dami plat\u0173 \u201eMarine\u201c bald\u0173 pasirinkim\u0105, galite lengvai apstatyti tiek svetain\u0119, tiek miegam\u0105j\u012f.<\/p>","protected":false},"excerpt":{"rendered":"<p>\u201eMarine 07\u201c kavos staliukas \u2013 puikus svetain\u0117s baldas. Pastatytas svetain\u0117s centre, jis taps neatsiejama j\u016bs\u0173 interjero dalimi. Ant jo gal\u0117site pad\u0117ti puodel\u012f kavos, pad\u0117ti laikra\u0161t\u012f ir visada po ranka tur\u0117ti televizoriaus nuotolinio valdymo pult\u0105. Platus stalvir\u0161is taip pat leid\u017eia [\u2026]<\/p>","protected":false},"featured_media":97233,"comment_status":"open","ping_status":"open","template":"","meta":[],"product_brand":[],"product_cat":[9246,2255,1934],"product_tag":[],"class_list":{"0":"post-97232","1":"product","2":"type-product","3":"status-publish","4":"has-post-thumbnail","6":"product_cat-furniture-system-marine-ml-meble","7":"product_cat-ml-meble","8":"product_cat-tables","10":"first","11":"instock","12":"purchasable","13":"product-type-simple"},"_links":{"self":[{"href":"https:\/\/baldumarket.lt\/lt\/wp-json\/wp\/v2\/product\/97232","targetHints":{"allow":["GET"]}}],"collection":[{"href":"https:\/\/baldumarket.lt\/lt\/wp-json\/wp\/v2\/product"}],"about":[{"href":"https:\/\/baldumarket.lt\/lt\/wp-json\/wp\/v2\/types\/product"}],"replies":[{"embeddable":true,"href":"https:\/\/baldumarket.lt\/lt\/wp-json\/wp\/v2\/comments?post=97232"}],"wp:featuredmedia":[{"embeddable":true,"href":"https:\/\/baldumarket.lt\/lt\/wp-json\/wp\/v2\/media\/97233"}],"wp:attachment":[{"href":"https:\/\/baldumarket.lt\/lt\/wp-json\/wp\/v2\/media?parent=97232"}],"wp:term":[{"taxonomy":"product_brand","embeddable":true,"href":"https:\/\/baldumarket.lt\/lt\/wp-json\/wp\/v2\/product_brand?post=97232"},{"taxonomy":"product_cat","embeddable":true,"href":"https:\/\/baldumarket.lt\/lt\/wp-json\/wp\/v2\/product_cat?post=97232"},{"taxonomy":"product_tag","embeddable":true,"href":"https:\/\/baldumarket.lt\/lt\/wp-json\/wp\/v2\/product_tag?post=97232"}],"curies":[{"name":"wp","href":"https:\/\/api.w.org\/{rel}","templated":true}]}}