{"id":97228,"date":"2025-12-05T16:22:18","date_gmt":"2025-12-05T13:22:18","guid":{"rendered":"https:\/\/baldumarket.lt\/product\/marine-08-blekit-ciemny-polka\/"},"modified":"2026-02-03T23:53:35","modified_gmt":"2026-02-03T20:53:35","slug":"marine-08-blekit-ciemny-polka","status":"publish","type":"product","link":"https:\/\/baldumarket.lt\/lt\/product\/marine-08-blekit-ciemny-polka\/","title":{"rendered":"Marine 08 tamsiai m\u0117lyna \u2013 lentyna"},"content":{"rendered":"<p>Pakabinama lentyna \u201eMarine 08\u201c \u2013 puikus j\u016bs\u0173 interjero papildymas. Ji puikiai tinka vir\u0161 lovos, komodos ar televizoriaus staliuko. Didel\u0117 lentyna suteikia vietos \u012fvairiems daiktams, kuriuos norite eksponuoti. Visi \u201eMarine\u201c kolekcijos baldai yra tamsiai m\u0117lynos spalvos.<br \/>\n\u2022 Pakabinkite kelias lentynas greta arba vien\u0105 po kita, kad sukurtum\u0117te erdvi\u0105 knyg\u0173 lentyn\u0105.<br \/>\n\u2022 Tur\u0117dami plat\u0173 \u201eMarine\u201c bald\u0173 pasirinkim\u0105, galite lengvai apstatyti savo svetain\u0119 ar miegam\u0105j\u012f.<\/p>","protected":false},"excerpt":{"rendered":"<p>Pakabinama lentyna \u201eMarine 08\u201c \u2013 puikus j\u016bs\u0173 interjero papildymas. Ji puikiai tinka vir\u0161 lovos, komodos ar televizoriaus staliuko. D\u0117l didelio lentynos ilgio joje tilps \u012fvair\u016bs daiktai, kuriuos norite eksponuoti. Visi \u201eMarine\u201c kolekcijos baldai yra tamsiai m\u0117lynos spalvos. \u2022 Pakabinkite kelias lentynas greta [\u2026]<\/p>","protected":false},"featured_media":97229,"comment_status":"open","ping_status":"open","template":"","meta":[],"product_brand":[],"product_cat":[9246,1174,2255],"product_tag":[],"class_list":{"0":"post-97228","1":"product","2":"type-product","3":"status-publish","4":"has-post-thumbnail","6":"product_cat-furniture-system-marine-ml-meble","7":"product_cat-hanging-shelves","8":"product_cat-ml-meble","10":"first","11":"instock","12":"purchasable","13":"product-type-simple"},"_links":{"self":[{"href":"https:\/\/baldumarket.lt\/lt\/wp-json\/wp\/v2\/product\/97228","targetHints":{"allow":["GET"]}}],"collection":[{"href":"https:\/\/baldumarket.lt\/lt\/wp-json\/wp\/v2\/product"}],"about":[{"href":"https:\/\/baldumarket.lt\/lt\/wp-json\/wp\/v2\/types\/product"}],"replies":[{"embeddable":true,"href":"https:\/\/baldumarket.lt\/lt\/wp-json\/wp\/v2\/comments?post=97228"}],"wp:featuredmedia":[{"embeddable":true,"href":"https:\/\/baldumarket.lt\/lt\/wp-json\/wp\/v2\/media\/97229"}],"wp:attachment":[{"href":"https:\/\/baldumarket.lt\/lt\/wp-json\/wp\/v2\/media?parent=97228"}],"wp:term":[{"taxonomy":"product_brand","embeddable":true,"href":"https:\/\/baldumarket.lt\/lt\/wp-json\/wp\/v2\/product_brand?post=97228"},{"taxonomy":"product_cat","embeddable":true,"href":"https:\/\/baldumarket.lt\/lt\/wp-json\/wp\/v2\/product_cat?post=97228"},{"taxonomy":"product_tag","embeddable":true,"href":"https:\/\/baldumarket.lt\/lt\/wp-json\/wp\/v2\/product_tag?post=97228"}],"curies":[{"name":"wp","href":"https:\/\/api.w.org\/{rel}","templated":true}]}}