{"id":97210,"date":"2025-12-05T16:22:00","date_gmt":"2025-12-05T13:22:00","guid":{"rendered":"https:\/\/baldumarket.lt\/product\/forest-06-labrador-szafka-nocna-1s\/"},"modified":"2026-04-07T13:40:09","modified_gmt":"2026-04-07T10:40:09","slug":"forest-06-labrador-szafka-nocna-1s","status":"publish","type":"product","link":"https:\/\/baldumarket.lt\/lt\/product\/forest-06-labrador-szafka-nocna-1s\/","title":{"rendered":"Forest 06 labradoro spalvos naktinis staliukas 1S"},"content":{"rendered":"<p>\u201eForest 06\u201c naktinis staliukas \u2013 tobulas baldas \u0161iuolaiki\u0161kam miegamajam. Tvirtas stalvir\u0161is puikiai tinka naktinei lempai. Ant jo galite pastatyti stiklin\u0119 vandens arba pasid\u0117ti miego knyg\u0105. Atvira lentyna puikiai tinka laikra\u0161\u010diams, \u017eurnalams ar kitiems daiktams, kuriuos norite tur\u0117ti po ranka, laikyti. Kompakti\u0161kame stal\u010diuje tilps \u017evak\u0117s, rank\u0173 kremas ir plauk\u0173 \u0161epetys. Visi \u201eForest\u201c kolekcijos baldai pasi\u017eymi harmoningu \u017ealiu \u2013 labradoro \u2013 dekoru. Rankenos, kojel\u0117s ir apatin\u0117s plok\u0161t\u0117s fanera \u2013 d\u0117l savo klasikin\u0117s auksin\u0117s spalvos \u2013 pabr\u0117\u017eia eleganti\u0161k\u0105 ir nesenstant\u012f \u201eForest\u201c bald\u0173 charakter\u012f.<br \/>\n\u2022 Stal\u010di\u0173 b\u0117geliai su patogia pilno i\u0161traukimo funkcija.<br \/>\n\u2022 Auk\u0161tos metalin\u0117s kojel\u0117s palengvina valym\u0105 ir suteikia netrukdom\u0105 prieig\u0105 dulki\u0173 siurbliui.<br \/>\n\u2022 Tur\u0117dami plat\u0173 \u201eForest\u201c bald\u0173 pasirinkim\u0105, galite lengvai apstatyti tiek svetain\u0119, tiek miegam\u0105j\u012f.<\/p>","protected":false},"excerpt":{"rendered":"<p>\u201eForest 06\u201c naktinis staliukas \u2013 tobulas baldas \u0161iuolaikiniam miegamajam. Tvirtas stalvir\u0161is puikiai tinka naktinei lempai. Ant jo galite pastatyti stiklin\u0119 vandens arba pasid\u0117ti knyg\u0105, skirt\u0105 miegui. Atvira lentyna puikiai tinka laikra\u0161\u010diams, \u017eurnalams ar kitiems daiktams, kuriuos norite tur\u0117ti po ranka, laikyti [\u2026]<\/p>","protected":false},"featured_media":97211,"comment_status":"open","ping_status":"open","template":"","meta":[],"product_brand":[],"product_cat":[1176,2255,9221],"product_tag":[],"class_list":{"0":"post-97210","1":"product","2":"type-product","3":"status-publish","4":"has-post-thumbnail","6":"product_cat-bedside-tables","7":"product_cat-ml-meble","8":"product_cat-furniture-system-forest-ml-meble","10":"first","11":"instock","12":"purchasable","13":"product-type-simple"},"_links":{"self":[{"href":"https:\/\/baldumarket.lt\/lt\/wp-json\/wp\/v2\/product\/97210","targetHints":{"allow":["GET"]}}],"collection":[{"href":"https:\/\/baldumarket.lt\/lt\/wp-json\/wp\/v2\/product"}],"about":[{"href":"https:\/\/baldumarket.lt\/lt\/wp-json\/wp\/v2\/types\/product"}],"replies":[{"embeddable":true,"href":"https:\/\/baldumarket.lt\/lt\/wp-json\/wp\/v2\/comments?post=97210"}],"wp:featuredmedia":[{"embeddable":true,"href":"https:\/\/baldumarket.lt\/lt\/wp-json\/wp\/v2\/media\/97211"}],"wp:attachment":[{"href":"https:\/\/baldumarket.lt\/lt\/wp-json\/wp\/v2\/media?parent=97210"}],"wp:term":[{"taxonomy":"product_brand","embeddable":true,"href":"https:\/\/baldumarket.lt\/lt\/wp-json\/wp\/v2\/product_brand?post=97210"},{"taxonomy":"product_cat","embeddable":true,"href":"https:\/\/baldumarket.lt\/lt\/wp-json\/wp\/v2\/product_cat?post=97210"},{"taxonomy":"product_tag","embeddable":true,"href":"https:\/\/baldumarket.lt\/lt\/wp-json\/wp\/v2\/product_tag?post=97210"}],"curies":[{"name":"wp","href":"https:\/\/api.w.org\/{rel}","templated":true}]}}