{"id":97198,"date":"2025-12-05T16:21:48","date_gmt":"2025-12-05T13:21:48","guid":{"rendered":"https:\/\/baldumarket.lt\/product\/forest-08-labrador-polka\/"},"modified":"2026-04-07T13:40:09","modified_gmt":"2026-04-07T10:40:09","slug":"forest-08-labrador-polka","status":"publish","type":"product","link":"https:\/\/baldumarket.lt\/lt\/product\/forest-08-labrador-polka\/","title":{"rendered":"\u201eForest 08\u201c labradoras \u2013 lentyna"},"content":{"rendered":"<p>Pakabinama lentyna \u201eForest 08\u201c \u2013 puikus j\u016bs\u0173 interjero papildymas. Ji puikiai tinka vir\u0161 lovos, komodos ar televizoriaus staliuko. Didel\u0117 lentyna suteikia vietos \u012fvairiems daiktams, kuriuos norite eksponuoti. Visi \u201eForest\u201c kolekcijos baldai pasi\u017eymi harmoningu Labradoro \u017ealios spalvos dekoru.<br \/>\n\u2022 Pakabinkite kelias lentynas greta arba vien\u0105 po kita, kad sukurtum\u0117te erdvi\u0105 knyg\u0173 lentyn\u0105.<br \/>\n\u2022 Tur\u0117dami plat\u0173 \u201eForest\u201c bald\u0173 pasirinkim\u0105, galite lengvai apstatyti tiek svetain\u0119, tiek miegam\u0105j\u012f.<\/p>","protected":false},"excerpt":{"rendered":"<p>Pakabinama lentyna \u201eForest 08\u201c \u2013 puikus j\u016bs\u0173 interjero papildymas. Ji puikiai tinka vir\u0161 lovos, komodos ar televizoriaus staliuko. D\u0117l didelio lentynos ilgio tilps \u012fvair\u016bs daiktai, kuriuos norite eksponuoti. Visi \u201eForest\u201c kolekcijos baldai pasi\u017eymi harmoningu Labradoro \u017ealios spalvos dekoru. \u2022 Pakabinkite kelias lentynas greta [\u2026]<\/p>","protected":false},"featured_media":97199,"comment_status":"open","ping_status":"open","template":"","meta":[],"product_brand":[],"product_cat":[2255,9221,1175],"product_tag":[],"class_list":{"0":"post-97198","1":"product","2":"type-product","3":"status-publish","4":"has-post-thumbnail","6":"product_cat-ml-meble","7":"product_cat-furniture-system-forest-ml-meble","8":"product_cat-tv-stands","10":"first","11":"instock","12":"purchasable","13":"product-type-simple"},"_links":{"self":[{"href":"https:\/\/baldumarket.lt\/lt\/wp-json\/wp\/v2\/product\/97198","targetHints":{"allow":["GET"]}}],"collection":[{"href":"https:\/\/baldumarket.lt\/lt\/wp-json\/wp\/v2\/product"}],"about":[{"href":"https:\/\/baldumarket.lt\/lt\/wp-json\/wp\/v2\/types\/product"}],"replies":[{"embeddable":true,"href":"https:\/\/baldumarket.lt\/lt\/wp-json\/wp\/v2\/comments?post=97198"}],"wp:featuredmedia":[{"embeddable":true,"href":"https:\/\/baldumarket.lt\/lt\/wp-json\/wp\/v2\/media\/97199"}],"wp:attachment":[{"href":"https:\/\/baldumarket.lt\/lt\/wp-json\/wp\/v2\/media?parent=97198"}],"wp:term":[{"taxonomy":"product_brand","embeddable":true,"href":"https:\/\/baldumarket.lt\/lt\/wp-json\/wp\/v2\/product_brand?post=97198"},{"taxonomy":"product_cat","embeddable":true,"href":"https:\/\/baldumarket.lt\/lt\/wp-json\/wp\/v2\/product_cat?post=97198"},{"taxonomy":"product_tag","embeddable":true,"href":"https:\/\/baldumarket.lt\/lt\/wp-json\/wp\/v2\/product_tag?post=97198"}],"curies":[{"name":"wp","href":"https:\/\/api.w.org\/{rel}","templated":true}]}}