{"id":97191,"date":"2025-12-05T16:21:42","date_gmt":"2025-12-05T13:21:42","guid":{"rendered":"https:\/\/baldumarket.lt\/product\/goldin-10-bialy-alpejski-bialy-polysk-toaletka\/"},"modified":"2026-02-03T23:53:35","modified_gmt":"2026-02-03T20:53:35","slug":"goldin-10-bialy-alpejski-bialy-polysk-toaletka","status":"publish","type":"product","link":"https:\/\/baldumarket.lt\/lt\/product\/goldin-10-bialy-alpejski-bialy-polysk-toaletka\/","title":{"rendered":"Goldin 10 Alpi\u0173 balta\/blizgi balta \u2013 Tualetinis staliukas"},"content":{"rendered":"<p>\u201eGoldin 10\u201c tualetinis staliukas \u2013 gra\u017eus ir funkcionalus baldas j\u016bs\u0173 svajoni\u0173 miegamajam. Eleganti\u0161kas baltas dizainas su auksiniais, brangakmenius primenan\u010diais elementais puikiai tinka makia\u017eui ar vakarinei odos prie\u017ei\u016brai. Po pla\u010diu stalvir\u0161iu, puikiai tinkan\u010diu kvepalams ar m\u0117gstamoms g\u0117l\u0117ms eksponuoti, slypi erdvus stal\u010dius. \u010cia laikykite kosmetik\u0105 ar kitus smulkius daiktus, palaikydami tvark\u0105 savo erdv\u0117je. \u201eGoldin 10\u201c taip pat gali b\u016bti naudojamas kaip konsolinis staliukas arba ma\u017eas ra\u0161omasis staliukas.<br \/>\n\u2022 Eleganti\u0161kas dizainas.<br \/>\n\u2022 Labai funkcionalus.<br \/>\n\u2022 \u0160velnaus u\u017edarymo sistema.<br \/>\n\u2022 Pilnai i\u0161traukiamas stal\u010dius.<br \/>\n\u2022 Frezuoti fasadai ir MDF stalvir\u0161is.<\/p>","protected":false},"excerpt":{"rendered":"<p>\u201eGoldin 10\u201c tualetinis staliukas \u2013 gra\u017eus ir funkcionalus baldas j\u016bs\u0173 svajoni\u0173 miegamajam. Eleganti\u0161kas baltas dizainas su auksiniais, brangakmenius primenan\u010diais elementais puikiai tinka makia\u017eui ar vakarinei odos prie\u017ei\u016brai. Po pla\u010diu stalvir\u0161iu, puikiai tinkan\u010diu kvepalams ar m\u0117gstamoms g\u0117l\u0117ms eksponuoti, yra erdvus stal\u010dius. Laikykite kosmetik\u0105 ar kitus smulkius daiktus [\u2026]<\/p>","protected":false},"featured_media":97192,"comment_status":"open","ping_status":"open","template":"","meta":[],"product_brand":[],"product_cat":[9250,1237,2255],"product_tag":[],"class_list":{"0":"post-97191","1":"product","2":"type-product","3":"status-publish","4":"has-post-thumbnail","6":"product_cat-furniture-system-goldin-ml-meble","7":"product_cat-dressing-tables","8":"product_cat-ml-meble","10":"first","11":"instock","12":"purchasable","13":"product-type-simple"},"_links":{"self":[{"href":"https:\/\/baldumarket.lt\/lt\/wp-json\/wp\/v2\/product\/97191","targetHints":{"allow":["GET"]}}],"collection":[{"href":"https:\/\/baldumarket.lt\/lt\/wp-json\/wp\/v2\/product"}],"about":[{"href":"https:\/\/baldumarket.lt\/lt\/wp-json\/wp\/v2\/types\/product"}],"replies":[{"embeddable":true,"href":"https:\/\/baldumarket.lt\/lt\/wp-json\/wp\/v2\/comments?post=97191"}],"wp:featuredmedia":[{"embeddable":true,"href":"https:\/\/baldumarket.lt\/lt\/wp-json\/wp\/v2\/media\/97192"}],"wp:attachment":[{"href":"https:\/\/baldumarket.lt\/lt\/wp-json\/wp\/v2\/media?parent=97191"}],"wp:term":[{"taxonomy":"product_brand","embeddable":true,"href":"https:\/\/baldumarket.lt\/lt\/wp-json\/wp\/v2\/product_brand?post=97191"},{"taxonomy":"product_cat","embeddable":true,"href":"https:\/\/baldumarket.lt\/lt\/wp-json\/wp\/v2\/product_cat?post=97191"},{"taxonomy":"product_tag","embeddable":true,"href":"https:\/\/baldumarket.lt\/lt\/wp-json\/wp\/v2\/product_tag?post=97191"}],"curies":[{"name":"wp","href":"https:\/\/api.w.org\/{rel}","templated":true}]}}