{"id":97183,"date":"2025-12-05T16:21:34","date_gmt":"2025-12-05T13:21:34","guid":{"rendered":"https:\/\/baldumarket.lt\/product\/marine-09-blekit-ciemny-toaletka\/"},"modified":"2026-02-03T23:53:35","modified_gmt":"2026-02-03T20:53:35","slug":"marine-09-blekit-ciemny-toaletka","status":"publish","type":"product","link":"https:\/\/baldumarket.lt\/lt\/product\/marine-09-blekit-ciemny-toaletka\/","title":{"rendered":"Marine 09 tamsiai m\u0117lynas &#8211; tualetinis staliukas"},"content":{"rendered":"<p>\u201eMarine 09\u201c tualetinis staliukas puikiai papildys j\u016bs\u0173 miegam\u0105j\u012f. Didelis stalvir\u0161is leid\u017eia jums pademonstruoti savo kvepal\u0173 kolekcij\u0105 ir laikyti makia\u017e\u0105. Jei pageidaujate minimalistin\u0117s tvarkos, vis\u0105 kosmetik\u0105 galite laikyti erdviame stal\u010diuje, o stalvir\u0161is gali b\u016bti naudojamas kaip vieta, pavyzd\u017eiui, vazai su m\u0117gstamomis g\u0117l\u0117mis pad\u0117ti. Visiems \u201eMarine\u201c kolekcijos baldams b\u016bdinga sodri, tamsiai m\u0117lyna apdaila. Rankenos ir apatin\u0117s plok\u0161t\u0117s fanera, d\u0117l savo klasikin\u0117s auksin\u0117s spalvos, pabr\u0117\u017eia eleganti\u0161k\u0105 ir nesenstant\u012f \u201eMarine\u201c bald\u0173 charakter\u012f.<br \/>\n\u2022 Stal\u010di\u0173 b\u0117geliai su patogia pilno i\u0161traukimo funkcija ir sutvirtintu dugnu, leid\u017eian\u010diu dar daugiau vietos daiktams susid\u0117ti.<br \/>\n\u2022 Tur\u0117dami plat\u0173 \u201eMarine\u201c bald\u0173 pasirinkim\u0105, galite lengvai apstatyti savo svetain\u0119 ir miegam\u0105j\u012f.<\/p>","protected":false},"excerpt":{"rendered":"<p>The Marine 09 dressing table is a perfect addition to your bedroom. The large top allows you to showcase your perfume collection and store makeup. If you prefer minimalistic organization, you can store all your cosmetics in the spacious drawer, and the top can serve as a place to place, for example, a vase of [&hellip;]<\/p>","protected":false},"featured_media":97184,"comment_status":"open","ping_status":"open","template":"","meta":[],"product_brand":[],"product_cat":[9246,1237,2255],"product_tag":[],"class_list":{"0":"post-97183","1":"product","2":"type-product","3":"status-publish","4":"has-post-thumbnail","6":"product_cat-furniture-system-marine-ml-meble","7":"product_cat-dressing-tables","8":"product_cat-ml-meble","10":"first","11":"instock","12":"purchasable","13":"product-type-simple"},"_links":{"self":[{"href":"https:\/\/baldumarket.lt\/lt\/wp-json\/wp\/v2\/product\/97183","targetHints":{"allow":["GET"]}}],"collection":[{"href":"https:\/\/baldumarket.lt\/lt\/wp-json\/wp\/v2\/product"}],"about":[{"href":"https:\/\/baldumarket.lt\/lt\/wp-json\/wp\/v2\/types\/product"}],"replies":[{"embeddable":true,"href":"https:\/\/baldumarket.lt\/lt\/wp-json\/wp\/v2\/comments?post=97183"}],"wp:featuredmedia":[{"embeddable":true,"href":"https:\/\/baldumarket.lt\/lt\/wp-json\/wp\/v2\/media\/97184"}],"wp:attachment":[{"href":"https:\/\/baldumarket.lt\/lt\/wp-json\/wp\/v2\/media?parent=97183"}],"wp:term":[{"taxonomy":"product_brand","embeddable":true,"href":"https:\/\/baldumarket.lt\/lt\/wp-json\/wp\/v2\/product_brand?post=97183"},{"taxonomy":"product_cat","embeddable":true,"href":"https:\/\/baldumarket.lt\/lt\/wp-json\/wp\/v2\/product_cat?post=97183"},{"taxonomy":"product_tag","embeddable":true,"href":"https:\/\/baldumarket.lt\/lt\/wp-json\/wp\/v2\/product_tag?post=97183"}],"curies":[{"name":"wp","href":"https:\/\/api.w.org\/{rel}","templated":true}]}}