{"id":97179,"date":"2025-12-05T16:21:30","date_gmt":"2025-12-05T13:21:30","guid":{"rendered":"https:\/\/baldumarket.lt\/product\/tris-05-dab-artisan-czarny-regal\/"},"modified":"2026-02-03T23:53:35","modified_gmt":"2026-02-03T20:53:35","slug":"tris-05-dab-artisan-czarny-regal","status":"publish","type":"product","link":"https:\/\/baldumarket.lt\/lt\/product\/tris-05-dab-artisan-czarny-regal\/","title":{"rendered":"TRIS 05 artisan \u0105\u017euolo\/juodos spalvos lentyna"},"content":{"rendered":"<p>\u201eTris 05\u201c knyg\u0173 lentyna \u2013 tai baldas, kuris puikiai papildys modern\u0173 interjer\u0105. Penkiose, \u012fvairiais intervalais i\u0161d\u0117stytose lentynose galite eksponuoti ne tik m\u0117gstam\u0105 knyg\u0173 kolekcij\u0105, bet ir kelioni\u0173 suvenyrus bei unikalius aksesuarus. Dvi didel\u0117s lentynos apa\u010dioje puikiai tinka didesn\u0117ms knygoms ir stambiagabaritiniams daiktams. Vir\u0161utin\u0117 erdv\u0117 puikiai tinka nuotraukoms, \u017eurnalams ir ma\u017eesniems aksesuarams eksponuoti. \u0160is baldas buvo sukurtas atsi\u017evelgiant \u012f minimalizm\u0105. Auk\u0161tos kokyb\u0117s med\u017eiagos, paprasta forma ir funkcionalumas \u2013 tai \u201eTris\u201c kolekcijos esm\u0117.<br \/>\n\u2022 Funkcional\u016bs baldai minimalistin\u0117s formos<br \/>\n\u2022 Auk\u0161tos kokyb\u0117s laminuota plok\u0161t\u0117<br \/>\n\u2022 Unikalus dizainas, kuris pritrauks j\u016bs\u0173 sve\u010di\u0173 ak\u012f<\/p>","protected":false},"excerpt":{"rendered":"<p>\u201eTris 05\u201c knyg\u0173 lentyna \u2013 tai baldas, kuris puikiai papildys modern\u0173 interjer\u0105. Penkiose, \u012fvairiais intervalais i\u0161d\u0117stytose lentynose galite eksponuoti ne tik m\u0117gstam\u0105 knyg\u0173 kolekcij\u0105, bet ir kelioni\u0173 suvenyrus bei unikalius aksesuarus. Dvi didel\u0117s lentynos apa\u010dioje puikiai tinka didesn\u0117ms knygoms ir dideli\u0173 gabarit\u0173 daiktams. [\u2026]<\/p>","protected":false},"featured_media":97180,"comment_status":"open","ping_status":"open","template":"","meta":[],"product_brand":[],"product_cat":[9237,2255,1987],"product_tag":[],"class_list":{"0":"post-97179","1":"product","2":"type-product","3":"status-publish","4":"has-post-thumbnail","6":"product_cat-furniture-system-tris-ml-meble","7":"product_cat-ml-meble","8":"product_cat-shelving-units","10":"first","11":"instock","12":"purchasable","13":"product-type-simple"},"_links":{"self":[{"href":"https:\/\/baldumarket.lt\/lt\/wp-json\/wp\/v2\/product\/97179","targetHints":{"allow":["GET"]}}],"collection":[{"href":"https:\/\/baldumarket.lt\/lt\/wp-json\/wp\/v2\/product"}],"about":[{"href":"https:\/\/baldumarket.lt\/lt\/wp-json\/wp\/v2\/types\/product"}],"replies":[{"embeddable":true,"href":"https:\/\/baldumarket.lt\/lt\/wp-json\/wp\/v2\/comments?post=97179"}],"wp:featuredmedia":[{"embeddable":true,"href":"https:\/\/baldumarket.lt\/lt\/wp-json\/wp\/v2\/media\/97180"}],"wp:attachment":[{"href":"https:\/\/baldumarket.lt\/lt\/wp-json\/wp\/v2\/media?parent=97179"}],"wp:term":[{"taxonomy":"product_brand","embeddable":true,"href":"https:\/\/baldumarket.lt\/lt\/wp-json\/wp\/v2\/product_brand?post=97179"},{"taxonomy":"product_cat","embeddable":true,"href":"https:\/\/baldumarket.lt\/lt\/wp-json\/wp\/v2\/product_cat?post=97179"},{"taxonomy":"product_tag","embeddable":true,"href":"https:\/\/baldumarket.lt\/lt\/wp-json\/wp\/v2\/product_tag?post=97179"}],"curies":[{"name":"wp","href":"https:\/\/api.w.org\/{rel}","templated":true}]}}