{"id":97162,"date":"2025-12-05T16:21:13","date_gmt":"2025-12-05T13:21:13","guid":{"rendered":"https:\/\/baldumarket.lt\/product\/glamour-09-bialy-alpejski-komoda\/"},"modified":"2026-02-03T23:53:35","modified_gmt":"2026-02-03T20:53:35","slug":"glamour-09-bialy-alpejski-komoda","status":"publish","type":"product","link":"https:\/\/baldumarket.lt\/lt\/product\/glamour-09-bialy-alpejski-komoda\/","title":{"rendered":"GLAMOUR 09 alpin\u0117 balta &#8211; komoda"},"content":{"rendered":"<p>\u201eGlamour 09\u201c komoda \u2013 tai ma\u017eas, ta\u010diau labai erdvus baldas, kuris puikiai tiks stilingoje svetain\u0117je arba \u012fsp\u016bdingame miegamajame. Spintel\u0119 sudaro dvi didel\u0117s ni\u0161os, kuriose galite lengvai laikyti staltieses, patalyn\u0119 ar kitus nam\u0173 tekstil\u0117s gaminius. Eleganti\u0161kos dvigubos durys u\u017ebaigia dizain\u0105 ir suteikia visam baldui charakterio. Vir\u0161utin\u0117je panel\u0117je yra LED ap\u0161vietimas, kuris ap\u0161vie\u010dia fasadus ir pabr\u0117\u017eia eleganti\u0161k\u0105 frezavim\u0105.<br \/>\n\u2022 Prabangus dizainas<br \/>\n\u2022 Labai funkcionalus.<br \/>\n\u2022 \u0160velnaus u\u017edarymo sistema.<\/p>","protected":false},"excerpt":{"rendered":"<p>The Glamour 09 chest of drawers is a small yet very spacious piece of furniture that will work well in a stylish living room or a striking bedroom. The unit consists of two large alcoves, where you can easily store tablecloths, bedding, or other home textiles. Elegant double doors complete the design, adding character to [&hellip;]<\/p>","protected":false},"featured_media":97163,"comment_status":"open","ping_status":"open","template":"","meta":[],"product_brand":[],"product_cat":[9250,1173,2255],"product_tag":[],"class_list":{"0":"post-97162","1":"product","2":"type-product","3":"status-publish","4":"has-post-thumbnail","6":"product_cat-furniture-system-goldin-ml-meble","7":"product_cat-chests-of-drawers","8":"product_cat-ml-meble","10":"first","11":"instock","12":"purchasable","13":"product-type-simple"},"_links":{"self":[{"href":"https:\/\/baldumarket.lt\/lt\/wp-json\/wp\/v2\/product\/97162","targetHints":{"allow":["GET"]}}],"collection":[{"href":"https:\/\/baldumarket.lt\/lt\/wp-json\/wp\/v2\/product"}],"about":[{"href":"https:\/\/baldumarket.lt\/lt\/wp-json\/wp\/v2\/types\/product"}],"replies":[{"embeddable":true,"href":"https:\/\/baldumarket.lt\/lt\/wp-json\/wp\/v2\/comments?post=97162"}],"wp:featuredmedia":[{"embeddable":true,"href":"https:\/\/baldumarket.lt\/lt\/wp-json\/wp\/v2\/media\/97163"}],"wp:attachment":[{"href":"https:\/\/baldumarket.lt\/lt\/wp-json\/wp\/v2\/media?parent=97162"}],"wp:term":[{"taxonomy":"product_brand","embeddable":true,"href":"https:\/\/baldumarket.lt\/lt\/wp-json\/wp\/v2\/product_brand?post=97162"},{"taxonomy":"product_cat","embeddable":true,"href":"https:\/\/baldumarket.lt\/lt\/wp-json\/wp\/v2\/product_cat?post=97162"},{"taxonomy":"product_tag","embeddable":true,"href":"https:\/\/baldumarket.lt\/lt\/wp-json\/wp\/v2\/product_tag?post=97162"}],"curies":[{"name":"wp","href":"https:\/\/api.w.org\/{rel}","templated":true}]}}