{"id":97155,"date":"2025-12-05T16:21:06","date_gmt":"2025-12-05T13:21:06","guid":{"rendered":"https:\/\/baldumarket.lt\/product\/adagio-10-dab-castello-stolik\/"},"modified":"2026-04-07T14:53:29","modified_gmt":"2026-04-07T11:53:29","slug":"adagio-10-dab-castello-stolik","status":"publish","type":"product","link":"https:\/\/baldumarket.lt\/lt\/product\/adagio-10-dab-castello-stolik\/","title":{"rendered":"Adagio 10 Castello Oak \u2013 Kavos staliukas"},"content":{"rendered":"<p>\u201eAdagio 10\u201c kavos staliukas puikiai papildys j\u016bs\u0173 svetain\u0119. Pastatytas kambario centre, jis taps neatsiejama j\u016bs\u0173 interjero dalimi. Daugiau nei metro ilgio stalvir\u0161is suteikia daug vietos kavos ar arbatos rinkiniams ir m\u0117gstamiausiems \u017eurnalams. Pasl\u0117ptas stal\u010dius suteikia papildomos vietos nuotolinio valdymo pultams ar dokumentams laikyti. \u0160is baldas derina funkcionalum\u0105 ir eleganti\u0161k\u0105 dizain\u0105. Apval\u016bs MDF fasadai, giliai frezuoti korpuso spalvos profiliai ir metalin\u0117s bei chromuotos rankenos \u2013 tai \u201eAdagio\u201c kolekcijos esm\u0117.<br \/>\n\u2022 Funkcionalus baldas su gra\u017eiu dizainu.<br \/>\n\u2022 Stal\u010dius su pilno i\u0161traukimo sistema.<\/p>","protected":false},"excerpt":{"rendered":"<p>\u201eAdagio 10\u201c kavos staliukas puikiai papildys j\u016bs\u0173 svetain\u0119. Pastatytas kambario centre, jis taps neatsiejama j\u016bs\u0173 interjero dalimi. Ant daugiau nei metro ilgio stalvir\u0161io yra daug vietos kavos ar arbatos rinkiniams ir m\u0117gstamiausiems \u017eurnalams. Pasl\u0117ptas stal\u010dius suteikia papildomos vietos nuotolinio valdymo pultams ar dokumentams laikyti. \u0160is stal\u010dius [\u2026]<\/p>","protected":false},"featured_media":97156,"comment_status":"open","ping_status":"open","template":"","meta":[],"product_brand":[],"product_cat":[866,2255,9190],"product_tag":[],"class_list":{"0":"post-97155","1":"product","2":"type-product","3":"status-publish","4":"has-post-thumbnail","6":"product_cat-coffee-tables","7":"product_cat-ml-meble","8":"product_cat-furniture-system-adagio-ml-meble","10":"first","11":"instock","12":"purchasable","13":"product-type-simple"},"_links":{"self":[{"href":"https:\/\/baldumarket.lt\/lt\/wp-json\/wp\/v2\/product\/97155","targetHints":{"allow":["GET"]}}],"collection":[{"href":"https:\/\/baldumarket.lt\/lt\/wp-json\/wp\/v2\/product"}],"about":[{"href":"https:\/\/baldumarket.lt\/lt\/wp-json\/wp\/v2\/types\/product"}],"replies":[{"embeddable":true,"href":"https:\/\/baldumarket.lt\/lt\/wp-json\/wp\/v2\/comments?post=97155"}],"wp:featuredmedia":[{"embeddable":true,"href":"https:\/\/baldumarket.lt\/lt\/wp-json\/wp\/v2\/media\/97156"}],"wp:attachment":[{"href":"https:\/\/baldumarket.lt\/lt\/wp-json\/wp\/v2\/media?parent=97155"}],"wp:term":[{"taxonomy":"product_brand","embeddable":true,"href":"https:\/\/baldumarket.lt\/lt\/wp-json\/wp\/v2\/product_brand?post=97155"},{"taxonomy":"product_cat","embeddable":true,"href":"https:\/\/baldumarket.lt\/lt\/wp-json\/wp\/v2\/product_cat?post=97155"},{"taxonomy":"product_tag","embeddable":true,"href":"https:\/\/baldumarket.lt\/lt\/wp-json\/wp\/v2\/product_tag?post=97155"}],"curies":[{"name":"wp","href":"https:\/\/api.w.org\/{rel}","templated":true}]}}