{"id":97151,"date":"2025-12-05T16:21:01","date_gmt":"2025-12-05T13:21:01","guid":{"rendered":"https:\/\/baldumarket.lt\/product\/adagio-09-dab-castello-polka\/"},"modified":"2026-04-07T14:53:29","modified_gmt":"2026-04-07T11:53:29","slug":"adagio-09-dab-castello-polka","status":"publish","type":"product","link":"https:\/\/baldumarket.lt\/lt\/product\/adagio-09-dab-castello-polka\/","title":{"rendered":"Adagio 09 \u0105\u017euolo spalvos lentyna"},"content":{"rendered":"<p>Pakabinama lentyna \u201eAdagio 09\u201c \u2013 puikus sprendimas u\u017epildyti tu\u0161\u010di\u0105 erdv\u0119 vir\u0161 komodos ar televizoriaus. 124 cm plo\u010dio lentyna suteikia daug vietos m\u0117gstamoms knygoms, fig\u016br\u0117l\u0117ms ar kitiems dekoratyviniams daiktams eksponuoti. \u0160is baldas derina funkcionalum\u0105 ir eleganti\u0161k\u0105 dizain\u0105. Apval\u016bs MDF fasadai, giliai frezuoti korpuso spalvos lipdiniai ir metalin\u0117s bei chromuotos ranken\u0117l\u0117s \u2013 tai \u201eAdagio\u201c kolekcijos esm\u0117.<br \/>\n\u2022 Funkcionalus baldas su gra\u017eiu dizainu.<br \/>\n\u2022 Puikiai dera su \u201eAdagio 05\u201c ir \u201eAdagio 04\u201c komodomis bei \u201eAdagio 07\u201c televizoriaus staliuku.<\/p>","protected":false},"excerpt":{"rendered":"<p>Pakabinama lentyna \u201eAdagio 09\u201c \u2013 puikus sprendimas u\u017epildyti tu\u0161\u010di\u0105 erdv\u0119 vir\u0161 komodos ar televizoriaus. 124 cm plo\u010dio lentyna suteikia daug vietos m\u0117gstamoms knygoms, fig\u016br\u0117l\u0117ms ar kitiems dekoratyviniams daiktams eksponuoti. \u0160is baldas derina funkcionalum\u0105 ir eleganti\u0161k\u0105 dizain\u0105. Apval\u016bs MDF fasadai, giliai frezuoti lipdiniai tokios pa\u010dios spalvos kaip ir korpusas, [\u2026]<\/p>","protected":false},"featured_media":97152,"comment_status":"open","ping_status":"open","template":"","meta":[],"product_brand":[],"product_cat":[1174,2255,9190],"product_tag":[],"class_list":{"0":"post-97151","1":"product","2":"type-product","3":"status-publish","4":"has-post-thumbnail","6":"product_cat-hanging-shelves","7":"product_cat-ml-meble","8":"product_cat-furniture-system-adagio-ml-meble","10":"first","11":"instock","12":"purchasable","13":"product-type-simple"},"_links":{"self":[{"href":"https:\/\/baldumarket.lt\/lt\/wp-json\/wp\/v2\/product\/97151","targetHints":{"allow":["GET"]}}],"collection":[{"href":"https:\/\/baldumarket.lt\/lt\/wp-json\/wp\/v2\/product"}],"about":[{"href":"https:\/\/baldumarket.lt\/lt\/wp-json\/wp\/v2\/types\/product"}],"replies":[{"embeddable":true,"href":"https:\/\/baldumarket.lt\/lt\/wp-json\/wp\/v2\/comments?post=97151"}],"wp:featuredmedia":[{"embeddable":true,"href":"https:\/\/baldumarket.lt\/lt\/wp-json\/wp\/v2\/media\/97152"}],"wp:attachment":[{"href":"https:\/\/baldumarket.lt\/lt\/wp-json\/wp\/v2\/media?parent=97151"}],"wp:term":[{"taxonomy":"product_brand","embeddable":true,"href":"https:\/\/baldumarket.lt\/lt\/wp-json\/wp\/v2\/product_brand?post=97151"},{"taxonomy":"product_cat","embeddable":true,"href":"https:\/\/baldumarket.lt\/lt\/wp-json\/wp\/v2\/product_cat?post=97151"},{"taxonomy":"product_tag","embeddable":true,"href":"https:\/\/baldumarket.lt\/lt\/wp-json\/wp\/v2\/product_tag?post=97151"}],"curies":[{"name":"wp","href":"https:\/\/api.w.org\/{rel}","templated":true}]}}