{"id":97142,"date":"2025-12-05T16:20:53","date_gmt":"2025-12-05T13:20:53","guid":{"rendered":"https:\/\/baldumarket.lt\/product\/adagio-08-dab-castello-dostawka-rtv\/"},"modified":"2026-04-07T14:53:29","modified_gmt":"2026-04-07T11:53:29","slug":"adagio-08-dab-castello-dostawka-rtv","status":"publish","type":"product","link":"https:\/\/baldumarket.lt\/lt\/product\/adagio-08-dab-castello-dostawka-rtv\/","title":{"rendered":"Adagio 08 \u0105\u017euolo spalvos, RTV spintel\u0117"},"content":{"rendered":"<p>\u201eAdagio 08\u201c televizoriaus staliuko prailginimas puikiai tinka ie\u0161kantiems papildomos vietos daiktams laikyti. Pasl\u0117pta ni\u0161a u\u017e dureli\u0173 suteikia daug vietos reikalingiausiems daiktams \u0161alia televizoriaus. Prailginimas taip pat vizualiai i\u0161ple\u010dia televizoriaus staliuko plot\u012f. \u0160is baldas derina funkcionalum\u0105 ir eleganti\u0161k\u0105 dizain\u0105. Apval\u016bs MDF fasadai, giliai frezuoti korpuso spalvos lipdiniai ir metalin\u0117s bei chromuotos rankenos \u2013 tai \u201eAdagio\u201c kolekcijos esm\u0117.<br \/>\n\u2022 Funkcionalus baldas su gra\u017eiu dizainu.<br \/>\n\u2022 \u0160velniai u\u017esidarantys vyriai padidina komfort\u0105.<\/p>","protected":false},"excerpt":{"rendered":"<p>The Adagio 08 TV stand extension is perfect for those looking for additional storage. A hidden recess behind the door provides ample space for essentials near the TV. The extension also visually expands the TV stand. This piece of furniture combines functionality with elegant design. Rounded MDF fronts, deeply milled moldings in the same color [&hellip;]<\/p>","protected":false},"featured_media":97143,"comment_status":"open","ping_status":"open","template":"","meta":[],"product_brand":[],"product_cat":[2255,9190,1175],"product_tag":[],"class_list":{"0":"post-97142","1":"product","2":"type-product","3":"status-publish","4":"has-post-thumbnail","6":"product_cat-ml-meble","7":"product_cat-furniture-system-adagio-ml-meble","8":"product_cat-tv-stands","10":"first","11":"instock","12":"purchasable","13":"product-type-simple"},"_links":{"self":[{"href":"https:\/\/baldumarket.lt\/lt\/wp-json\/wp\/v2\/product\/97142","targetHints":{"allow":["GET"]}}],"collection":[{"href":"https:\/\/baldumarket.lt\/lt\/wp-json\/wp\/v2\/product"}],"about":[{"href":"https:\/\/baldumarket.lt\/lt\/wp-json\/wp\/v2\/types\/product"}],"replies":[{"embeddable":true,"href":"https:\/\/baldumarket.lt\/lt\/wp-json\/wp\/v2\/comments?post=97142"}],"wp:featuredmedia":[{"embeddable":true,"href":"https:\/\/baldumarket.lt\/lt\/wp-json\/wp\/v2\/media\/97143"}],"wp:attachment":[{"href":"https:\/\/baldumarket.lt\/lt\/wp-json\/wp\/v2\/media?parent=97142"}],"wp:term":[{"taxonomy":"product_brand","embeddable":true,"href":"https:\/\/baldumarket.lt\/lt\/wp-json\/wp\/v2\/product_brand?post=97142"},{"taxonomy":"product_cat","embeddable":true,"href":"https:\/\/baldumarket.lt\/lt\/wp-json\/wp\/v2\/product_cat?post=97142"},{"taxonomy":"product_tag","embeddable":true,"href":"https:\/\/baldumarket.lt\/lt\/wp-json\/wp\/v2\/product_tag?post=97142"}],"curies":[{"name":"wp","href":"https:\/\/api.w.org\/{rel}","templated":true}]}}