{"id":97134,"date":"2025-12-05T16:20:45","date_gmt":"2025-12-05T13:20:45","guid":{"rendered":"https:\/\/baldumarket.lt\/product\/adagio-07-dab-castello-szafka-rtv\/"},"modified":"2026-04-07T14:53:29","modified_gmt":"2026-04-07T11:53:29","slug":"adagio-07-dab-castello-szafka-rtv","status":"publish","type":"product","link":"https:\/\/baldumarket.lt\/lt\/product\/adagio-07-dab-castello-szafka-rtv\/","title":{"rendered":"Adagio 07 Castello Oak \u2013 TV spintel\u0117"},"content":{"rendered":"<p>\u201eAdagio 07\u201c televizoriaus staliukas \u2013 puikus baldas j\u016bs\u0173 televizoriui. Pasl\u0117pta ni\u0161a u\u017e dureli\u0173 suteikia erdvi\u0105 erdv\u0119, kuri\u0105 galima dar labiau i\u0161pl\u0117sti naudojant \u201eAdagio 08\u201c prapl\u0117timo blok\u0105. Padidintos talpos stal\u010dius idealiai tinka dokumentams ar multimedijos priedams. Plati, atvira ni\u0161a buvo sukurta galvojant apie viet\u0105 konsolei ar dekoderiui. \u0160is baldas derina funkcionalum\u0105 ir ger\u0105 dizain\u0105. Apval\u016bs MDF fasadai, giliai frezuoti lipdiniai, atitinkantys korpuso spalv\u0105, ir metalin\u0117s bei chromuotos rankenos \u2013 tai \u201eAdagio\u201c kolekcijos esm\u0117.<br \/>\n\u2022 Funkcional\u016bs baldai su gra\u017eiu dizainu.<br \/>\n\u2022 \u0160velniai u\u017esidarantys vyriai didesniam komfortui.<br \/>\n\u2022 Padidintos keliamosios galios stal\u010dius.<br \/>\n\u2022 Pilno i\u0161traukimo stal\u010di\u0173 b\u0117geliai.<\/p>","protected":false},"excerpt":{"rendered":"<p>\u201eAdagio 07\u201c televizoriaus staliukas \u2013 puikus baldas j\u016bs\u0173 televizoriui. Pasl\u0117pta ni\u0161a u\u017e dureli\u0173 suteikia erdvi\u0105 erdv\u0119, kuri\u0105 galima dar labiau i\u0161pl\u0117sti naudojant \u201eAdagio 08\u201c prapl\u0117timo blok\u0105. Padidintos talpos stal\u010dius idealiai tinka dokumentams ar multimedijos priedams. Plati, atvira ni\u0161a buvo sukurta atsi\u017evelgiant \u012f [\u2026]<\/p>","protected":false},"featured_media":97135,"comment_status":"open","ping_status":"open","template":"","meta":[],"product_brand":[],"product_cat":[2255,9190,1175],"product_tag":[],"class_list":{"0":"post-97134","1":"product","2":"type-product","3":"status-publish","4":"has-post-thumbnail","6":"product_cat-ml-meble","7":"product_cat-furniture-system-adagio-ml-meble","8":"product_cat-tv-stands","10":"first","11":"instock","12":"purchasable","13":"product-type-simple"},"_links":{"self":[{"href":"https:\/\/baldumarket.lt\/lt\/wp-json\/wp\/v2\/product\/97134","targetHints":{"allow":["GET"]}}],"collection":[{"href":"https:\/\/baldumarket.lt\/lt\/wp-json\/wp\/v2\/product"}],"about":[{"href":"https:\/\/baldumarket.lt\/lt\/wp-json\/wp\/v2\/types\/product"}],"replies":[{"embeddable":true,"href":"https:\/\/baldumarket.lt\/lt\/wp-json\/wp\/v2\/comments?post=97134"}],"wp:featuredmedia":[{"embeddable":true,"href":"https:\/\/baldumarket.lt\/lt\/wp-json\/wp\/v2\/media\/97135"}],"wp:attachment":[{"href":"https:\/\/baldumarket.lt\/lt\/wp-json\/wp\/v2\/media?parent=97134"}],"wp:term":[{"taxonomy":"product_brand","embeddable":true,"href":"https:\/\/baldumarket.lt\/lt\/wp-json\/wp\/v2\/product_brand?post=97134"},{"taxonomy":"product_cat","embeddable":true,"href":"https:\/\/baldumarket.lt\/lt\/wp-json\/wp\/v2\/product_cat?post=97134"},{"taxonomy":"product_tag","embeddable":true,"href":"https:\/\/baldumarket.lt\/lt\/wp-json\/wp\/v2\/product_tag?post=97134"}],"curies":[{"name":"wp","href":"https:\/\/api.w.org\/{rel}","templated":true}]}}