{"id":97131,"date":"2025-12-05T16:20:43","date_gmt":"2025-12-05T13:20:43","guid":{"rendered":"https:\/\/baldumarket.lt\/product\/caro-26-sonoma-jasna-lustro\/"},"modified":"2026-04-07T13:56:17","modified_gmt":"2026-04-07T10:56:17","slug":"caro-26-sonoma-jasna-lustro","status":"publish","type":"product","link":"https:\/\/baldumarket.lt\/lt\/product\/caro-26-sonoma-jasna-lustro\/","title":{"rendered":"Caro 26 Sonoma \u0161viestuvas \u2013 veidrodis"},"content":{"rendered":"<p>\u201eCaro 26\u201c veidrodis puikiai papildys bet kok\u012f interjer\u0105. Jis puikiai tinka vir\u0161 komodos svetain\u0117je arba vir\u0161 bat\u0173 spintel\u0117s koridoriuje. D\u0117l kompakti\u0161k\u0173 matmen\u0173 jis tinka daugumai kambari\u0173.<br \/>\n\u2022 Klasikinis dizainas.<br \/>\n\u2022 Labai funkcionalus.<br \/>\n\u2022 Lengvas surinkimas.<br \/>\n\u2022 Platus form\u0173 pasirinkimas visoje \u201eCaro\u201c kolekcijoje.<\/p>","protected":false},"excerpt":{"rendered":"<p>\u201eCaro 26\u201c veidrodis puikiai dera prie bet kokio interjero. Jis puikiai tinka vir\u0161 komodos svetain\u0117je arba vir\u0161 bat\u0173 spintel\u0117s koridoriuje. D\u0117l kompakti\u0161k\u0173 matmen\u0173 jis tinka daugumai kambari\u0173. \u2022 Klasikinis dizainas. \u2022 Labai funkcionalus. \u2022 Lengvas surinkimas. \u2022 Platus form\u0173 pasirinkimas [\u2026]<\/p>","protected":false},"featured_media":97132,"comment_status":"open","ping_status":"open","template":"","meta":[],"product_brand":[],"product_cat":[1108,2255,9226],"product_tag":[],"class_list":{"0":"post-97131","1":"product","2":"type-product","3":"status-publish","4":"has-post-thumbnail","6":"product_cat-mirrors","7":"product_cat-ml-meble","8":"product_cat-furniture-system-caro-ml-meble","10":"first","11":"instock","12":"purchasable","13":"product-type-simple"},"_links":{"self":[{"href":"https:\/\/baldumarket.lt\/lt\/wp-json\/wp\/v2\/product\/97131","targetHints":{"allow":["GET"]}}],"collection":[{"href":"https:\/\/baldumarket.lt\/lt\/wp-json\/wp\/v2\/product"}],"about":[{"href":"https:\/\/baldumarket.lt\/lt\/wp-json\/wp\/v2\/types\/product"}],"replies":[{"embeddable":true,"href":"https:\/\/baldumarket.lt\/lt\/wp-json\/wp\/v2\/comments?post=97131"}],"wp:featuredmedia":[{"embeddable":true,"href":"https:\/\/baldumarket.lt\/lt\/wp-json\/wp\/v2\/media\/97132"}],"wp:attachment":[{"href":"https:\/\/baldumarket.lt\/lt\/wp-json\/wp\/v2\/media?parent=97131"}],"wp:term":[{"taxonomy":"product_brand","embeddable":true,"href":"https:\/\/baldumarket.lt\/lt\/wp-json\/wp\/v2\/product_brand?post=97131"},{"taxonomy":"product_cat","embeddable":true,"href":"https:\/\/baldumarket.lt\/lt\/wp-json\/wp\/v2\/product_cat?post=97131"},{"taxonomy":"product_tag","embeddable":true,"href":"https:\/\/baldumarket.lt\/lt\/wp-json\/wp\/v2\/product_tag?post=97131"}],"curies":[{"name":"wp","href":"https:\/\/api.w.org\/{rel}","templated":true}]}}