{"id":97125,"date":"2025-12-05T16:20:37","date_gmt":"2025-12-05T13:20:37","guid":{"rendered":"https:\/\/baldumarket.lt\/product\/caro-19-czarny-wieszak-tapicerowany\/"},"modified":"2026-04-07T13:56:17","modified_gmt":"2026-04-07T10:56:17","slug":"caro-19-czarny-wieszak-tapicerowany","status":"publish","type":"product","link":"https:\/\/baldumarket.lt\/lt\/produktas\/caro-19-czarny-wieszak-tapicerowany\/","title":{"rendered":"Caro 19 Black \u2013 mink\u0161ta pakaba"},"content":{"rendered":"<p>\u201eCaro 19\u201c kabykla paltams \u2013 kompakti\u0161kas baldas bet kokiam prie\u0161kambariui. Mink\u0161tas, apmu\u0161tas pavir\u0161ius suteikia patogi\u0105 atram\u0105. Unikali tekst\u016bra ir dygsniuota dirbtin\u0117 oda suteikia elegancijos bet kokiam interjerui. \u0160\u012f bald\u0105 sudaro penkios kabyklos paltams. \u0160io tipo kabyklos garantuoja greit\u0105 ir lengv\u0105 prieig\u0105 prie reikiam\u0173 drabu\u017ei\u0173.<br \/>\n\u2022 Klasikinis dizainas.<br \/>\n\u2022 Labai funkcionalus.<br \/>\n\u2022 Ergonomi\u0161ki pakabos.<br \/>\n\u2022 Platus stili\u0173 pasirinkimas visoje \u201eCaro\u201c kolekcijoje.<\/p>","protected":false},"excerpt":{"rendered":"<p>\u201eCaro 19\u201c kabykla paltams \u2013 kompakti\u0161kas baldas bet kokiam prie\u0161kambariui. Mink\u0161tas, apmu\u0161tas pavir\u0161ius suteikia jai patogi\u0105 atram\u0105. Unikali tekst\u016bra ir dygsniuota dirbtin\u0117 oda suteikia elegancijos bet kokiam interjerui. \u0160\u012f bald\u0105 sudaro penkios kabyklos paltams. \u0160io tipo kabykla garantuoja greit\u0105 [\u2026]<\/p>","protected":false},"featured_media":97126,"comment_status":"open","ping_status":"open","template":"","meta":[],"product_brand":[],"product_cat":[2255,9226,1137],"product_tag":[],"class_list":{"0":"post-97125","1":"product","2":"type-product","3":"status-publish","4":"has-post-thumbnail","6":"product_cat-ml-meble","7":"product_cat-furniture-system-caro-ml-meble","8":"product_cat-upholstered-panels","10":"first","11":"instock","12":"purchasable","13":"product-type-simple"},"_links":{"self":[{"href":"https:\/\/baldumarket.lt\/lt\/wp-json\/wp\/v2\/product\/97125","targetHints":{"allow":["GET"]}}],"collection":[{"href":"https:\/\/baldumarket.lt\/lt\/wp-json\/wp\/v2\/product"}],"about":[{"href":"https:\/\/baldumarket.lt\/lt\/wp-json\/wp\/v2\/types\/product"}],"replies":[{"embeddable":true,"href":"https:\/\/baldumarket.lt\/lt\/wp-json\/wp\/v2\/comments?post=97125"}],"wp:featuredmedia":[{"embeddable":true,"href":"https:\/\/baldumarket.lt\/lt\/wp-json\/wp\/v2\/media\/97126"}],"wp:attachment":[{"href":"https:\/\/baldumarket.lt\/lt\/wp-json\/wp\/v2\/media?parent=97125"}],"wp:term":[{"taxonomy":"product_brand","embeddable":true,"href":"https:\/\/baldumarket.lt\/lt\/wp-json\/wp\/v2\/product_brand?post=97125"},{"taxonomy":"product_cat","embeddable":true,"href":"https:\/\/baldumarket.lt\/lt\/wp-json\/wp\/v2\/product_cat?post=97125"},{"taxonomy":"product_tag","embeddable":true,"href":"https:\/\/baldumarket.lt\/lt\/wp-json\/wp\/v2\/product_tag?post=97125"}],"curies":[{"name":"wp","href":"https:\/\/api.w.org\/{rel}","templated":true}]}}