{"id":97119,"date":"2025-12-05T16:20:30","date_gmt":"2025-12-05T13:20:30","guid":{"rendered":"https:\/\/baldumarket.lt\/product\/caro-17-sonoma-jasna-wieszak\/"},"modified":"2026-04-07T14:33:42","modified_gmt":"2026-04-07T11:33:42","slug":"caro-17-sonoma-jasna-wieszak","status":"publish","type":"product","link":"https:\/\/baldumarket.lt\/lt\/produktas\/caro-17-sonoma-jasna-wieszak\/","title":{"rendered":"Caro 17 Sonoma \u0161viestuvas \u2013 pakaba"},"content":{"rendered":"<p>\u201eCaro 17\u201c palt\u0173 kabykla \u2013 kompakti\u0161kas baldas bet kokiam prie\u0161kambariui. Paprasto dizaino d\u0117ka ji puikiai dera prie bet kokio interjero. J\u0105 sudaro penkios pakabos vir\u0161utiniams drabu\u017eiams ir vir\u0161utin\u0117 lentyna kepur\u0117ms bei kitiems galvos apdangalams. \u0160io tipo kabykla u\u017etikrina greit\u0105 ir lengv\u0105 prieig\u0105 prie reikiam\u0173 drabu\u017ei\u0173.<br \/>\n\u2022 Klasikinis dizainas.<br \/>\n\u2022 Labai funkcionalus.<br \/>\n\u2022 Ergonomi\u0161ki pakabos.<br \/>\n\u2022 Platus stili\u0173 pasirinkimas visoje \u201eCaro\u201c kolekcijoje.<\/p>","protected":false},"excerpt":{"rendered":"<p>\u201eCaro 17\u201c palt\u0173 kabykla \u2013 kompakti\u0161kas baldas bet kokiam prie\u0161kambariui. Paprasto dizaino d\u0117ka ji puikiai dera prie bet kokio interjero. J\u0105 sudaro penkios pakabos vir\u0161utiniams drabu\u017eiams ir vir\u0161utin\u0117 lentyna kepur\u0117ms bei kitiems galvos apdangalams. \u0160io tipo kabykla u\u017etikrina greit\u0105 ir lengv\u0105 prieig\u0105 prie reikiam\u0173 drabu\u017ei\u0173. \u2022 Klasikin\u0117 [\u2026]<\/p>","protected":false},"featured_media":97120,"comment_status":"open","ping_status":"open","template":"","meta":[],"product_brand":[],"product_cat":[1931,2255,9226],"product_tag":[],"class_list":{"0":"post-97119","1":"product","2":"type-product","3":"status-publish","4":"has-post-thumbnail","6":"product_cat-hangers","7":"product_cat-ml-meble","8":"product_cat-furniture-system-caro-ml-meble","10":"first","11":"instock","12":"purchasable","13":"product-type-simple"},"_links":{"self":[{"href":"https:\/\/baldumarket.lt\/lt\/wp-json\/wp\/v2\/product\/97119","targetHints":{"allow":["GET"]}}],"collection":[{"href":"https:\/\/baldumarket.lt\/lt\/wp-json\/wp\/v2\/product"}],"about":[{"href":"https:\/\/baldumarket.lt\/lt\/wp-json\/wp\/v2\/types\/product"}],"replies":[{"embeddable":true,"href":"https:\/\/baldumarket.lt\/lt\/wp-json\/wp\/v2\/comments?post=97119"}],"wp:featuredmedia":[{"embeddable":true,"href":"https:\/\/baldumarket.lt\/lt\/wp-json\/wp\/v2\/media\/97120"}],"wp:attachment":[{"href":"https:\/\/baldumarket.lt\/lt\/wp-json\/wp\/v2\/media?parent=97119"}],"wp:term":[{"taxonomy":"product_brand","embeddable":true,"href":"https:\/\/baldumarket.lt\/lt\/wp-json\/wp\/v2\/product_brand?post=97119"},{"taxonomy":"product_cat","embeddable":true,"href":"https:\/\/baldumarket.lt\/lt\/wp-json\/wp\/v2\/product_cat?post=97119"},{"taxonomy":"product_tag","embeddable":true,"href":"https:\/\/baldumarket.lt\/lt\/wp-json\/wp\/v2\/product_tag?post=97119"}],"curies":[{"name":"wp","href":"https:\/\/api.w.org\/{rel}","templated":true}]}}