{"id":97113,"date":"2025-12-05T16:20:23","date_gmt":"2025-12-05T13:20:23","guid":{"rendered":"https:\/\/baldumarket.lt\/product\/caro-16-sonoma-jasna-szafa\/"},"modified":"2026-04-07T14:33:42","modified_gmt":"2026-04-07T11:33:42","slug":"caro-16-sonoma-jasna-szafa","status":"publish","type":"product","link":"https:\/\/baldumarket.lt\/lt\/produktas\/caro-16-sonoma-jasna-szafa\/","title":{"rendered":"Caro 16 Sonoma \u0161viestuvas \u2013 spinta"},"content":{"rendered":"<p>\u201eCaro 16\u201c spinta \u2013 kompakti\u0161kas baldas bet kokiam prie\u0161kambariui. D\u0117l kompakti\u0161ko dizaino, patogios i\u0161traukiamos pakabos, puikiai tinkan\u010dios vir\u0161utiniams drabu\u017eiams, yra daug vietos daiktams susid\u0117ti. Spintos vir\u0161uje ir apa\u010dioje yra erdvios ni\u0161os, puikiai tinkan\u010dios tokiems daiktams kaip krep\u0161iai, kuprin\u0117s ar kepur\u0117s laikyti. Duris galima atidaryti i\u0161 de\u0161in\u0117s arba kair\u0117s, atsi\u017evelgiant \u012f j\u016bs\u0173 poreikius.<br \/>\n\u2022 Klasikinis dizainas.<br \/>\n\u2022 Labai funkcionalus.<br \/>\n\u2022 Ergonomi\u0161kos rankenos.<br \/>\n\u2022 Platus stili\u0173 pasirinkimas visoje \u201eCaro\u201c kolekcijoje.<\/p>","protected":false},"excerpt":{"rendered":"<p>\u201eCaro 16\u201c spinta \u2013 kompakti\u0161kas baldas bet kokiam prie\u0161kambariui. D\u0117l kompakti\u0161ko dizaino ji si\u016blo daug vietos daiktams susid\u0117ti, nes turi patogi\u0105 i\u0161traukiam\u0105 pakab\u0105, puikiai tinkan\u010di\u0105 vir\u0161utiniams drabu\u017eiams. Spintos vir\u0161uje ir apa\u010dioje yra erdvios ni\u0161os, puikiai tinkan\u010dios tokiems daiktams kaip krep\u0161iai, kuprin\u0117s ar kepur\u0117s laikyti. Duris galima atidaryti i\u0161 [\u2026]<\/p>","protected":false},"featured_media":97114,"comment_status":"open","ping_status":"open","template":"","meta":[],"product_brand":[],"product_cat":[2255,9226,2006],"product_tag":[],"class_list":{"0":"post-97113","1":"product","2":"type-product","3":"status-publish","4":"has-post-thumbnail","6":"product_cat-ml-meble","7":"product_cat-furniture-system-caro-ml-meble","8":"product_cat-vitrines","10":"first","11":"instock","12":"purchasable","13":"product-type-simple"},"_links":{"self":[{"href":"https:\/\/baldumarket.lt\/lt\/wp-json\/wp\/v2\/product\/97113","targetHints":{"allow":["GET"]}}],"collection":[{"href":"https:\/\/baldumarket.lt\/lt\/wp-json\/wp\/v2\/product"}],"about":[{"href":"https:\/\/baldumarket.lt\/lt\/wp-json\/wp\/v2\/types\/product"}],"replies":[{"embeddable":true,"href":"https:\/\/baldumarket.lt\/lt\/wp-json\/wp\/v2\/comments?post=97113"}],"wp:featuredmedia":[{"embeddable":true,"href":"https:\/\/baldumarket.lt\/lt\/wp-json\/wp\/v2\/media\/97114"}],"wp:attachment":[{"href":"https:\/\/baldumarket.lt\/lt\/wp-json\/wp\/v2\/media?parent=97113"}],"wp:term":[{"taxonomy":"product_brand","embeddable":true,"href":"https:\/\/baldumarket.lt\/lt\/wp-json\/wp\/v2\/product_brand?post=97113"},{"taxonomy":"product_cat","embeddable":true,"href":"https:\/\/baldumarket.lt\/lt\/wp-json\/wp\/v2\/product_cat?post=97113"},{"taxonomy":"product_tag","embeddable":true,"href":"https:\/\/baldumarket.lt\/lt\/wp-json\/wp\/v2\/product_tag?post=97113"}],"curies":[{"name":"wp","href":"https:\/\/api.w.org\/{rel}","templated":true}]}}