{"id":97106,"date":"2025-12-05T16:20:17","date_gmt":"2025-12-05T13:20:17","guid":{"rendered":"https:\/\/baldumarket.lt\/product\/caro-15-sonoma-jasna-szafka-na-buty\/"},"modified":"2026-04-07T14:33:42","modified_gmt":"2026-04-07T11:33:42","slug":"caro-15-sonoma-jasna-szafka-na-buty","status":"publish","type":"product","link":"https:\/\/baldumarket.lt\/lt\/produktas\/caro-15-sonoma-jasna-szafka-na-buty\/","title":{"rendered":"Caro 15 Sonoma \u0161viestuvas \u2013 bat\u0173 spintel\u0117"},"content":{"rendered":"<p>Auk\u0161ta bat\u0173 spintel\u0117 \u201eCaro 15\u201c \u2013 puikus sprendimas bet kokiam prie\u0161kambariui. Joje yra \u0161e\u0161ios erdvios ni\u0161os, puikiai tinkan\u010dios batams laikyti. Spintel\u0117 atsidaro i\u0161 vir\u0161aus. Durys apr\u016bpintos moderniais dujiniais amortizatoriais, kurie \u017eymiai padidina kasdien\u012f komfort\u0105. Spintel\u0117 turi patog\u0173 stal\u010di\u0173, puikiai tinkant\u012f laikyti tokius daiktus kaip automobilio rakteliai ar bat\u0173 aksesuarai. Kompakti\u0161kas stalvir\u0161is u\u017ebaigia i\u0161vaizd\u0105 \u2013 puikiai tinka eksponuoti m\u0117gstamas dekoracijas ar laikyti smulkius daiktus \u012f\u017eengus \u012f namus.<br \/>\n\u2022 Klasikinis dizainas.<br \/>\n\u2022 Labai funkcionalus.<br \/>\n\u2022 Ergonomi\u0161kos rankenos.<br \/>\n\u2022 Pilnai i\u0161traukiamas stal\u010dius.<br \/>\n\u2022 Reguliuojamas lentynos auk\u0161tis.<br \/>\n\u2022 Platus spinteli\u0173 asortimentas visoje \u201eCaro\u201c kolekcijoje.<\/p>","protected":false},"excerpt":{"rendered":"<p>Auk\u0161ta bat\u0173 spintel\u0117 \u201eCaro 15\u201c \u2013 puikus sprendimas bet kokiam prie\u0161kambariui. Joje yra \u0161e\u0161ios erdvios ni\u0161os, puikiai tinkan\u010dios batams laikyti. Spintel\u0117 atsidaro i\u0161 vir\u0161aus. Durys apr\u016bpintos moderniomis dujin\u0117mis amortizatoriais, kurie \u017eymiai padidina kasdien\u012f komfort\u0105. Spintel\u0117 turi patog\u0173 stal\u010di\u0173, puikiai tinkant\u012f tokiems daiktams kaip automobilio rakteliai [\u2026]<\/p>","protected":false},"featured_media":97107,"comment_status":"open","ping_status":"open","template":"","meta":[],"product_brand":[],"product_cat":[2255,9226,1997],"product_tag":[],"class_list":{"0":"post-97106","1":"product","2":"type-product","3":"status-publish","4":"has-post-thumbnail","6":"product_cat-ml-meble","7":"product_cat-furniture-system-caro-ml-meble","8":"product_cat-shoe-cabinets","10":"first","11":"instock","12":"purchasable","13":"product-type-simple"},"_links":{"self":[{"href":"https:\/\/baldumarket.lt\/lt\/wp-json\/wp\/v2\/product\/97106","targetHints":{"allow":["GET"]}}],"collection":[{"href":"https:\/\/baldumarket.lt\/lt\/wp-json\/wp\/v2\/product"}],"about":[{"href":"https:\/\/baldumarket.lt\/lt\/wp-json\/wp\/v2\/types\/product"}],"replies":[{"embeddable":true,"href":"https:\/\/baldumarket.lt\/lt\/wp-json\/wp\/v2\/comments?post=97106"}],"wp:featuredmedia":[{"embeddable":true,"href":"https:\/\/baldumarket.lt\/lt\/wp-json\/wp\/v2\/media\/97107"}],"wp:attachment":[{"href":"https:\/\/baldumarket.lt\/lt\/wp-json\/wp\/v2\/media?parent=97106"}],"wp:term":[{"taxonomy":"product_brand","embeddable":true,"href":"https:\/\/baldumarket.lt\/lt\/wp-json\/wp\/v2\/product_brand?post=97106"},{"taxonomy":"product_cat","embeddable":true,"href":"https:\/\/baldumarket.lt\/lt\/wp-json\/wp\/v2\/product_cat?post=97106"},{"taxonomy":"product_tag","embeddable":true,"href":"https:\/\/baldumarket.lt\/lt\/wp-json\/wp\/v2\/product_tag?post=97106"}],"curies":[{"name":"wp","href":"https:\/\/api.w.org\/{rel}","templated":true}]}}