{"id":97085,"date":"2025-12-05T16:19:56","date_gmt":"2025-12-05T13:19:56","guid":{"rendered":"https:\/\/baldumarket.lt\/product\/caro-09-sonoma-jasna-szafka-na-buty\/"},"modified":"2026-04-07T14:33:42","modified_gmt":"2026-04-07T11:33:42","slug":"caro-09-sonoma-jasna-szafka-na-buty","status":"publish","type":"product","link":"https:\/\/baldumarket.lt\/lt\/produktas\/caro-09-sonoma-jasna-szafka-na-buty\/","title":{"rendered":"Caro 09 Sonoma \u0161viestuvas &#8211; bat\u0173 spintel\u0117"},"content":{"rendered":"<p>Bat\u0173 spintel\u0117 \u201eCaro 09\u201c \u2013 puikus sprendimas bet kokiam prie\u0161kambariui. Joje yra keturios erdvios ni\u0161os, puikiai tinkan\u010dios batams laikyti. Spintel\u0117 atsidaro i\u0161 vir\u0161aus. Durys apr\u016bpintos moderniais dujiniais amortizatoriais, kurie \u017eymiai padidina kasdienio naudojimo patogum\u0105. Spintel\u0117 turi patog\u0173 stal\u010di\u0173, puikiai tinkant\u012f laikyti tokius daiktus kaip automobilio rakteliai ar bat\u0173 aksesuarai. Kompakti\u0161kas stalvir\u0161is u\u017ebaigia i\u0161vaizd\u0105 \u2013 puikiai tinka eksponuoti m\u0117gstamas dekoracijas ar laikyti smulkius daiktus \u012f\u017eengus \u012f namus.<br \/>\n\u2022 Klasikinis dizainas.<br \/>\n\u2022 Labai funkcionalus.<br \/>\n\u2022 Ergonomi\u0161kos rankenos.<br \/>\n\u2022 Pilnai i\u0161traukiamas stal\u010dius.<br \/>\n\u2022 Reguliuojamas lentynos auk\u0161tis.<br \/>\n\u2022 Platus spinteli\u0173 asortimentas visoje \u201eCaro\u201c kolekcijoje.<\/p>","protected":false},"excerpt":{"rendered":"<p>The Caro 09 shoe cabinet is the perfect solution for any hallway. It features four spacious niches perfect for storing shoes. The cabinet opens from the top. The doors are equipped with modern gas struts, significantly enhancing the comfort of everyday use. The cabinet is finished with a convenient drawer, perfect for storing items like [&hellip;]<\/p>","protected":false},"featured_media":97086,"comment_status":"open","ping_status":"open","template":"","meta":[],"product_brand":[],"product_cat":[2255,9226,1997],"product_tag":[],"class_list":{"0":"post-97085","1":"product","2":"type-product","3":"status-publish","4":"has-post-thumbnail","6":"product_cat-ml-meble","7":"product_cat-furniture-system-caro-ml-meble","8":"product_cat-shoe-cabinets","10":"first","11":"instock","12":"purchasable","13":"product-type-simple"},"_links":{"self":[{"href":"https:\/\/baldumarket.lt\/lt\/wp-json\/wp\/v2\/product\/97085","targetHints":{"allow":["GET"]}}],"collection":[{"href":"https:\/\/baldumarket.lt\/lt\/wp-json\/wp\/v2\/product"}],"about":[{"href":"https:\/\/baldumarket.lt\/lt\/wp-json\/wp\/v2\/types\/product"}],"replies":[{"embeddable":true,"href":"https:\/\/baldumarket.lt\/lt\/wp-json\/wp\/v2\/comments?post=97085"}],"wp:featuredmedia":[{"embeddable":true,"href":"https:\/\/baldumarket.lt\/lt\/wp-json\/wp\/v2\/media\/97086"}],"wp:attachment":[{"href":"https:\/\/baldumarket.lt\/lt\/wp-json\/wp\/v2\/media?parent=97085"}],"wp:term":[{"taxonomy":"product_brand","embeddable":true,"href":"https:\/\/baldumarket.lt\/lt\/wp-json\/wp\/v2\/product_brand?post=97085"},{"taxonomy":"product_cat","embeddable":true,"href":"https:\/\/baldumarket.lt\/lt\/wp-json\/wp\/v2\/product_cat?post=97085"},{"taxonomy":"product_tag","embeddable":true,"href":"https:\/\/baldumarket.lt\/lt\/wp-json\/wp\/v2\/product_tag?post=97085"}],"curies":[{"name":"wp","href":"https:\/\/api.w.org\/{rel}","templated":true}]}}