{"id":97078,"date":"2025-12-05T16:19:50","date_gmt":"2025-12-05T13:19:50","guid":{"rendered":"https:\/\/baldumarket.lt\/product\/caro-08-sonoma-jasna-szafka-na-buty\/"},"modified":"2026-04-07T14:33:42","modified_gmt":"2026-04-07T11:33:42","slug":"caro-08-sonoma-jasna-szafka-na-buty","status":"publish","type":"product","link":"https:\/\/baldumarket.lt\/lt\/produktas\/caro-08-sonoma-jasna-szafka-na-buty\/","title":{"rendered":"Caro 08 Sonoma \u0161viestuvas &#8211; bat\u0173 spintel\u0117"},"content":{"rendered":"<p>Didel\u0117 bat\u0173 spintel\u0117 \u201eCaro 08\u201c \u2013 puikus sprendimas bet kokiam prie\u0161kambariui. Joje yra \u0161e\u0161ios erdvios ni\u0161os, puikiai tinkan\u010dios batams laikyti. De\u0161in\u0117 spintel\u0117s pus\u0117 atsidaro i\u0161 vir\u0161aus. Durys apr\u016bpintos moderniais dujiniais amortizatoriais, kurie \u017eymiai padidina kasdienio naudojimo patogum\u0105. Kair\u0117 pus\u0117 u\u017esidaro klasikin\u0117mis durel\u0117mis. Kompakti\u0161kas stal\u010dius, puikiai tinkantis tokiems daiktams kaip automobilio rakteliai ar bat\u0173 aksesuarai, u\u017ebaigia vaizd\u0105. Platus stalvir\u0161is puikiai tinka m\u0117gstamoms dekoracijoms eksponuoti ar smulkiems daiktams laikyti \u012f\u017eengus \u012f namus.<br \/>\n\u2022 Klasikinis dizainas.<br \/>\n\u2022 Labai funkcionalus.<br \/>\n\u2022 Ergonomi\u0161kos rankenos.<br \/>\n\u2022 Pilnai i\u0161traukiamas stal\u010dius.<br \/>\n\u2022 Reguliuojamas lentynos auk\u0161tis.<br \/>\n\u2022 Platus stili\u0173 pasirinkimas visoje \u201eCaro\u201c kolekcijoje.<\/p>","protected":false},"excerpt":{"rendered":"<p>The large Caro 08 shoe cabinet is the perfect solution for any hallway. It features six spacious niches perfect for storing shoes. The right side of the cabinet opens from the top. The doors are equipped with modern gas struts, significantly increasing the comfort of everyday use. The left side closes with a classic door. [&hellip;]<\/p>","protected":false},"featured_media":97079,"comment_status":"open","ping_status":"open","template":"","meta":[],"product_brand":[],"product_cat":[2255,9226,1997],"product_tag":[],"class_list":{"0":"post-97078","1":"product","2":"type-product","3":"status-publish","4":"has-post-thumbnail","6":"product_cat-ml-meble","7":"product_cat-furniture-system-caro-ml-meble","8":"product_cat-shoe-cabinets","10":"first","11":"instock","12":"purchasable","13":"product-type-simple"},"_links":{"self":[{"href":"https:\/\/baldumarket.lt\/lt\/wp-json\/wp\/v2\/product\/97078","targetHints":{"allow":["GET"]}}],"collection":[{"href":"https:\/\/baldumarket.lt\/lt\/wp-json\/wp\/v2\/product"}],"about":[{"href":"https:\/\/baldumarket.lt\/lt\/wp-json\/wp\/v2\/types\/product"}],"replies":[{"embeddable":true,"href":"https:\/\/baldumarket.lt\/lt\/wp-json\/wp\/v2\/comments?post=97078"}],"wp:featuredmedia":[{"embeddable":true,"href":"https:\/\/baldumarket.lt\/lt\/wp-json\/wp\/v2\/media\/97079"}],"wp:attachment":[{"href":"https:\/\/baldumarket.lt\/lt\/wp-json\/wp\/v2\/media?parent=97078"}],"wp:term":[{"taxonomy":"product_brand","embeddable":true,"href":"https:\/\/baldumarket.lt\/lt\/wp-json\/wp\/v2\/product_brand?post=97078"},{"taxonomy":"product_cat","embeddable":true,"href":"https:\/\/baldumarket.lt\/lt\/wp-json\/wp\/v2\/product_cat?post=97078"},{"taxonomy":"product_tag","embeddable":true,"href":"https:\/\/baldumarket.lt\/lt\/wp-json\/wp\/v2\/product_tag?post=97078"}],"curies":[{"name":"wp","href":"https:\/\/api.w.org\/{rel}","templated":true}]}}