{"id":97072,"date":"2025-12-05T16:19:44","date_gmt":"2025-12-05T13:19:44","guid":{"rendered":"https:\/\/baldumarket.lt\/product\/caro-07-sonoma-jasna-szafka-na-buty\/"},"modified":"2026-04-07T14:33:32","modified_gmt":"2026-04-07T11:33:32","slug":"caro-07-sonoma-jasna-szafka-na-buty","status":"publish","type":"product","link":"https:\/\/baldumarket.lt\/lt\/produktas\/caro-07-sonoma-jasna-szafka-na-buty\/","title":{"rendered":"Caro 07 Sonoma \u0161viestuvas \u2013 bat\u0173 spintel\u0117"},"content":{"rendered":"<p>Bat\u0173 spintel\u0117 \u201eCaro 07\u201c \u2013 puikus sprendimas bet kokiam prie\u0161kambariui. Ji padalinta \u012f dvi dalis \u2013 atvir\u0105 ir u\u017edar\u0105. U\u017e dur\u0173 esan\u010dioje dalyje yra dvi erdvios ni\u0161os, puikiai tinkan\u010dios laikyti tokius daiktus kaip auk\u0161takulniai \u017eieminiai batai. De\u0161in\u0117je spintel\u0117s pus\u0117je yra trys atviros ni\u0161os, kuriose tilps nema\u017eai avalyn\u0117s. Atviros lentynos taip pat suteikia greit\u0105 ir lengv\u0105 prieig\u0105 prie kasdien\u0117s avalyn\u0117s. Spintel\u0117 taip pat naudojama kaip s\u0117dyn\u0117. Mink\u0161tas, apmu\u0161tas stalvir\u0161is leid\u017eia patogiai s\u0117d\u0117ti ir lengvai apsiauti bei nusiauti batus. Be to, \u201eCaro\u201c ra\u0161to dirbtin\u0117 oda suteikia elegancijos bet kokiam interjerui.<br \/>\n\u2022 Klasikinis dizainas.<br \/>\n\u2022 Labai funkcionalus.<br \/>\n\u2022 Patogi s\u0117dyn\u0117.<br \/>\n\u2022 Ergonomi\u0161kos rankenos.<br \/>\n\u2022 Reguliuojamas lentynos auk\u0161tis.<br \/>\n\u2022 Platus stili\u0173 pasirinkimas visoje \u201eCaro\u201c kolekcijoje.<\/p>","protected":false},"excerpt":{"rendered":"<p>Bat\u0173 spintel\u0117 \u201eCaro 07\u201c \u2013 puikus sprendimas bet kokiam prie\u0161kambariui. Ji padalinta \u012f dvi dalis \u2013 atvir\u0105 ir u\u017edar\u0105. U\u017e dur\u0173 esan\u010dioje dalyje yra dvi erdvios ni\u0161os, puikiai tinkan\u010dios laikyti tokius daiktus kaip auk\u0161takulniai \u017eieminiai batai. De\u0161in\u0117je spintel\u0117s pus\u0117je yra trys atviros ni\u0161os, pakankamai didel\u0117s, kad tilpt\u0173 nema\u017eai [\u2026]<\/p>","protected":false},"featured_media":97073,"comment_status":"open","ping_status":"open","template":"","meta":[],"product_brand":[],"product_cat":[2255,9226,1997],"product_tag":[],"class_list":{"0":"post-97072","1":"product","2":"type-product","3":"status-publish","4":"has-post-thumbnail","6":"product_cat-ml-meble","7":"product_cat-furniture-system-caro-ml-meble","8":"product_cat-shoe-cabinets","10":"first","11":"instock","12":"purchasable","13":"product-type-simple"},"_links":{"self":[{"href":"https:\/\/baldumarket.lt\/lt\/wp-json\/wp\/v2\/product\/97072","targetHints":{"allow":["GET"]}}],"collection":[{"href":"https:\/\/baldumarket.lt\/lt\/wp-json\/wp\/v2\/product"}],"about":[{"href":"https:\/\/baldumarket.lt\/lt\/wp-json\/wp\/v2\/types\/product"}],"replies":[{"embeddable":true,"href":"https:\/\/baldumarket.lt\/lt\/wp-json\/wp\/v2\/comments?post=97072"}],"wp:featuredmedia":[{"embeddable":true,"href":"https:\/\/baldumarket.lt\/lt\/wp-json\/wp\/v2\/media\/97073"}],"wp:attachment":[{"href":"https:\/\/baldumarket.lt\/lt\/wp-json\/wp\/v2\/media?parent=97072"}],"wp:term":[{"taxonomy":"product_brand","embeddable":true,"href":"https:\/\/baldumarket.lt\/lt\/wp-json\/wp\/v2\/product_brand?post=97072"},{"taxonomy":"product_cat","embeddable":true,"href":"https:\/\/baldumarket.lt\/lt\/wp-json\/wp\/v2\/product_cat?post=97072"},{"taxonomy":"product_tag","embeddable":true,"href":"https:\/\/baldumarket.lt\/lt\/wp-json\/wp\/v2\/product_tag?post=97072"}],"curies":[{"name":"wp","href":"https:\/\/api.w.org\/{rel}","templated":true}]}}