{"id":97038,"date":"2025-12-05T16:19:07","date_gmt":"2025-12-05T13:19:07","guid":{"rendered":"https:\/\/baldumarket.lt\/product\/caro-02-sonoma-jasna-szafka-na-buty\/"},"modified":"2026-04-07T14:33:32","modified_gmt":"2026-04-07T11:33:32","slug":"caro-02-sonoma-jasna-szafka-na-buty","status":"publish","type":"product","link":"https:\/\/baldumarket.lt\/lt\/produktas\/caro-02-sonoma-jasna-szafka-na-buty\/","title":{"rendered":"Caro 02 Sonoma \u0161viestuvas \u2013 bat\u0173 spintel\u0117"},"content":{"rendered":"<p>Bat\u0173 spintel\u0117 \u201eCaro 02\u201c \u2013 puikus sprendimas bet kokiam prie\u0161kambariui. Spintel\u0117s centre yra dvi erdvios ni\u0161os batams laikyti. Spintel\u0117 u\u017esidaro klasikin\u0117mis durel\u0117mis. Spintel\u0117 taip pat tarnauja kaip s\u0117dyn\u0117. Mink\u0161tas, apmu\u0161tas stalvir\u0161is leid\u017eia patogiai s\u0117d\u0117ti ir lengvai apsiauti bei nusiauti batus. Be to, eko oda su dygsniuotu \u201eCaro\u201c ra\u0161tu suteikia elegancijos bet kokiam interjerui.<br \/>\n\u2022 Klasikinis dizainas.<br \/>\n\u2022 Labai funkcionalus.<br \/>\n\u2022 Patogi s\u0117dyn\u0117.<br \/>\n\u2022 Ergonomi\u0161kos rankenos.<br \/>\n\u2022 Reguliuojamas lentynos auk\u0161tis.<br \/>\n\u2022 Platus stili\u0173 pasirinkimas visoje \u201eCaro\u201c kolekcijoje.<\/p>","protected":false},"excerpt":{"rendered":"<p>Bat\u0173 spintel\u0117 \u201eCaro 02\u201c \u2013 puikus sprendimas bet kokiam prie\u0161kambariui. Spintel\u0117s centre yra dvi erdvios ni\u0161os batams laikyti. Spintel\u0117 u\u017esidaro klasikin\u0117mis durel\u0117mis. Spintel\u0117 taip pat tarnauja kaip s\u0117dyn\u0117. Mink\u0161tas, apmu\u0161tas stalvir\u0161is leid\u017eia patogiai s\u0117d\u0117ti ir lengvai apsiauti ar nusiauti batus.<\/p>","protected":false},"featured_media":97039,"comment_status":"open","ping_status":"open","template":"","meta":[],"product_brand":[],"product_cat":[2255,9226,1997],"product_tag":[],"class_list":{"0":"post-97038","1":"product","2":"type-product","3":"status-publish","4":"has-post-thumbnail","6":"product_cat-ml-meble","7":"product_cat-furniture-system-caro-ml-meble","8":"product_cat-shoe-cabinets","10":"first","11":"instock","12":"purchasable","13":"product-type-simple"},"_links":{"self":[{"href":"https:\/\/baldumarket.lt\/lt\/wp-json\/wp\/v2\/product\/97038","targetHints":{"allow":["GET"]}}],"collection":[{"href":"https:\/\/baldumarket.lt\/lt\/wp-json\/wp\/v2\/product"}],"about":[{"href":"https:\/\/baldumarket.lt\/lt\/wp-json\/wp\/v2\/types\/product"}],"replies":[{"embeddable":true,"href":"https:\/\/baldumarket.lt\/lt\/wp-json\/wp\/v2\/comments?post=97038"}],"wp:featuredmedia":[{"embeddable":true,"href":"https:\/\/baldumarket.lt\/lt\/wp-json\/wp\/v2\/media\/97039"}],"wp:attachment":[{"href":"https:\/\/baldumarket.lt\/lt\/wp-json\/wp\/v2\/media?parent=97038"}],"wp:term":[{"taxonomy":"product_brand","embeddable":true,"href":"https:\/\/baldumarket.lt\/lt\/wp-json\/wp\/v2\/product_brand?post=97038"},{"taxonomy":"product_cat","embeddable":true,"href":"https:\/\/baldumarket.lt\/lt\/wp-json\/wp\/v2\/product_cat?post=97038"},{"taxonomy":"product_tag","embeddable":true,"href":"https:\/\/baldumarket.lt\/lt\/wp-json\/wp\/v2\/product_tag?post=97038"}],"curies":[{"name":"wp","href":"https:\/\/api.w.org\/{rel}","templated":true}]}}