{"id":97027,"date":"2025-12-05T16:18:57","date_gmt":"2025-12-05T13:18:57","guid":{"rendered":"https:\/\/baldumarket.lt\/product\/nevio-22-dab-artisan-polka\/"},"modified":"2026-02-03T23:53:36","modified_gmt":"2026-02-03T20:53:36","slug":"nevio-22-dab-artisan-polka","status":"publish","type":"product","link":"https:\/\/baldumarket.lt\/lt\/produktas\/nevio-22-dab-artisan-polka\/","title":{"rendered":"Nevio 22 Artisan Oak \u2013 Lentyna"},"content":{"rendered":"<p>Pakabinama lentyna NEVIO 22 yra vienas universaliausi\u0173 m\u016bs\u0173 bald\u0173, puikiai tinkantis bet kokiam kambariui.<\/p>\n<p>Stilinga NEVIO lentyna puikiai dera su kitais kolekcijos baldais.<\/p>","protected":false},"excerpt":{"rendered":"<p>Pakabinama lentyna \u201eNEVIO 22\u201c yra vienas universaliausi\u0173 m\u016bs\u0173 bald\u0173, puikiai tinkantis bet kokiam kambariui. Stilinga \u201eNEVIO\u201c lentyna puikiai dera su kitais kolekcijos baldais.<\/p>","protected":false},"featured_media":97028,"comment_status":"open","ping_status":"open","template":"","meta":[],"product_brand":[],"product_cat":[9244,1174,2255],"product_tag":[],"class_list":{"0":"post-97027","1":"product","2":"type-product","3":"status-publish","4":"has-post-thumbnail","6":"product_cat-furniture-system-nevio-ml-meble","7":"product_cat-hanging-shelves","8":"product_cat-ml-meble","10":"first","11":"instock","12":"purchasable","13":"product-type-simple"},"_links":{"self":[{"href":"https:\/\/baldumarket.lt\/lt\/wp-json\/wp\/v2\/product\/97027","targetHints":{"allow":["GET"]}}],"collection":[{"href":"https:\/\/baldumarket.lt\/lt\/wp-json\/wp\/v2\/product"}],"about":[{"href":"https:\/\/baldumarket.lt\/lt\/wp-json\/wp\/v2\/types\/product"}],"replies":[{"embeddable":true,"href":"https:\/\/baldumarket.lt\/lt\/wp-json\/wp\/v2\/comments?post=97027"}],"wp:featuredmedia":[{"embeddable":true,"href":"https:\/\/baldumarket.lt\/lt\/wp-json\/wp\/v2\/media\/97028"}],"wp:attachment":[{"href":"https:\/\/baldumarket.lt\/lt\/wp-json\/wp\/v2\/media?parent=97027"}],"wp:term":[{"taxonomy":"product_brand","embeddable":true,"href":"https:\/\/baldumarket.lt\/lt\/wp-json\/wp\/v2\/product_brand?post=97027"},{"taxonomy":"product_cat","embeddable":true,"href":"https:\/\/baldumarket.lt\/lt\/wp-json\/wp\/v2\/product_cat?post=97027"},{"taxonomy":"product_tag","embeddable":true,"href":"https:\/\/baldumarket.lt\/lt\/wp-json\/wp\/v2\/product_tag?post=97027"}],"curies":[{"name":"wp","href":"https:\/\/api.w.org\/{rel}","templated":true}]}}