{"id":97013,"date":"2025-12-05T16:18:44","date_gmt":"2025-12-05T13:18:44","guid":{"rendered":"https:\/\/baldumarket.lt\/product\/bijou-01-bialy-alpejski-toaletka\/"},"modified":"2026-02-03T23:53:37","modified_gmt":"2026-02-03T20:53:37","slug":"bijou-01-bialy-alpejski-toaletka","status":"publish","type":"product","link":"https:\/\/baldumarket.lt\/lt\/product\/bijou-01-bialy-alpejski-toaletka\/","title":{"rendered":"BIJOU 01 alpinis baltas tualetinis staliukas"},"content":{"rendered":"<p>\u201eBijou 01\u201c tualetinis staliukas pasi\u017eymi dideliu stalvir\u0161iu ir dviem stal\u010diais kosmetikai, aksesuarams ar papuo\u0161alams. Komplekte taip pat yra veidrodis su vertikaliomis LED ap\u0161vietimo juostel\u0117mis, integruotomis \u012f r\u0117m\u0105. Ergonomi\u0161ka forma ir gerai apgalvotas dizainas leid\u017eia puf\u0105 pasl\u0117pti po stalvir\u0161iu, o kompakti\u0161kas dydis leid\u017eia j\u012f naudoti net ma\u017eame miegamajame ar svetain\u0117je. Tvirtai pagamintas tualetinis staliukas, kruop\u0161\u010diai apgalvotas ir stabilios konstrukcijos, leid\u017eia juo d\u017eiaugtis ilgus metus.<br \/>\n\u2022 Eleganti\u0161kas dizainas.<br \/>\n\u2022 Didelis funkcionalumas.<br \/>\n\u2022 Jutiklinis \u0161viesos jungiklis.<br \/>\n\u2022 MDF fasadai.<\/p>","protected":false},"excerpt":{"rendered":"<p>\u201eBijou 01\u201c tualetinis staliukas pasi\u017eymi dideliu stalvir\u0161iu ir dviem stal\u010diais kosmetikai, aksesuarams ar papuo\u0161alams. Komplekte taip pat yra veidrodis su vertikaliomis LED ap\u0161vietimo juostel\u0117mis, integruotomis \u012f r\u0117m\u0105. Ergonomi\u0161ka forma ir gerai apgalvotas dizainas leid\u017eia puf\u0105 pasl\u0117pti po stalvir\u0161iu, o kompakti\u0161kas dydis leid\u017eia j\u012f [\u2026]<\/p>","protected":false},"featured_media":97014,"comment_status":"open","ping_status":"open","template":"","meta":[],"product_brand":[],"product_cat":[1237,2255],"product_tag":[],"class_list":{"0":"post-97013","1":"product","2":"type-product","3":"status-publish","4":"has-post-thumbnail","6":"product_cat-dressing-tables","7":"product_cat-ml-meble","9":"first","10":"instock","11":"purchasable","12":"product-type-simple"},"_links":{"self":[{"href":"https:\/\/baldumarket.lt\/lt\/wp-json\/wp\/v2\/product\/97013","targetHints":{"allow":["GET"]}}],"collection":[{"href":"https:\/\/baldumarket.lt\/lt\/wp-json\/wp\/v2\/product"}],"about":[{"href":"https:\/\/baldumarket.lt\/lt\/wp-json\/wp\/v2\/types\/product"}],"replies":[{"embeddable":true,"href":"https:\/\/baldumarket.lt\/lt\/wp-json\/wp\/v2\/comments?post=97013"}],"wp:featuredmedia":[{"embeddable":true,"href":"https:\/\/baldumarket.lt\/lt\/wp-json\/wp\/v2\/media\/97014"}],"wp:attachment":[{"href":"https:\/\/baldumarket.lt\/lt\/wp-json\/wp\/v2\/media?parent=97013"}],"wp:term":[{"taxonomy":"product_brand","embeddable":true,"href":"https:\/\/baldumarket.lt\/lt\/wp-json\/wp\/v2\/product_brand?post=97013"},{"taxonomy":"product_cat","embeddable":true,"href":"https:\/\/baldumarket.lt\/lt\/wp-json\/wp\/v2\/product_cat?post=97013"},{"taxonomy":"product_tag","embeddable":true,"href":"https:\/\/baldumarket.lt\/lt\/wp-json\/wp\/v2\/product_tag?post=97013"}],"curies":[{"name":"wp","href":"https:\/\/api.w.org\/{rel}","templated":true}]}}