{"id":97001,"date":"2025-12-05T16:18:32","date_gmt":"2025-12-05T13:18:32","guid":{"rendered":"https:\/\/baldumarket.lt\/product\/goldin-08-bialy-alpejski-bialy-polysk-stolik\/"},"modified":"2026-02-03T23:53:37","modified_gmt":"2026-02-03T20:53:37","slug":"goldin-08-bialy-alpejski-bialy-polysk-stolik","status":"publish","type":"product","link":"https:\/\/baldumarket.lt\/lt\/product\/goldin-08-bialy-alpejski-bialy-polysk-stolik\/","title":{"rendered":"Goldin 08 Alpi\u0173 balta\/blizgi balta \u2013 kavos staliukas"},"content":{"rendered":"<p>Modernus GOLDIN 08 stalas vizualiai padidins ir pa\u0161viesins bet kur\u012f kambar\u012f.<\/p>\n<p>Stalas turi dvi atviras ni\u0161as, kuriose galite pasid\u0117ti tokius daiktus kaip laikra\u0161\u010diai ar knygos arba laikyti reikalingiausius daiktus.<\/p>","protected":false},"excerpt":{"rendered":"<p>Modernus GOLDIN 08 stalas vizualiai padidins ir pa\u0161viesins bet kur\u012f kambar\u012f. Stalas turi dvi atviras ni\u0161as, kuriose gal\u0117site pasid\u0117ti tokius daiktus kaip laikra\u0161\u010diai ar knygos arba laikyti reikalingiausius daiktus.<\/p>","protected":false},"featured_media":97002,"comment_status":"open","ping_status":"open","template":"","meta":[],"product_brand":[],"product_cat":[9250,2255,1934],"product_tag":[],"class_list":{"0":"post-97001","1":"product","2":"type-product","3":"status-publish","4":"has-post-thumbnail","6":"product_cat-furniture-system-goldin-ml-meble","7":"product_cat-ml-meble","8":"product_cat-tables","10":"first","11":"instock","12":"purchasable","13":"product-type-simple"},"_links":{"self":[{"href":"https:\/\/baldumarket.lt\/lt\/wp-json\/wp\/v2\/product\/97001","targetHints":{"allow":["GET"]}}],"collection":[{"href":"https:\/\/baldumarket.lt\/lt\/wp-json\/wp\/v2\/product"}],"about":[{"href":"https:\/\/baldumarket.lt\/lt\/wp-json\/wp\/v2\/types\/product"}],"replies":[{"embeddable":true,"href":"https:\/\/baldumarket.lt\/lt\/wp-json\/wp\/v2\/comments?post=97001"}],"wp:featuredmedia":[{"embeddable":true,"href":"https:\/\/baldumarket.lt\/lt\/wp-json\/wp\/v2\/media\/97002"}],"wp:attachment":[{"href":"https:\/\/baldumarket.lt\/lt\/wp-json\/wp\/v2\/media?parent=97001"}],"wp:term":[{"taxonomy":"product_brand","embeddable":true,"href":"https:\/\/baldumarket.lt\/lt\/wp-json\/wp\/v2\/product_brand?post=97001"},{"taxonomy":"product_cat","embeddable":true,"href":"https:\/\/baldumarket.lt\/lt\/wp-json\/wp\/v2\/product_cat?post=97001"},{"taxonomy":"product_tag","embeddable":true,"href":"https:\/\/baldumarket.lt\/lt\/wp-json\/wp\/v2\/product_tag?post=97001"}],"curies":[{"name":"wp","href":"https:\/\/api.w.org\/{rel}","templated":true}]}}