{"id":96992,"date":"2025-12-05T16:18:23","date_gmt":"2025-12-05T13:18:23","guid":{"rendered":"https:\/\/baldumarket.lt\/product\/goldin-07-bialy-alpejski-bialy-polysk-szafka-nocna\/"},"modified":"2026-02-03T23:53:37","modified_gmt":"2026-02-03T20:53:37","slug":"goldin-07-bialy-alpejski-bialy-polysk-szafka-nocna","status":"publish","type":"product","link":"https:\/\/baldumarket.lt\/lt\/product\/goldin-07-bialy-alpejski-bialy-polysk-szafka-nocna\/","title":{"rendered":"Goldin 07 Alpi\u0173 balta\/Blizgi balta \u2013 Naktinis staliukas"},"content":{"rendered":"<p>GOLDIN 07 naktinis staliukas yra b\u016btinas bet kuriame miegamajame.<\/p>\n<p>Puiki apdaila ir eleganti\u0161ka spalva yra tik keli i\u0161 daugelio \u0161io dizaino privalum\u0173, kuris puikiai dera su kitais kolekcijos baldais.<\/p>\n<p>Be to, d\u0117l auk\u0161t\u0173 kojeli\u0173 naktinio stalelio \u0161varos palaikymas nesukels problem\u0173.<\/p>","protected":false},"excerpt":{"rendered":"<p>GOLDIN 07 naktinis staliukas yra b\u016btinas bet kurio miegamojo atributas. Puiki apdaila ir eleganti\u0161ka spalva yra tik keli i\u0161 daugelio \u0161io dizaino privalum\u0173, kuris puikiai dera su kitais kolekcijos baldais. Be to, d\u0117l auk\u0161t\u0173 kojeli\u0173 naktinio staliuko \u0161vara nesukels problem\u0173.<\/p>","protected":false},"featured_media":96993,"comment_status":"open","ping_status":"open","template":"","meta":[],"product_brand":[],"product_cat":[9250,1176,2255],"product_tag":[],"class_list":{"0":"post-96992","1":"product","2":"type-product","3":"status-publish","4":"has-post-thumbnail","6":"product_cat-furniture-system-goldin-ml-meble","7":"product_cat-bedside-tables","8":"product_cat-ml-meble","10":"first","11":"instock","12":"purchasable","13":"product-type-simple"},"_links":{"self":[{"href":"https:\/\/baldumarket.lt\/lt\/wp-json\/wp\/v2\/product\/96992","targetHints":{"allow":["GET"]}}],"collection":[{"href":"https:\/\/baldumarket.lt\/lt\/wp-json\/wp\/v2\/product"}],"about":[{"href":"https:\/\/baldumarket.lt\/lt\/wp-json\/wp\/v2\/types\/product"}],"replies":[{"embeddable":true,"href":"https:\/\/baldumarket.lt\/lt\/wp-json\/wp\/v2\/comments?post=96992"}],"wp:featuredmedia":[{"embeddable":true,"href":"https:\/\/baldumarket.lt\/lt\/wp-json\/wp\/v2\/media\/96993"}],"wp:attachment":[{"href":"https:\/\/baldumarket.lt\/lt\/wp-json\/wp\/v2\/media?parent=96992"}],"wp:term":[{"taxonomy":"product_brand","embeddable":true,"href":"https:\/\/baldumarket.lt\/lt\/wp-json\/wp\/v2\/product_brand?post=96992"},{"taxonomy":"product_cat","embeddable":true,"href":"https:\/\/baldumarket.lt\/lt\/wp-json\/wp\/v2\/product_cat?post=96992"},{"taxonomy":"product_tag","embeddable":true,"href":"https:\/\/baldumarket.lt\/lt\/wp-json\/wp\/v2\/product_tag?post=96992"}],"curies":[{"name":"wp","href":"https:\/\/api.w.org\/{rel}","templated":true}]}}