{"id":96976,"date":"2025-12-05T16:18:05","date_gmt":"2025-12-05T13:18:05","guid":{"rendered":"https:\/\/baldumarket.lt\/product\/nevio-15-dab-artisan-wieszak\/"},"modified":"2026-02-03T23:53:37","modified_gmt":"2026-02-03T20:53:37","slug":"nevio-15-dab-artisan-wieszak","status":"publish","type":"product","link":"https:\/\/baldumarket.lt\/lt\/product\/nevio-15-dab-artisan-wieszak\/","title":{"rendered":"\u201eNevio 15 Artisan Oak\u201c \u2013 pakaba"},"content":{"rendered":"<p>NEVIO 15 kabykla paltams yra labai prakti\u0161kas sprendimas drabu\u017eiams pakabinti.<\/p>\n<p>Svarbus privalumas yra tas, kad j\u012f galima derinti su kitais NEVIO kolekcijos gaminiais, sukuriant gra\u017e\u0173, bet funkcional\u0173 i\u0161d\u0117stym\u0105. Stovas yra visi\u0161kai subalansuotas, o tvirti tvirtinimo laikikliai leid\u017eia saugiai pakabinti net \u0161lapius ir sunkius paltus.<\/p>","protected":false},"excerpt":{"rendered":"<p>NEVIO 15 kabykla paltams \u2013 labai prakti\u0161kas sprendimas drabu\u017eiams pakabinti. Pagrindinis privalumas yra tas, kad j\u0105 galima derinti su kitais NEVIO kolekcijos gaminiais, sukuriant gra\u017e\u0173, bet funkcional\u0173 i\u0161d\u0117stym\u0105. Kabykla yra visi\u0161kai subalansuota, o tvirti tvirtinimo laikikliai leid\u017eia saugiai pakabinti net \u0161lapius ir sunkius [\u2026]<\/p>","protected":false},"featured_media":96977,"comment_status":"open","ping_status":"open","template":"","meta":[],"product_brand":[],"product_cat":[9244,1931,2255],"product_tag":[],"class_list":{"0":"post-96976","1":"product","2":"type-product","3":"status-publish","4":"has-post-thumbnail","6":"product_cat-furniture-system-nevio-ml-meble","7":"product_cat-hangers","8":"product_cat-ml-meble","10":"first","11":"instock","12":"purchasable","13":"product-type-simple"},"_links":{"self":[{"href":"https:\/\/baldumarket.lt\/lt\/wp-json\/wp\/v2\/product\/96976","targetHints":{"allow":["GET"]}}],"collection":[{"href":"https:\/\/baldumarket.lt\/lt\/wp-json\/wp\/v2\/product"}],"about":[{"href":"https:\/\/baldumarket.lt\/lt\/wp-json\/wp\/v2\/types\/product"}],"replies":[{"embeddable":true,"href":"https:\/\/baldumarket.lt\/lt\/wp-json\/wp\/v2\/comments?post=96976"}],"wp:featuredmedia":[{"embeddable":true,"href":"https:\/\/baldumarket.lt\/lt\/wp-json\/wp\/v2\/media\/96977"}],"wp:attachment":[{"href":"https:\/\/baldumarket.lt\/lt\/wp-json\/wp\/v2\/media?parent=96976"}],"wp:term":[{"taxonomy":"product_brand","embeddable":true,"href":"https:\/\/baldumarket.lt\/lt\/wp-json\/wp\/v2\/product_brand?post=96976"},{"taxonomy":"product_cat","embeddable":true,"href":"https:\/\/baldumarket.lt\/lt\/wp-json\/wp\/v2\/product_cat?post=96976"},{"taxonomy":"product_tag","embeddable":true,"href":"https:\/\/baldumarket.lt\/lt\/wp-json\/wp\/v2\/product_tag?post=96976"}],"curies":[{"name":"wp","href":"https:\/\/api.w.org\/{rel}","templated":true}]}}