{"id":96970,"date":"2025-12-05T16:17:59","date_gmt":"2025-12-05T13:17:59","guid":{"rendered":"https:\/\/baldumarket.lt\/product\/tris-01-dab-artisan-czarny-szafka-nocna\/"},"modified":"2026-02-03T23:53:37","modified_gmt":"2026-02-03T20:53:37","slug":"tris-01-dab-artisan-czarny-szafka-nocna","status":"publish","type":"product","link":"https:\/\/baldumarket.lt\/lt\/product\/tris-01-dab-artisan-czarny-szafka-nocna\/","title":{"rendered":"TRIS 01 artisan \u0105\u017euolo\/juodos spalvos naktinis staliukas"},"content":{"rendered":"<p>\u201eTris 01\u201c naktinis staliukas yra b\u016btinas baldas moderniame miegamajame. D\u0117l optimalaus stalvir\u0161io auk\u0161\u010dio reikalingi daiktai visada yra po ranka. Vir\u0161utin\u0117 lentyna puikiai tinka kosmetikai ir knygoms. Apatin\u0117 lentyna suteikia daug vietos laikra\u0161\u010diams ir \u017eurnalams. \u0160is baldas buvo sukurtas galvojant apie minimalizm\u0105. Auk\u0161tos kokyb\u0117s med\u017eiagos, paprasta forma ir funkcionalumas yra \u201eTris\u201c kolekcijos esm\u0117.<br \/>\n\u2022 Funkcional\u016bs baldai minimalistin\u0117s formos<br \/>\n\u2022 Auk\u0161tos kokyb\u0117s laminuota plok\u0161t\u0117<br \/>\n\u2022 Unikalus dizainas, kuris patrauks sve\u010di\u0173 ak\u012f<\/p>","protected":false},"excerpt":{"rendered":"<p>\u201eTris 01\u201c naktinis staliukas yra b\u016btinas baldas moderniame miegamajame. D\u0117l optimalaus stalvir\u0161io auk\u0161\u010dio b\u016btiniausi daiktai visada yra po ranka. Vir\u0161utin\u0117 lentyna puikiai tinka kosmetikai ir knygoms. Apatin\u0117 lentyna suteikia daug vietos laikra\u0161\u010diams ir \u017eurnalams. \u0160is baldas buvo sukurtas atsi\u017evelgiant \u012f minimalizm\u0105. Auk\u0161tos kokyb\u0117s med\u017eiagos, paprastas [\u2026]<\/p>","protected":false},"featured_media":96971,"comment_status":"open","ping_status":"open","template":"","meta":[],"product_brand":[],"product_cat":[9237,1176,2255],"product_tag":[],"class_list":{"0":"post-96970","1":"product","2":"type-product","3":"status-publish","4":"has-post-thumbnail","6":"product_cat-furniture-system-tris-ml-meble","7":"product_cat-bedside-tables","8":"product_cat-ml-meble","10":"first","11":"instock","12":"purchasable","13":"product-type-simple"},"_links":{"self":[{"href":"https:\/\/baldumarket.lt\/lt\/wp-json\/wp\/v2\/product\/96970","targetHints":{"allow":["GET"]}}],"collection":[{"href":"https:\/\/baldumarket.lt\/lt\/wp-json\/wp\/v2\/product"}],"about":[{"href":"https:\/\/baldumarket.lt\/lt\/wp-json\/wp\/v2\/types\/product"}],"replies":[{"embeddable":true,"href":"https:\/\/baldumarket.lt\/lt\/wp-json\/wp\/v2\/comments?post=96970"}],"wp:featuredmedia":[{"embeddable":true,"href":"https:\/\/baldumarket.lt\/lt\/wp-json\/wp\/v2\/media\/96971"}],"wp:attachment":[{"href":"https:\/\/baldumarket.lt\/lt\/wp-json\/wp\/v2\/media?parent=96970"}],"wp:term":[{"taxonomy":"product_brand","embeddable":true,"href":"https:\/\/baldumarket.lt\/lt\/wp-json\/wp\/v2\/product_brand?post=96970"},{"taxonomy":"product_cat","embeddable":true,"href":"https:\/\/baldumarket.lt\/lt\/wp-json\/wp\/v2\/product_cat?post=96970"},{"taxonomy":"product_tag","embeddable":true,"href":"https:\/\/baldumarket.lt\/lt\/wp-json\/wp\/v2\/product_tag?post=96970"}],"curies":[{"name":"wp","href":"https:\/\/api.w.org\/{rel}","templated":true}]}}