{"id":96951,"date":"2025-12-05T16:17:41","date_gmt":"2025-12-05T13:17:41","guid":{"rendered":"https:\/\/baldumarket.lt\/product\/lahti-12-bialy-alpejski-biurko\/"},"modified":"2026-02-03T23:53:38","modified_gmt":"2026-02-03T20:53:38","slug":"lahti-12-bialy-alpejski-biurko","status":"publish","type":"product","link":"https:\/\/baldumarket.lt\/lt\/product\/lahti-12-bialy-alpejski-biurko\/","title":{"rendered":"LAHTI 12 Alpi\u0173 baltas &#8211; Ra\u0161omasis stalas"},"content":{"rendered":"<p>LAHTI 12 ra\u0161omasis stalas \u2013 puikus sprendimas tiek paauglio kampeliui, tiek savo biurui \u012frengti.<\/p>\n<p>Dizainas yra visi\u0161kai subalansuotas ir pritaikytas kasdieniam naudojimui, tod\u0117l idealiai tinka ir nuotoliniam darbui. Pagrindinis dizaino privalumas \u2013 platus vir\u0161us, u\u017etikrinantis patog\u0173 naudojim\u0105.<\/p>","protected":false},"excerpt":{"rendered":"<p>The LAHTI 12 desk is the perfect solution for furnishing both a teenager&#8217;s corner and your own office. The design is fully balanced and adapted to everyday use, making it also ideal for remote work. A key advantage of the design is its wide top, which guarantees comfortable use.<\/p>","protected":false},"featured_media":96952,"comment_status":"open","ping_status":"open","template":"","meta":[],"product_brand":[],"product_cat":[9248,1312,2255],"product_tag":[],"class_list":{"0":"post-96951","1":"product","2":"type-product","3":"status-publish","4":"has-post-thumbnail","6":"product_cat-furniture-system-lahti-ml-meble","7":"product_cat-desks","8":"product_cat-ml-meble","10":"first","11":"instock","12":"purchasable","13":"product-type-simple"},"_links":{"self":[{"href":"https:\/\/baldumarket.lt\/lt\/wp-json\/wp\/v2\/product\/96951","targetHints":{"allow":["GET"]}}],"collection":[{"href":"https:\/\/baldumarket.lt\/lt\/wp-json\/wp\/v2\/product"}],"about":[{"href":"https:\/\/baldumarket.lt\/lt\/wp-json\/wp\/v2\/types\/product"}],"replies":[{"embeddable":true,"href":"https:\/\/baldumarket.lt\/lt\/wp-json\/wp\/v2\/comments?post=96951"}],"wp:featuredmedia":[{"embeddable":true,"href":"https:\/\/baldumarket.lt\/lt\/wp-json\/wp\/v2\/media\/96952"}],"wp:attachment":[{"href":"https:\/\/baldumarket.lt\/lt\/wp-json\/wp\/v2\/media?parent=96951"}],"wp:term":[{"taxonomy":"product_brand","embeddable":true,"href":"https:\/\/baldumarket.lt\/lt\/wp-json\/wp\/v2\/product_brand?post=96951"},{"taxonomy":"product_cat","embeddable":true,"href":"https:\/\/baldumarket.lt\/lt\/wp-json\/wp\/v2\/product_cat?post=96951"},{"taxonomy":"product_tag","embeddable":true,"href":"https:\/\/baldumarket.lt\/lt\/wp-json\/wp\/v2\/product_tag?post=96951"}],"curies":[{"name":"wp","href":"https:\/\/api.w.org\/{rel}","templated":true}]}}