{"id":96931,"date":"2025-12-05T16:17:22","date_gmt":"2025-12-05T13:17:22","guid":{"rendered":"https:\/\/baldumarket.lt\/product\/wklad-podnoszony-do-lozka-wkl160-05-met\/"},"modified":"2026-02-03T23:53:38","modified_gmt":"2026-02-03T20:53:38","slug":"wklad-podnoszony-do-lozka-wkl160-05-met","status":"publish","type":"product","link":"https:\/\/baldumarket.lt\/lt\/product\/wklad-podnoszony-do-lozka-wkl160-05-met\/","title":{"rendered":"Lovos pak\u0117limo \u012fd\u0117klas WKL160-05 MET"},"content":{"rendered":"<p>Auk\u0161tos kokyb\u0117s groteli\u0173 r\u0117mas su ki\u0161ene daiktams susid\u0117ti. Ant metalinio r\u0117mo u\u017ed\u0117jus lenktas medines groteles, sukuriamas naujas daiktad\u0117\u017e\u0117s pavir\u0161ius. Be to, patogios, kont\u016bruotos rankenos u\u017etikrina lengv\u0105 atidarym\u0105.<\/p>","protected":false},"excerpt":{"rendered":"<p>Auk\u0161tos kokyb\u0117s groteli\u0173 r\u0117mas su ki\u0161ene daiktams susid\u0117ti. Ant metalinio r\u0117mo u\u017ed\u0117jus lenktas medines groteles, sukuriamas naujas daiktad\u0117\u017e\u0117s pavir\u0161ius. Be to, patogios, kont\u016bruotos rankenos u\u017etikrina lengv\u0105 atidarym\u0105.<\/p>","protected":false},"featured_media":96932,"comment_status":"open","ping_status":"open","template":"","meta":[],"product_brand":[],"product_cat":[1043,2255],"product_tag":[],"class_list":{"0":"post-96931","1":"product","2":"type-product","3":"status-publish","4":"has-post-thumbnail","6":"product_cat-extras","7":"product_cat-ml-meble","9":"first","10":"instock","11":"purchasable","12":"product-type-simple"},"_links":{"self":[{"href":"https:\/\/baldumarket.lt\/lt\/wp-json\/wp\/v2\/product\/96931","targetHints":{"allow":["GET"]}}],"collection":[{"href":"https:\/\/baldumarket.lt\/lt\/wp-json\/wp\/v2\/product"}],"about":[{"href":"https:\/\/baldumarket.lt\/lt\/wp-json\/wp\/v2\/types\/product"}],"replies":[{"embeddable":true,"href":"https:\/\/baldumarket.lt\/lt\/wp-json\/wp\/v2\/comments?post=96931"}],"wp:featuredmedia":[{"embeddable":true,"href":"https:\/\/baldumarket.lt\/lt\/wp-json\/wp\/v2\/media\/96932"}],"wp:attachment":[{"href":"https:\/\/baldumarket.lt\/lt\/wp-json\/wp\/v2\/media?parent=96931"}],"wp:term":[{"taxonomy":"product_brand","embeddable":true,"href":"https:\/\/baldumarket.lt\/lt\/wp-json\/wp\/v2\/product_brand?post=96931"},{"taxonomy":"product_cat","embeddable":true,"href":"https:\/\/baldumarket.lt\/lt\/wp-json\/wp\/v2\/product_cat?post=96931"},{"taxonomy":"product_tag","embeddable":true,"href":"https:\/\/baldumarket.lt\/lt\/wp-json\/wp\/v2\/product_tag?post=96931"}],"curies":[{"name":"wp","href":"https:\/\/api.w.org\/{rel}","templated":true}]}}