{"id":96929,"date":"2025-12-05T16:17:19","date_gmt":"2025-12-05T13:17:19","guid":{"rendered":"https:\/\/baldumarket.lt\/product\/baltica-28-01-dab-lefkas-czarny-polka\/"},"modified":"2026-04-07T14:47:55","modified_gmt":"2026-04-07T11:47:55","slug":"baltica-28-01-dab-lefkas-czarny-polka","status":"publish","type":"product","link":"https:\/\/baldumarket.lt\/lt\/product\/baltica-28-01-dab-lefkas-czarny-polka\/","title":{"rendered":"BALTICA 28-01 lefkas \u0105\u017euolo\/juodos spalvos lentyna"},"content":{"rendered":"<p>Pakabinama lentyna \u201eBaltica 28\u201c \u2013 puikus j\u016bs\u0173 interjero papildymas. Ji puikiai tinka vir\u0161 komodos ar televizoriaus staliuko. Didel\u0117 lentyna suteikia vietos \u012fvairiems daiktams, kuriuos norite eksponuoti. M\u0117gaukit\u0117s artim\u0173j\u0173 nuotraukomis, m\u0117gstamomis skulpt\u016bromis ar kelioni\u0173 suvenyrais. Be praktini\u0173 savybi\u0173, \u201eBaltica\u201c lentyna taip pat yra madingas ir modernus interjero dizaino elementas.<br \/>\n\u2022 Eleganti\u0161kas dizainas.<br \/>\n\u2022 Labai funkcionalus.<br \/>\n\u2022 Lengvas surinkimas.<br \/>\n\u2022 Platus form\u0173 pasirinkimas visoje \u201eBaltica\u201c kolekcijoje.<\/p>","protected":false},"excerpt":{"rendered":"<p>Pakabinama lentyna \u201eBaltica 28\u201c \u2013 puikus j\u016bs\u0173 interjero papildymas. Ji puikiai tinka vir\u0161 komodos ar televizoriaus staliuko. D\u0117l didelio lentynos ilgio joje tilps \u012fvair\u016bs daiktai, kuriuos norite eksponuoti. M\u0117gaukit\u0117s artim\u0173j\u0173 nuotraukomis, m\u0117gstamomis skulpt\u016bromis ar kelioni\u0173 suvenyrais. Be praktini\u0173 savybi\u0173, \u201eBaltica [\u2026]<\/p>","protected":false},"featured_media":96930,"comment_status":"open","ping_status":"open","template":"","meta":[],"product_brand":[],"product_cat":[1174,2255,9224],"product_tag":[],"class_list":{"0":"post-96929","1":"product","2":"type-product","3":"status-publish","4":"has-post-thumbnail","6":"product_cat-hanging-shelves","7":"product_cat-ml-meble","8":"product_cat-furniture-system-baltica-ml-meble","10":"first","11":"instock","12":"purchasable","13":"product-type-simple"},"_links":{"self":[{"href":"https:\/\/baldumarket.lt\/lt\/wp-json\/wp\/v2\/product\/96929","targetHints":{"allow":["GET"]}}],"collection":[{"href":"https:\/\/baldumarket.lt\/lt\/wp-json\/wp\/v2\/product"}],"about":[{"href":"https:\/\/baldumarket.lt\/lt\/wp-json\/wp\/v2\/types\/product"}],"replies":[{"embeddable":true,"href":"https:\/\/baldumarket.lt\/lt\/wp-json\/wp\/v2\/comments?post=96929"}],"wp:featuredmedia":[{"embeddable":true,"href":"https:\/\/baldumarket.lt\/lt\/wp-json\/wp\/v2\/media\/96930"}],"wp:attachment":[{"href":"https:\/\/baldumarket.lt\/lt\/wp-json\/wp\/v2\/media?parent=96929"}],"wp:term":[{"taxonomy":"product_brand","embeddable":true,"href":"https:\/\/baldumarket.lt\/lt\/wp-json\/wp\/v2\/product_brand?post=96929"},{"taxonomy":"product_cat","embeddable":true,"href":"https:\/\/baldumarket.lt\/lt\/wp-json\/wp\/v2\/product_cat?post=96929"},{"taxonomy":"product_tag","embeddable":true,"href":"https:\/\/baldumarket.lt\/lt\/wp-json\/wp\/v2\/product_tag?post=96929"}],"curies":[{"name":"wp","href":"https:\/\/api.w.org\/{rel}","templated":true}]}}