{"id":96912,"date":"2025-12-05T16:16:59","date_gmt":"2025-12-05T13:16:59","guid":{"rendered":"https:\/\/baldumarket.lt\/product\/nevio-09-dab-artisan-komoda\/"},"modified":"2026-02-03T23:53:38","modified_gmt":"2026-02-03T20:53:38","slug":"nevio-09-dab-artisan-komoda","status":"publish","type":"product","link":"https:\/\/baldumarket.lt\/lt\/product\/nevio-09-dab-artisan-komoda\/","title":{"rendered":"Nevio 09 Artisan Oak \u2013 Komoda"},"content":{"rendered":"<p>Komoda NEVIO 09 \u2013 i\u0161skirtinai prakti\u0161kas sprendimas bet kokiam interjerui. Gra\u017eiai gr\u016bd\u0117ta \u201eArtisan Oak\u201c mediena ir juodos rankenos bei kojel\u0117s sukuria unikal\u0173 derin\u012f. Komoda su erdviais stal\u010diais yra puiki vieta laikyti b\u016btiniausius daiktus. Be to, palaikyti \u0161var\u0105 dar niekada nebuvo taip paprasta \u2013 d\u0117l auk\u0161t\u0173 kojeli\u0173, ant kuri\u0173 telpa klasikinis dulki\u0173 siurblio antgalis, robotas dulki\u0173 siurblys arba \u0161luota.<\/p>","protected":false},"excerpt":{"rendered":"<p>Komoda \u201eNEVIO 09\u201c \u2013 i\u0161skirtinai prakti\u0161kas sprendimas bet kokiam interjerui. Gra\u017eiai ra\u0161tuotas \u201eArtisan Oak\u201c \u0105\u017euolas ir juodos rankenos bei kojel\u0117s sukuria unikal\u0173 derin\u012f. Komoda su erdviais stal\u010diais yra puiki vieta laikyti b\u016btiniausius daiktus. Be to, palaikyti \u0161var\u0105 dar niekada nebuvo taip paprasta, nes yra auk\u0161tos kojel\u0117s, [\u2026]<\/p>","protected":false},"featured_media":96913,"comment_status":"open","ping_status":"open","template":"","meta":[],"product_brand":[],"product_cat":[9244,1173,2255],"product_tag":[],"class_list":{"0":"post-96912","1":"product","2":"type-product","3":"status-publish","4":"has-post-thumbnail","6":"product_cat-furniture-system-nevio-ml-meble","7":"product_cat-chests-of-drawers","8":"product_cat-ml-meble","10":"first","11":"instock","12":"purchasable","13":"product-type-simple"},"_links":{"self":[{"href":"https:\/\/baldumarket.lt\/lt\/wp-json\/wp\/v2\/product\/96912","targetHints":{"allow":["GET"]}}],"collection":[{"href":"https:\/\/baldumarket.lt\/lt\/wp-json\/wp\/v2\/product"}],"about":[{"href":"https:\/\/baldumarket.lt\/lt\/wp-json\/wp\/v2\/types\/product"}],"replies":[{"embeddable":true,"href":"https:\/\/baldumarket.lt\/lt\/wp-json\/wp\/v2\/comments?post=96912"}],"wp:featuredmedia":[{"embeddable":true,"href":"https:\/\/baldumarket.lt\/lt\/wp-json\/wp\/v2\/media\/96913"}],"wp:attachment":[{"href":"https:\/\/baldumarket.lt\/lt\/wp-json\/wp\/v2\/media?parent=96912"}],"wp:term":[{"taxonomy":"product_brand","embeddable":true,"href":"https:\/\/baldumarket.lt\/lt\/wp-json\/wp\/v2\/product_brand?post=96912"},{"taxonomy":"product_cat","embeddable":true,"href":"https:\/\/baldumarket.lt\/lt\/wp-json\/wp\/v2\/product_cat?post=96912"},{"taxonomy":"product_tag","embeddable":true,"href":"https:\/\/baldumarket.lt\/lt\/wp-json\/wp\/v2\/product_tag?post=96912"}],"curies":[{"name":"wp","href":"https:\/\/api.w.org\/{rel}","templated":true}]}}