{"id":96904,"date":"2025-12-05T16:16:50","date_gmt":"2025-12-05T13:16:50","guid":{"rendered":"https:\/\/baldumarket.lt\/product\/drop-14-01-buk-fjord-szara-platyna-biurko\/"},"modified":"2026-04-07T13:40:09","modified_gmt":"2026-04-07T10:40:09","slug":"drop-14-01-buk-fjord-szara-platyna-biurko","status":"publish","type":"product","link":"https:\/\/baldumarket.lt\/lt\/product\/drop-14-01-buk-fjord-szara-platyna-biurko\/","title":{"rendered":"Drop 14-01 fiord buko\/platinos pilkos spalvos ra\u0161omasis stalas"},"content":{"rendered":"<p>Stalas yra vienas strategi\u0161kai svarbiausi\u0173 element\u0173 jaunimo kambaryje. Tai vieta, kur m\u016bs\u0173 vaikas mokosi, skaito, ruo\u0161ia nam\u0173 darbus ar u\u017esiima savo pom\u0117giais. DROP 14 modeliui pasirinkome klasikin\u012f dizain\u0105 su \u0161iek tiek nauju akcentu. Prioritetas buvo \u0161onini\u0173 daiktad\u0117\u017ei\u0173 ergonomika, o dizain\u0105 u\u017ebaigia visi\u0161kai i\u0161traukiamas stal\u010dius. Taip pat verta pamin\u0117ti, kad m\u016bs\u0173 stalas yra visi\u0161kai subalansuotas ir saugus, o kruop\u0161\u010diai laminuotas stalvir\u0161is apsaugo naudojam\u0105 pavir\u0161i\u0173 nuo per didelio nusid\u0117v\u0117jimo. Platus stalvir\u0161is \u2013 119 cm \u2013 ir daug erdv\u0117s kojoms yra papildomos savyb\u0117s, \u012frodan\u010dios stalo ergonomik\u0105.<\/p>","protected":false},"excerpt":{"rendered":"<p>A desk is one of the most strategically important elements in a youth room. It&#8217;s where our child learns, reads, does homework, or pursues their passions. For the DROP 14, we opted for a classic design with a slightly new twist. The ergonomics of the side storage compartments were a priority, and a fully extendable [&hellip;]<\/p>","protected":false},"featured_media":96905,"comment_status":"open","ping_status":"open","template":"","meta":[],"product_brand":[],"product_cat":[1312,2255,9232],"product_tag":[],"class_list":{"0":"post-96904","1":"product","2":"type-product","3":"status-publish","4":"has-post-thumbnail","6":"product_cat-desks","7":"product_cat-ml-meble","8":"product_cat-furniture-system-drop-ml-meble","10":"first","11":"instock","12":"purchasable","13":"product-type-simple"},"_links":{"self":[{"href":"https:\/\/baldumarket.lt\/lt\/wp-json\/wp\/v2\/product\/96904","targetHints":{"allow":["GET"]}}],"collection":[{"href":"https:\/\/baldumarket.lt\/lt\/wp-json\/wp\/v2\/product"}],"about":[{"href":"https:\/\/baldumarket.lt\/lt\/wp-json\/wp\/v2\/types\/product"}],"replies":[{"embeddable":true,"href":"https:\/\/baldumarket.lt\/lt\/wp-json\/wp\/v2\/comments?post=96904"}],"wp:featuredmedia":[{"embeddable":true,"href":"https:\/\/baldumarket.lt\/lt\/wp-json\/wp\/v2\/media\/96905"}],"wp:attachment":[{"href":"https:\/\/baldumarket.lt\/lt\/wp-json\/wp\/v2\/media?parent=96904"}],"wp:term":[{"taxonomy":"product_brand","embeddable":true,"href":"https:\/\/baldumarket.lt\/lt\/wp-json\/wp\/v2\/product_brand?post=96904"},{"taxonomy":"product_cat","embeddable":true,"href":"https:\/\/baldumarket.lt\/lt\/wp-json\/wp\/v2\/product_cat?post=96904"},{"taxonomy":"product_tag","embeddable":true,"href":"https:\/\/baldumarket.lt\/lt\/wp-json\/wp\/v2\/product_tag?post=96904"}],"curies":[{"name":"wp","href":"https:\/\/api.w.org\/{rel}","templated":true}]}}